{"id":2564,"date":"2024-02-06T12:35:16","date_gmt":"2024-02-06T11:35:16","guid":{"rendered":"https:\/\/www.lecalanchiole.it\/animation\/"},"modified":"2025-02-18T15:39:23","modified_gmt":"2025-02-18T14:39:23","slug":"feriedorf-animation-insel-elba","status":"publish","type":"page","link":"https:\/\/www.lecalanchiole.it\/de\/feriedorf-animation-insel-elba\/","title":{"rendered":"Animation"},"content":{"rendered":"<div class=\"wpb-content-wrapper\">[vc_row full_width=&#8221;stretch_row&#8221; content_placement=&#8221;middle&#8221; css=&#8221;.vc_custom_1707237155903{background-image: url(https:\/\/www.lecalanchiole.it\/wp-content\/uploads\/2024\/01\/Vacanze-Famiglia-Isola-dElba.jpg?id=854) !important;background-position: center !important;background-repeat: no-repeat !important;background-size: cover !important;}&#8221; el_class=&#8221;min_height_pag_int&#8221;][vc_column width=&#8221;1\/4&#8243;][\/vc_column][vc_column width=&#8221;1\/2&#8243;][vc_column_text color=&#8221;#ffffff&#8221; el_class=&#8221;page-header-title&#8221;]\n<h1 style=\"text-align: center;\">Feriendorf mit Animation auf der Insel Elba<\/h1>\n[\/vc_column_text][\/vc_column][vc_column width=&#8221;1\/4&#8243;][\/vc_column][\/vc_row][vc_row content_placement=&#8221;middle&#8221; equal_height=&#8221;yes&#8221; el_class=&#8221;mtd120 mtm60&#8243; css=&#8221;.vc_custom_1706898862220{margin-bottom: 30px !important;}&#8221;][vc_column css_animation=&#8221;fadeInLeft&#8221; css=&#8221;.vc_custom_1707214290367{padding-top: 30px !important;padding-right: 30px !important;padding-left: 30px !important;background-position: center !important;background-repeat: no-repeat !important;background-size: contain !important;}&#8221; wpex_bg_position=&#8221;0% 0%&#8221; el_class=&#8221;mtm60&#8243;][vc_row_inner][vc_column_inner width=&#8221;1\/4&#8243;][vc_column_text font_size=&#8221;15px&#8221; text_transform=&#8221;uppercase&#8221; color=&#8221;#f9b233&#8243; letter_spacing=&#8221;wide&#8221; font_weight=&#8221;700&#8243;]Animation und Unterhaltung[\/vc_column_text][vc_column_text css=&#8221;.vc_custom_1707238025531{padding-top: 15px !important;}&#8221; color=&#8221;#4499b8&#8243;]\n<h2>Unendlicher Spa\u00df<\/h2>\n[\/vc_column_text][vc_column_text css=&#8221;.vc_custom_1707236227385{padding-top: 15px !important;}&#8221; color=&#8221;#4499b8&#8243;]\n<hr class=\"blu\" \/>\n[\/vc_column_text][\/vc_column_inner][vc_column_inner width=&#8221;3\/4&#8243;][vc_column_text el_class=&#8221;mtd40 mtm30&#8243;]Im Le Calanchiole Camping Village haben wir eine Welt des <strong>Vergn\u00fcgens und der Entspannung<\/strong> geschaffen, die speziell f\u00fcr Sie und Ihre Familie gedacht ist. Wir sind hier, um jeden Moment Ihres Urlaubs in eine besondere Erinnerung zu verwandeln, mit der Unterst\u00fctzung des<strong> Groovy-Smiles-Teams<\/strong>, das immer bereit ist, Ihnen ein L\u00e4cheln und eine gute Laune zu schenken.[\/vc_column_text]<div class=\"vcex-spacing wpex-w-100 wpex-clear\"><\/div>[\/vc_column_inner][\/vc_row_inner][\/vc_column][\/vc_row][vc_row content_placement=&#8221;middle&#8221; css=&#8221;.vc_custom_1617090083038{margin-bottom: 50px !important;}&#8221;][vc_column css_animation=&#8221;fadeInLeft&#8221; width=&#8221;1\/2&#8243; css=&#8221;.vc_custom_1708355348391{padding-right: 30px !important;padding-left: 30px !important;}&#8221;][vc_column_text el_class=&#8221;mtd40 mtm30&#8243;]F\u00fcr Ihre Kinder ist unser <strong>Kinderclub<\/strong> ein wahres Paradies der Unterhaltung: Spiele, Baby Dance, kreative Aktivit\u00e4ten und vieles mehr, um sie zu unterhalten und ihre Fantasie in einer sicheren und fr\u00f6hlichen Umgebung anzuregen. W\u00e4hrend die Kleinen neue Welten erkunden, haben Sie Zeit f\u00fcr sich: Nehmen Sie an unseren <strong>Sportturnieren<\/strong> teil, wecken Sie Ihre Muskeln mit einer <strong>Morgengymnastik<\/strong> oder entspannen Sie sich bei einer <strong>Wassergymnastik<\/strong> im Meer.[\/vc_column_text]<style> style=\"height:50px;\"<\/style><div class=\"vcex-spacing wpex-w-100 wpex-clear\" style=\"height:50px;\"><\/div>[\/vc_column][vc_column css_animation=&#8221;fadeInRight&#8221; video_bg_zoom=&#8221;false&#8221; video_bg_center=&#8221;true&#8221; width=&#8221;1\/2&#8243; video_bg=&#8221;self_hosted&#8221; video_bg_mp4=&#8221;https:\/\/www.lecalanchiole.it\/wp-content\/uploads\/2024\/02\/video-animazione-calanchiole.mp4&#8243; css=&#8221;.vc_custom_1708355354398{padding-top: 150px !important;padding-bottom: 150px !important;}&#8221;][\/vc_column][\/vc_row][vc_row full_width=&#8221;stretch_row_content_no_spaces&#8221; content_placement=&#8221;middle&#8221; css=&#8221;.vc_custom_1706781036946{background-position: center !important;background-repeat: no-repeat !important;background-size: cover !important;}&#8221; wpex_bg_overlay_blend=&#8221;lighten&#8221;][vc_column]<style> style=\"height:50px;\"<\/style><div class=\"vcex-spacing wpex-w-100 wpex-clear\" style=\"height:50px;\"><\/div><div class=\"vcex-module wpex-alert wpex-alert-info\"><h4 style=\"text-align: center\"><strong>Sommeranimation (8. Juni &#8211; 7. September)<\/strong><\/h4>\n<p style=\"text-align: center\">Spa\u00df f\u00fcr alle Altersgruppen mit:<br \/>\n&#8211; Mini-Club f\u00fcr die Kleinen<br \/>\n&#8211; Sportaktivit\u00e4ten, Spiele und Turniere<br \/>\n&#8211; Abendshows f\u00fcr die ganze Familie<\/p>\n<\/div><style> style=\"height:50px;\"<\/style><div class=\"vcex-spacing wpex-w-100 wpex-clear\" style=\"height:50px;\"><\/div><div class=\"vcex-module wpex-alert wpex-alert-success\"><p style=\"text-align: center\"><b>Animationsservice<\/b><\/p>\n<p style=\"text-align: center\">CAMPING<br \/>\nPflicht-Animationskarte<br \/>\nKosten: \u20ac 15,00 pro Person (f\u00fcr alle \u00fcber 12 Jahre)<br \/>\nG\u00fcltigkeit: f\u00fcr den gesamten Aufenthalt vom 08.06. bis 15.09.<br \/>\nF\u00fcr Aufenthalte bis zu 3 Tagen \u2192 KOSTENLOS<\/p>\n<p style=\"text-align: center\">UNTERK\u00dcNFTE &amp; BUNGALOWS<br \/>\nF\u00fcr G\u00e4ste in den Unterk\u00fcnften ist die Animation bereits im Preis inbegriffen, ohne zus\u00e4tzliche Kosten.<\/p>\n<\/div>[\/vc_column][\/vc_row][vc_row full_width=&#8221;stretch_row_content_no_spaces&#8221; content_placement=&#8221;middle&#8221; css=&#8221;.vc_custom_1706781036946{background-position: center !important;background-repeat: no-repeat !important;background-size: cover !important;}&#8221; wpex_bg_overlay_blend=&#8221;lighten&#8221;][vc_column]<style> style=\"height:50px;\"<\/style><div class=\"vcex-spacing wpex-w-100 wpex-clear\" style=\"height:50px;\"><\/div><style class=\"vcex-carousel-preload-css\">.vcex_69def643e2639{--wpex-carousel-gap:0px;}.vcex_69def643e2639{--wpex-carousel-columns:1;}.vcex_69def643e2639.wpex-carousel:not(.owl-loaded) > *:not(:nth-child(1n+2)) {display: flex !important;}@media only screen and (min-width: 480px) {.vcex_69def643e2639{--wpex-carousel-columns:2;}.vcex_69def643e2639.wpex-carousel:not(.owl-loaded) > *:not(:nth-child(1n+3)) {display: flex !important;}}@media only screen and (min-width: 768px) {.vcex_69def643e2639{--wpex-carousel-columns:3;}.vcex_69def643e2639.wpex-carousel:not(.owl-loaded) > *:not(:nth-child(1n+4)) {display: flex !important;}}@media only screen and (min-width: 960px) {.vcex_69def643e2639{--wpex-carousel-columns:4;}.vcex_69def643e2639.wpex-carousel:not(.owl-loaded) > *:not(:nth-child(1n+5)) {display: flex !important;}}<\/style><div class=\"vcex-module wpex-carousel wpex-carousel-images wpex-clr owl-carousel wpex-carousel--render-onload vcex_69def643e2639 arrwstyle-min arrwpos-right\" data-wpex-carousel=\"{&quot;autoplay&quot;:&quot;true&quot;,&quot;margin&quot;:0,&quot;responsive&quot;:{&quot;0&quot;:{&quot;items&quot;:&quot;1&quot;},&quot;480&quot;:{&quot;items&quot;:&quot;2&quot;},&quot;768&quot;:{&quot;items&quot;:&quot;3&quot;},&quot;960&quot;:{&quot;items&quot;:&quot;4&quot;}}}\"><div class=\"wpex-carousel-slide\"><figure class=\"wpex-carousel-entry-media entry-media\"><img width=\"900\" height=\"600\" src=\"https:\/\/www.lecalanchiole.it\/wp-content\/uploads\/2024\/02\/camping-elba-016g.jpg\" class=\"wpex-align-middle skip-lazy\" alt=\"Offerte Villaggio Isola d&#039;Elba - Camping Village Le Calanchiole\" data-no-lazy=\"1\" srcset=\"https:\/\/www.lecalanchiole.it\/wp-content\/uploads\/2024\/02\/camping-elba-016g.jpg 900w, https:\/\/www.lecalanchiole.it\/wp-content\/uploads\/2024\/02\/camping-elba-016g-300x200.jpg 300w, https:\/\/www.lecalanchiole.it\/wp-content\/uploads\/2024\/02\/camping-elba-016g-768x512.jpg 768w\" sizes=\"(max-width: 900px) 100vw, 900px\" \/><\/figure><\/div><div class=\"wpex-carousel-slide\"><figure class=\"wpex-carousel-entry-media entry-media\"><img width=\"1200\" height=\"800\" src=\"https:\/\/www.lecalanchiole.it\/wp-content\/uploads\/2024\/02\/villaggio-mare-toscana.jpg\" class=\"wpex-align-middle skip-lazy\" alt=\"villaggio-mare-toscana\" data-no-lazy=\"1\" srcset=\"https:\/\/www.lecalanchiole.it\/wp-content\/uploads\/2024\/02\/villaggio-mare-toscana.jpg 1200w, https:\/\/www.lecalanchiole.it\/wp-content\/uploads\/2024\/02\/villaggio-mare-toscana-300x200.jpg 300w, https:\/\/www.lecalanchiole.it\/wp-content\/uploads\/2024\/02\/villaggio-mare-toscana-1024x683.jpg 1024w, https:\/\/www.lecalanchiole.it\/wp-content\/uploads\/2024\/02\/villaggio-mare-toscana-768x512.jpg 768w\" sizes=\"(max-width: 1200px) 100vw, 1200px\" \/><\/figure><\/div><div class=\"wpex-carousel-slide\"><figure class=\"wpex-carousel-entry-media entry-media\"><img width=\"900\" height=\"600\" src=\"https:\/\/www.lecalanchiole.it\/wp-content\/uploads\/2024\/02\/villaggio-con-animazione-mare4.jpg\" class=\"wpex-align-middle skip-lazy\" alt=\"Offerte Villaggio isola d&#039;Elba\" data-no-lazy=\"1\" srcset=\"https:\/\/www.lecalanchiole.it\/wp-content\/uploads\/2024\/02\/villaggio-con-animazione-mare4.jpg 900w, https:\/\/www.lecalanchiole.it\/wp-content\/uploads\/2024\/02\/villaggio-con-animazione-mare4-300x200.jpg 300w, https:\/\/www.lecalanchiole.it\/wp-content\/uploads\/2024\/02\/villaggio-con-animazione-mare4-768x512.jpg 768w\" sizes=\"(max-width: 900px) 100vw, 900px\" \/><\/figure><\/div><div class=\"wpex-carousel-slide\"><figure class=\"wpex-carousel-entry-media entry-media\"><img width=\"900\" height=\"600\" src=\"https:\/\/www.lecalanchiole.it\/wp-content\/uploads\/2024\/02\/villaggio-con-animazione-mare2.jpg\" class=\"wpex-align-middle skip-lazy\" alt=\"\" data-no-lazy=\"1\" srcset=\"https:\/\/www.lecalanchiole.it\/wp-content\/uploads\/2024\/02\/villaggio-con-animazione-mare2.jpg 900w, https:\/\/www.lecalanchiole.it\/wp-content\/uploads\/2024\/02\/villaggio-con-animazione-mare2-300x200.jpg 300w, https:\/\/www.lecalanchiole.it\/wp-content\/uploads\/2024\/02\/villaggio-con-animazione-mare2-768x512.jpg 768w\" sizes=\"(max-width: 900px) 100vw, 900px\" \/><\/figure><\/div><div class=\"wpex-carousel-slide\"><figure class=\"wpex-carousel-entry-media entry-media\"><img width=\"900\" height=\"600\" src=\"https:\/\/www.lecalanchiole.it\/wp-content\/uploads\/2024\/02\/villaggio-con-animazione-mare3.jpg\" class=\"wpex-align-middle skip-lazy\" alt=\"\" data-no-lazy=\"1\" srcset=\"https:\/\/www.lecalanchiole.it\/wp-content\/uploads\/2024\/02\/villaggio-con-animazione-mare3.jpg 900w, https:\/\/www.lecalanchiole.it\/wp-content\/uploads\/2024\/02\/villaggio-con-animazione-mare3-300x200.jpg 300w, https:\/\/www.lecalanchiole.it\/wp-content\/uploads\/2024\/02\/villaggio-con-animazione-mare3-768x512.jpg 768w\" sizes=\"(max-width: 900px) 100vw, 900px\" \/><\/figure><\/div><\/div>[\/vc_column][\/vc_row][vc_row gap=&#8221;35&#8243; rtl_reverse=&#8221;yes&#8221;][vc_column css_animation=&#8221;fadeInLeft&#8221; parallax=&#8221;content-moving&#8221; parallax_image=&#8221;3255&#8243; width=&#8221;1\/2&#8243; css=&#8221;.vc_custom_1708355366935{padding-top: 260px !important;padding-bottom: 260px !important;background-image: url(https:\/\/www.lecalanchiole.it\/wp-content\/uploads\/2024\/02\/villaggio-con-animazione-mare-1-e1706811586309.jpg?id=1346) !important;}&#8221; wpex_bg_overlay=&#8221;color&#8221; wpex_bg_overlay_color=&#8221;#000000&#8243; wpex_bg_overlay_opacity=&#8221;40%&#8221;][vc_column_text el_class=&#8221;mtd40 mtm30&#8243; color=&#8221;#ffffff&#8221; font_weight=&#8221;bold&#8221;]\n<div class=\"one_half\">\n<h2 style=\"text-align: center;\">Entspannung und Spa\u00df<br \/>\nf\u00fcr die GESAMTE Familie<\/h2>\n<\/div>\n[\/vc_column_text][vc_column_text el_class=&#8221;mtd40 mtm30&#8243; color=&#8221;#ffffff&#8221; font_weight=&#8221;bold&#8221;]\n<div class=\"one_half\">\n<h4 style=\"text-align: center;\"><a href=\"\/#preventivo\">Angebot anfordern<\/a><\/h4>\n<\/div>\n[\/vc_column_text][\/vc_column][vc_column css_animation=&#8221;fadeInRight&#8221; width=&#8221;1\/2&#8243;][vc_column_text el_class=&#8221;mtd40 mtm30&#8243; color=&#8221;#344a53&#8243; font_weight=&#8221;bold&#8221;]\n<h2 style=\"text-align: center;\">Abendveranstaltungen<\/h2>\n[\/vc_column_text]<div class=\"vcex-spacing wpex-w-100 wpex-clear\"><\/div>[vc_column_text el_class=&#8221;nd_options_text_align_center_responsive_important&#8221; css=&#8221;.vc_custom_1707253014193{padding-right: 30px !important;padding-left: 30px !important;}&#8221;]Und wenn die Nacht hereinbricht, lassen Sie sich \u00fcberraschen: Unser Resort erwacht mit <strong>Abendshows,<\/strong> <strong>Themenpartys<\/strong> und <strong>Kabaretts<\/strong> zum Leben, die Ihre N\u00e4chte auf der Insel Elba unvergesslich machen werden. Unser Unterhaltungsprogramm ist darauf ausgerichtet, Jung und Alt zu unterhalten und die perfekte Mischung aus Entspannung und Spa\u00df zu schaffen, die einen Urlaub im Le Calanchiole einzigartig macht.[\/vc_column_text][vc_column_text el_class=&#8221;mtd40 mtm30&#8243; color=&#8221;#344a53&#8243; font_weight=&#8221;bold&#8221;]\n<h2 style=\"text-align: center;\">Wo der Spa\u00df<br \/>\numarmt die Natur<\/h2>\n[\/vc_column_text]<div class=\"vcex-spacing wpex-w-100 wpex-clear\"><\/div>[vc_column_text el_class=&#8221;nd_options_text_align_center_responsive_important&#8221; css=&#8221;.vc_custom_1707253025118{padding-right: 30px !important;padding-left: 30px !important;}&#8221;]Bei uns ist jeder Tag ein Abenteuer: vom <strong>Strand<\/strong> mit seinem goldenen <strong>Sand<\/strong> und dem kristallklaren <strong>Meer<\/strong> bis hin zum <strong>Pinienwald<\/strong>, wo die Luft nach Abenteuer riecht. Wir sind hier, um Sie den Urlaub erleben zu lassen, von dem Sie immer getr\u00e4umt haben, in einer Atmosph\u00e4re der Freude und des Austauschs.<\/p>\n<p>Entdecken Sie Le Calanchiole Camping Village: der Ort, an dem Ihr Traumurlaub Wirklichkeit wird, in diesem kleinen Paradies auf der Insel Elba. Wir freuen uns darauf, Ihnen Momente des Gl\u00fccks und der Entspannung zu schenken, denn bei uns ist jeder Gast Teil unserer gro\u00dfen Familie.[\/vc_column_text][\/vc_column][\/vc_row][vc_row full_width=&#8221;stretch_row_content_no_spaces&#8221; content_placement=&#8221;middle&#8221; css=&#8221;.vc_custom_1706781036946{background-position: center !important;background-repeat: no-repeat !important;background-size: cover !important;}&#8221; wpex_bg_overlay_blend=&#8221;lighten&#8221;][vc_column]<style> style=\"height:50px;\"<\/style><div class=\"vcex-spacing wpex-w-100 wpex-clear\" style=\"height:50px;\"><\/div><style class=\"vcex-carousel-preload-css\">.vcex_69def643e90b4{--wpex-carousel-gap:0px;}.vcex_69def643e90b4{--wpex-carousel-columns:1;}.vcex_69def643e90b4.wpex-carousel:not(.owl-loaded) > *:not(:nth-child(1n+2)) {display: flex !important;}@media only screen and (min-width: 480px) {.vcex_69def643e90b4{--wpex-carousel-columns:2;}.vcex_69def643e90b4.wpex-carousel:not(.owl-loaded) > *:not(:nth-child(1n+3)) {display: flex !important;}}@media only screen and (min-width: 768px) {.vcex_69def643e90b4{--wpex-carousel-columns:3;}.vcex_69def643e90b4.wpex-carousel:not(.owl-loaded) > *:not(:nth-child(1n+4)) {display: flex !important;}}@media only screen and (min-width: 960px) {.vcex_69def643e90b4{--wpex-carousel-columns:4;}.vcex_69def643e90b4.wpex-carousel:not(.owl-loaded) > *:not(:nth-child(1n+5)) {display: flex !important;}}<\/style><div class=\"vcex-module wpex-carousel wpex-carousel-images wpex-clr owl-carousel wpex-carousel--render-onload vcex_69def643e90b4 arrwstyle-min arrwpos-right\" data-wpex-carousel=\"{&quot;autoplay&quot;:&quot;true&quot;,&quot;margin&quot;:0,&quot;responsive&quot;:{&quot;0&quot;:{&quot;items&quot;:&quot;1&quot;},&quot;480&quot;:{&quot;items&quot;:&quot;2&quot;},&quot;768&quot;:{&quot;items&quot;:&quot;3&quot;},&quot;960&quot;:{&quot;items&quot;:&quot;4&quot;}}}\"><div class=\"wpex-carousel-slide\"><figure class=\"wpex-carousel-entry-media entry-media\"><img width=\"1200\" height=\"800\" src=\"https:\/\/www.lecalanchiole.it\/wp-content\/uploads\/2024\/02\/Bungalow-Pini-1.jpg\" class=\"wpex-align-middle skip-lazy\" alt=\"\" data-no-lazy=\"1\" srcset=\"https:\/\/www.lecalanchiole.it\/wp-content\/uploads\/2024\/02\/Bungalow-Pini-1.jpg 1200w, https:\/\/www.lecalanchiole.it\/wp-content\/uploads\/2024\/02\/Bungalow-Pini-1-300x200.jpg 300w, https:\/\/www.lecalanchiole.it\/wp-content\/uploads\/2024\/02\/Bungalow-Pini-1-1024x683.jpg 1024w, https:\/\/www.lecalanchiole.it\/wp-content\/uploads\/2024\/02\/Bungalow-Pini-1-768x512.jpg 768w\" sizes=\"(max-width: 1200px) 100vw, 1200px\" \/><\/figure><\/div><div class=\"wpex-carousel-slide\"><figure class=\"wpex-carousel-entry-media entry-media\"><img width=\"1200\" height=\"800\" src=\"https:\/\/www.lecalanchiole.it\/wp-content\/uploads\/2024\/02\/bungalow-vista-mare-elba.jpg\" class=\"wpex-align-middle skip-lazy\" alt=\"Camping Village Isola d&#039;Elba\" data-no-lazy=\"1\" srcset=\"https:\/\/www.lecalanchiole.it\/wp-content\/uploads\/2024\/02\/bungalow-vista-mare-elba.jpg 1200w, https:\/\/www.lecalanchiole.it\/wp-content\/uploads\/2024\/02\/bungalow-vista-mare-elba-300x200.jpg 300w, https:\/\/www.lecalanchiole.it\/wp-content\/uploads\/2024\/02\/bungalow-vista-mare-elba-1024x683.jpg 1024w, https:\/\/www.lecalanchiole.it\/wp-content\/uploads\/2024\/02\/bungalow-vista-mare-elba-768x512.jpg 768w\" sizes=\"(max-width: 1200px) 100vw, 1200px\" \/><\/figure><\/div><div class=\"wpex-carousel-slide\"><figure class=\"wpex-carousel-entry-media entry-media\"><img width=\"1200\" height=\"800\" src=\"https:\/\/www.lecalanchiole.it\/wp-content\/uploads\/2024\/02\/Mare-Isola-dElba2.jpg\" class=\"wpex-align-middle skip-lazy\" alt=\"offerte mare isola d&#039;elba - Le calanchiole\" data-no-lazy=\"1\" srcset=\"https:\/\/www.lecalanchiole.it\/wp-content\/uploads\/2024\/02\/Mare-Isola-dElba2.jpg 1200w, https:\/\/www.lecalanchiole.it\/wp-content\/uploads\/2024\/02\/Mare-Isola-dElba2-300x200.jpg 300w, https:\/\/www.lecalanchiole.it\/wp-content\/uploads\/2024\/02\/Mare-Isola-dElba2-1024x683.jpg 1024w, https:\/\/www.lecalanchiole.it\/wp-content\/uploads\/2024\/02\/Mare-Isola-dElba2-768x512.jpg 768w\" sizes=\"(max-width: 1200px) 100vw, 1200px\" \/><\/figure><\/div><div class=\"wpex-carousel-slide\"><figure class=\"wpex-carousel-entry-media entry-media\"><img width=\"1200\" height=\"801\" src=\"https:\/\/www.lecalanchiole.it\/wp-content\/uploads\/2024\/02\/carosello-footer-02.jpg\" class=\"wpex-align-middle skip-lazy\" alt=\"Villaggio Isola d&#039;Elba\" data-no-lazy=\"1\" srcset=\"https:\/\/www.lecalanchiole.it\/wp-content\/uploads\/2024\/02\/carosello-footer-02.jpg 1200w, https:\/\/www.lecalanchiole.it\/wp-content\/uploads\/2024\/02\/carosello-footer-02-300x200.jpg 300w, https:\/\/www.lecalanchiole.it\/wp-content\/uploads\/2024\/02\/carosello-footer-02-1024x684.jpg 1024w, https:\/\/www.lecalanchiole.it\/wp-content\/uploads\/2024\/02\/carosello-footer-02-768x513.jpg 768w\" sizes=\"(max-width: 1200px) 100vw, 1200px\" \/><\/figure><\/div><div class=\"wpex-carousel-slide\"><figure class=\"wpex-carousel-entry-media entry-media\"><img width=\"1200\" height=\"800\" src=\"https:\/\/www.lecalanchiole.it\/wp-content\/uploads\/2024\/02\/06.jpg\" class=\"wpex-align-middle skip-lazy\" alt=\"\" data-no-lazy=\"1\" srcset=\"https:\/\/www.lecalanchiole.it\/wp-content\/uploads\/2024\/02\/06.jpg 1200w, https:\/\/www.lecalanchiole.it\/wp-content\/uploads\/2024\/02\/06-300x200.jpg 300w, https:\/\/www.lecalanchiole.it\/wp-content\/uploads\/2024\/02\/06-1024x683.jpg 1024w, https:\/\/www.lecalanchiole.it\/wp-content\/uploads\/2024\/02\/06-768x512.jpg 768w\" sizes=\"(max-width: 1200px) 100vw, 1200px\" \/><\/figure><\/div><div class=\"wpex-carousel-slide\"><figure class=\"wpex-carousel-entry-media entry-media\"><img width=\"1200\" height=\"800\" src=\"https:\/\/www.lecalanchiole.it\/wp-content\/uploads\/2024\/02\/07.jpg\" class=\"wpex-align-middle skip-lazy\" alt=\"Offerte Villaggio Isola d&#039;Elba Mare Toscana - Le Calanchiole\" data-no-lazy=\"1\" srcset=\"https:\/\/www.lecalanchiole.it\/wp-content\/uploads\/2024\/02\/07.jpg 1200w, https:\/\/www.lecalanchiole.it\/wp-content\/uploads\/2024\/02\/07-300x200.jpg 300w, https:\/\/www.lecalanchiole.it\/wp-content\/uploads\/2024\/02\/07-1024x683.jpg 1024w, https:\/\/www.lecalanchiole.it\/wp-content\/uploads\/2024\/02\/07-768x512.jpg 768w\" sizes=\"(max-width: 1200px) 100vw, 1200px\" \/><\/figure><\/div><div class=\"wpex-carousel-slide\"><figure class=\"wpex-carousel-entry-media entry-media\"><img width=\"1200\" height=\"800\" src=\"https:\/\/www.lecalanchiole.it\/wp-content\/uploads\/2024\/02\/Bungalow-Pini-7.jpg\" class=\"wpex-align-middle skip-lazy\" alt=\"\" data-no-lazy=\"1\" srcset=\"https:\/\/www.lecalanchiole.it\/wp-content\/uploads\/2024\/02\/Bungalow-Pini-7.jpg 1200w, https:\/\/www.lecalanchiole.it\/wp-content\/uploads\/2024\/02\/Bungalow-Pini-7-300x200.jpg 300w, https:\/\/www.lecalanchiole.it\/wp-content\/uploads\/2024\/02\/Bungalow-Pini-7-1024x683.jpg 1024w, https:\/\/www.lecalanchiole.it\/wp-content\/uploads\/2024\/02\/Bungalow-Pini-7-768x512.jpg 768w\" sizes=\"(max-width: 1200px) 100vw, 1200px\" \/><\/figure><\/div><div class=\"wpex-carousel-slide\"><figure class=\"wpex-carousel-entry-media entry-media\"><img width=\"948\" height=\"632\" src=\"https:\/\/www.lecalanchiole.it\/wp-content\/uploads\/2024\/01\/Camping-Village-Isola-dElba.jpg\" class=\"wpex-align-middle skip-lazy\" alt=\"Camping Village Isola d&#039;Elba\" data-no-lazy=\"1\" srcset=\"https:\/\/www.lecalanchiole.it\/wp-content\/uploads\/2024\/01\/Camping-Village-Isola-dElba.jpg 948w, https:\/\/www.lecalanchiole.it\/wp-content\/uploads\/2024\/01\/Camping-Village-Isola-dElba-300x200.jpg 300w, https:\/\/www.lecalanchiole.it\/wp-content\/uploads\/2024\/01\/Camping-Village-Isola-dElba-768x512.jpg 768w\" sizes=\"(max-width: 948px) 100vw, 948px\" \/><\/figure><\/div><div class=\"wpex-carousel-slide\"><figure class=\"wpex-carousel-entry-media entry-media\"><img width=\"1200\" height=\"800\" src=\"https:\/\/www.lecalanchiole.it\/wp-content\/uploads\/2024\/02\/isola-d-elba.jpg\" class=\"wpex-align-middle skip-lazy\" alt=\"Offerte Villaggio Isola d&#039;Elba Mare Toscana - Le Calanchiole\" data-no-lazy=\"1\" srcset=\"https:\/\/www.lecalanchiole.it\/wp-content\/uploads\/2024\/02\/isola-d-elba.jpg 1200w, https:\/\/www.lecalanchiole.it\/wp-content\/uploads\/2024\/02\/isola-d-elba-300x200.jpg 300w, https:\/\/www.lecalanchiole.it\/wp-content\/uploads\/2024\/02\/isola-d-elba-1024x683.jpg 1024w, https:\/\/www.lecalanchiole.it\/wp-content\/uploads\/2024\/02\/isola-d-elba-768x512.jpg 768w\" sizes=\"(max-width: 1200px) 100vw, 1200px\" \/><\/figure><\/div><\/div>[\/vc_column][\/vc_row]\n<\/div>","protected":false},"excerpt":{"rendered":"<p>[vc_row full_width=&#8221;stretch_row&#8221; content_placement=&#8221;middle&#8221; css=&#8221;.vc_custom_1707237155903{background-image: url(https:\/\/www.lecalanchiole.it\/wp-content\/uploads\/2024\/01\/Vacanze-Famiglia-Isola-dElba.jpg?id=854) !important;background-position: center !important;background-repeat: no-repeat !important;background-size: cover !important;}&#8221; el_class=&#8221;min_height_pag_int&#8221;][vc_column width=&#8221;1\/4&#8243;][\/vc_column][vc_column width=&#8221;1\/2&#8243;][vc_column_text color=&#8221;#ffffff&#8221; el_class=&#8221;page-header-title&#8221;] Feriendorf mit Animation auf der Insel Elba [\/vc_column_text][\/vc_column][vc_column width=&#8221;1\/4&#8243;][\/vc_column][\/vc_row][vc_row content_placement=&#8221;middle&#8221; equal_height=&#8221;yes&#8221; el_class=&#8221;mtd120 mtm60&#8243; css=&#8221;.vc_custom_1706898862220{margin-bottom: 30px !important;}&#8221;][vc_column css_animation=&#8221;fadeInLeft&#8221; css=&#8221;.vc_custom_1707214290367{padding-top: 30px !important;padding-right: 30px !important;padding-left: 30px !important;background-position: center !important;background-repeat: no-repeat !important;background-size: contain !important;}&#8221; wpex_bg_position=&#8221;0% 0%&#8221; el_class=&#8221;mtm60&#8243;][vc_row_inner][vc_column_inner width=&#8221;1\/4&#8243;][vc_column_text font_size=&#8221;15px&#8221; text_transform=&#8221;uppercase&#8221; color=&#8221;#f9b233&#8243; letter_spacing=&#8221;wide&#8221;&hellip;<\/p>\n","protected":false},"author":3,"featured_media":0,"parent":0,"menu_order":0,"comment_status":"closed","ping_status":"closed","template":"","meta":{"inline_featured_image":false,"footnotes":""},"class_list":["post-2564","page","type-page","status-publish","hentry","entry","no-media"],"_links":{"self":[{"href":"https:\/\/www.lecalanchiole.it\/de\/wp-json\/wp\/v2\/pages\/2564","targetHints":{"allow":["GET"]}}],"collection":[{"href":"https:\/\/www.lecalanchiole.it\/de\/wp-json\/wp\/v2\/pages"}],"about":[{"href":"https:\/\/www.lecalanchiole.it\/de\/wp-json\/wp\/v2\/types\/page"}],"author":[{"embeddable":true,"href":"https:\/\/www.lecalanchiole.it\/de\/wp-json\/wp\/v2\/users\/3"}],"replies":[{"embeddable":true,"href":"https:\/\/www.lecalanchiole.it\/de\/wp-json\/wp\/v2\/comments?post=2564"}],"version-history":[{"count":5,"href":"https:\/\/www.lecalanchiole.it\/de\/wp-json\/wp\/v2\/pages\/2564\/revisions"}],"predecessor-version":[{"id":4379,"href":"https:\/\/www.lecalanchiole.it\/de\/wp-json\/wp\/v2\/pages\/2564\/revisions\/4379"}],"wp:attachment":[{"href":"https:\/\/www.lecalanchiole.it\/de\/wp-json\/wp\/v2\/media?parent=2564"}],"curies":[{"name":"wp","href":"https:\/\/api.w.org\/{rel}","templated":true}]}}