{"id":2583,"date":"2024-01-09T17:46:56","date_gmt":"2024-01-09T16:46:56","guid":{"rendered":"https:\/\/www.lecalanchiole.it\/kontakt\/"},"modified":"2025-01-03T10:33:02","modified_gmt":"2025-01-03T09:33:02","slug":"kontakt","status":"publish","type":"page","link":"https:\/\/www.lecalanchiole.it\/de\/kontakt\/","title":{"rendered":"Kontakt"},"content":{"rendered":"<div class=\"wpb-content-wrapper\">[vc_row full_width=&#8221;stretch_row&#8221; content_placement=&#8221;middle&#8221; css=&#8221;.vc_custom_1706603570686{background-image: url(https:\/\/www.lecalanchiole.it\/wp-content\/uploads\/2024\/01\/villaggio-isola-d-elba.jpg?id=768) !important;background-position: center !important;background-repeat: no-repeat !important;background-size: cover !important;}&#8221; el_class=&#8221;min_height_pag_int&#8221;][vc_column width=&#8221;1\/4&#8243;][\/vc_column][vc_column width=&#8221;1\/2&#8243;][vc_column_text color=&#8221;#ffffff&#8221; el_class=&#8221;page-header-title&#8221;]\n<h1 style=\"text-align: center;\">Wie Sie uns kontaktieren k\u00f6nnen und wie Sie uns erreichen<\/h1>\n[\/vc_column_text][\/vc_column][vc_column width=&#8221;1\/4&#8243;][\/vc_column][\/vc_row][vc_row equal_height=&#8221;yes&#8221; el_class=&#8221;mtd120 mtm60&#8243;][vc_column width=&#8221;1\/2&#8243; css=&#8221;.vc_custom_1707168228671{padding-right: 30px !important;padding-left: 30px !important;}&#8221;][vc_column_text css=&#8221;.vc_custom_1706896832793{padding-top: 15px !important;}&#8221; color=&#8221;#4499b8&#8243; text_transform=&#8221;uppercase&#8221;]\n<h2>Informationen und Reservierungen<\/h2>\n[\/vc_column_text][vc_column_text el_class=&#8221;mtd40 mtm30&#8243;]F\u00fcr Verf\u00fcgbarkeitsanfragen oder Reservierungen k\u00f6nnen Sie direkt online buchen oder uns per Telefon, Fax oder \u00fcber das untenstehende Formular kontaktieren. Wir freuen uns darauf, alle Ihre Fragen in k\u00fcrzester Zeit zu beantworten.[\/vc_column_text]<style> style=\"height:20px;\"<\/style><div class=\"vcex-spacing wpex-w-100 wpex-clear\" style=\"height:20px;\"><\/div>[vc_column_text font_size=&#8221;15px&#8221; text_transform=&#8221;uppercase&#8221; color=&#8221;#f9b233&#8243; letter_spacing=&#8221;wide&#8221; font_weight=&#8221;700&#8243;]TELEFON[\/vc_column_text][vc_column_text el_class=&#8221;mtd10 mtm20&#8243;]Tel: <a href=\"tel:+390565933488\">+39 0565.933488<\/a><br \/>\nTel: <a href=\"tel:+390565933494\">+39 0565.933494<\/a><br \/>\nMobile\u00a0<a href=\"tel:+393899009211\">+39 389 900 9211<\/a>[\/vc_column_text]<style> style=\"height:20px;\"<\/style><div class=\"vcex-spacing wpex-w-100 wpex-clear\" style=\"height:20px;\"><\/div>[vc_column_text font_size=&#8221;15px&#8221; text_transform=&#8221;uppercase&#8221; color=&#8221;#f9b233&#8243; letter_spacing=&#8221;wide&#8221; font_weight=&#8221;700&#8243;]EMAIL[\/vc_column_text][vc_column_text el_class=&#8221;mtd20 mtm10&#8243;]<strong>Email:<\/strong>\u00a0<a href=\"mailto:booking@lecalanchiole.it\">booking@lecalanchiole.it<\/a><br \/>\n<strong>Email:<\/strong>\u00a0<a href=\"mailto:info@lecalanchiole.it\">info@lecalanchiole.it<\/a>[\/vc_column_text]<style> style=\"height:20px;\"<\/style><div class=\"vcex-spacing wpex-w-100 wpex-clear\" style=\"height:20px;\"><\/div>[vc_column_text font_size=&#8221;15px&#8221; text_transform=&#8221;uppercase&#8221; color=&#8221;#f9b233&#8243; letter_spacing=&#8221;wide&#8221; font_weight=&#8221;700&#8243;]ADRESSE[\/vc_column_text][vc_column_text el_class=&#8221;mtd20 mtm10&#8243;]Standort. Le Calanchiole 57031 Capoliveri (LI)[\/vc_column_text][\/vc_column][vc_column width=&#8221;1\/2&#8243; el_class=&#8221;min_height_foto_pag_int order_1 mtm60&#8243;][vc_column_text css=&#8221;.vc_custom_1706896842356{padding-top: 15px !important;}&#8221; color=&#8221;#4499b8&#8243; text_transform=&#8221;uppercase&#8221;]\n<h2>Wie Sie uns erreichen<\/h2>\n[\/vc_column_text][vc_column_text el_class=&#8221;mtd40 mtm30&#8243;]Unser Campingplatz befindet sich auf der S\u00fcdseite der Insel Elba in Lido di Capoliveri, nur 8 km von Portoferraio und 3 km von Porto Azzurro und Capoliveri entfernt.[\/vc_column_text]<style> style=\"height:20px;\"<\/style><div class=\"vcex-spacing wpex-w-100 wpex-clear\" style=\"height:20px;\"><\/div>[vc_column_text font_size=&#8221;15px&#8221; text_transform=&#8221;uppercase&#8221; color=&#8221;#f9b233&#8243; letter_spacing=&#8221;wide&#8221; font_weight=&#8221;700&#8243;]Wie man den Campingplatz von Portoferraio aus erreicht[\/vc_column_text][vc_column_text el_class=&#8221;mtd20 mtm10&#8243;]Sobald Sie die F\u00e4hre in Portoferraio verlassen haben, folgen Sie der Beschilderung nach Porto Azzurro. Genau 10 km weiter finden Sie die Schilder des Camping Village &#8220;Le Calanchiole&#8221; und in der Ferne, auf der rechten Seite, sehen Sie das gro\u00dfe Schild.[\/vc_column_text]<style> style=\"height:20px;\"<\/style><div class=\"vcex-spacing wpex-w-100 wpex-clear\" style=\"height:20px;\"><\/div>[vc_column_text font_size=&#8221;15px&#8221; text_transform=&#8221;uppercase&#8221; color=&#8221;#f9b233&#8243; letter_spacing=&#8221;wide&#8221; font_weight=&#8221;700&#8243;]Wie man den Campingplatz von Cavo oder Rio Marina aus erreicht[\/vc_column_text][vc_column_text el_class=&#8221;mtd20 mtm10&#8243;]Wenn Sie stattdessen in Cavo oder Rio Marina von Bord gehen, folgen Sie der Beschilderung nach Porto Azzurro. Nachdem Sie Porto Azzurro passiert haben, fahren Sie an der Abzweigung nach Capoliveri geradeaus und biegen nach 1,5 km an der ersten Kreuzung links ab, Richtung Lido. Halten Sie sich links, Sie werden Schilder f\u00fcr das Camping Village &#8220;Le Calanchiole&#8221; finden und in der Ferne, auf der rechten Seite, werden Sie das gro\u00dfe Schild sehen.[\/vc_column_text]<style> style=\"height:20px;\"<\/style><div class=\"vcex-spacing wpex-w-100 wpex-clear\" style=\"height:20px;\"><\/div>[vc_column_text font_size=&#8221;15px&#8221; text_transform=&#8221;uppercase&#8221; color=&#8221;#f9b233&#8243; letter_spacing=&#8221;wide&#8221; font_weight=&#8221;700&#8243;]Die Insel Elba mit dem Flugzeug erreichen<\/p>\n[\/vc_column_text][vc_column_text el_class=&#8221;mtd20 mtm10&#8243;]Mit saisonalen Verbindungen, die von Fluggesellschaften wie Rhein-Neckar Air betrieben werden, ist Elba gut mit Deutschland verbunden, mit Zielen wie Mannheim und Friedrichshafen.<\/p>\n<p>Die Fl\u00fcge werden jeden Freitag zu folgenden Zeiten durchgef\u00fchrt:<\/p>\n<p>Mannheim \u2013 Elba: Abflug um 07:00, Ankunft um 08:35 (Flugnummer MHV 260)<br \/>\nElba \u2013 Friedrichshafen: Abflug um 09:05, Ankunft um 10:20 (Flugnummer MHV 261)<br \/>\nFriedrichshafen \u2013 Elba: Abflug um 10:50, Ankunft um 12:15 (Flugnummer MHV 263)<br \/>\nElba \u2013 Mannheim: Abflug um 12:45, Ankunft um 14:30 (Flugnummer MHV 264)<\/p>\n<p>F\u00fcr weitere Informationen besuchen Sie bitte die <a href=\"http:\/\/www.elbaisland-airport.it\/\" target=\"_blank\" rel=\"noopener\">offizielle Website des Flughafens der Insel Elba<\/a>.[\/vc_column_text][\/vc_column][\/vc_row][vc_row full_width=&#8221;stretch_row_content_no_spaces&#8221; content_placement=&#8221;middle&#8221; css=&#8221;.vc_custom_1706781036946{background-position: center !important;background-repeat: no-repeat !important;background-size: cover !important;}&#8221; wpex_bg_overlay_blend=&#8221;lighten&#8221;][vc_column][vc_gmaps link=&#8221;#E-8_JTNDaWZyYW1lJTIwc3JjJTNEJTIyaHR0cHMlM0ElMkYlMkZ3d3cuZ29vZ2xlLmNvbSUyRm1hcHMlMkZlbWJlZCUzRnBiJTNEJTIxMW0xOCUyMTFtMTIlMjExbTMlMjExZDIxMzM1LjM3MjMxNzMyMzk5MiUyMTJkMTAuMzM4NTI2ODE4NjYwNTIlMjEzZDQyLjc1OTMwNTMwOTM1ODQyJTIxMm0zJTIxMWYwJTIxMmYwJTIxM2YwJTIxM20yJTIxMWkxMDI0JTIxMmk3NjglMjE0ZjEzLjElMjEzbTMlMjExbTIlMjExczB4MTJkNjMzOGQ0M2M1MGYyOSUyNTNBMHhkYTc1YjA2NDM1YTI2YTlkJTIxMnNMZSUyNTIwQ2FsYW5jaGlvbGUlMjE1ZTAlMjEzbTIlMjExc2l0JTIxMnNpdCUyMTR2MTcwNjg5NjM0MDI1OSUyMTVtMiUyMTFzaXQlMjEyc2l0JTIyJTIwd2lkdGglM0QlMjI2MDAlMjIlMjBoZWlnaHQlM0QlMjI1MDAlMjIlMjBzdHlsZSUzRCUyMmJvcmRlciUzQTAlM0IlMjIlMjBhbGxvd2Z1bGxzY3JlZW4lM0QlMjIlMjIlMjBsb2FkaW5nJTNEJTIybGF6eSUyMiUyMHJlZmVycmVycG9saWN5JTNEJTIybm8tcmVmZXJyZXItd2hlbi1kb3duZ3JhZGUlMjIlM0UlM0MlMkZpZnJhbWUlM0U=&#8221;][\/vc_column][\/vc_row]\n<\/div>","protected":false},"excerpt":{"rendered":"<p>[vc_row full_width=&#8221;stretch_row&#8221; content_placement=&#8221;middle&#8221; css=&#8221;.vc_custom_1706603570686{background-image: url(https:\/\/www.lecalanchiole.it\/wp-content\/uploads\/2024\/01\/villaggio-isola-d-elba.jpg?id=768) !important;background-position: center !important;background-repeat: no-repeat !important;background-size: cover !important;}&#8221; el_class=&#8221;min_height_pag_int&#8221;][vc_column width=&#8221;1\/4&#8243;][\/vc_column][vc_column width=&#8221;1\/2&#8243;][vc_column_text color=&#8221;#ffffff&#8221; el_class=&#8221;page-header-title&#8221;] Wie Sie uns kontaktieren k\u00f6nnen und wie Sie uns erreichen [\/vc_column_text][\/vc_column][vc_column width=&#8221;1\/4&#8243;][\/vc_column][\/vc_row][vc_row equal_height=&#8221;yes&#8221; el_class=&#8221;mtd120 mtm60&#8243;][vc_column width=&#8221;1\/2&#8243; css=&#8221;.vc_custom_1707168228671{padding-right: 30px !important;padding-left: 30px !important;}&#8221;][vc_column_text css=&#8221;.vc_custom_1706896832793{padding-top: 15px !important;}&#8221; color=&#8221;#4499b8&#8243; text_transform=&#8221;uppercase&#8221;] Informationen und Reservierungen [\/vc_column_text][vc_column_text el_class=&#8221;mtd40 mtm30&#8243;]F\u00fcr Verf\u00fcgbarkeitsanfragen oder Reservierungen k\u00f6nnen Sie direkt&hellip;<\/p>\n","protected":false},"author":3,"featured_media":0,"parent":0,"menu_order":0,"comment_status":"closed","ping_status":"closed","template":"","meta":{"inline_featured_image":false,"footnotes":""},"class_list":["post-2583","page","type-page","status-publish","hentry","entry","no-media"],"_links":{"self":[{"href":"https:\/\/www.lecalanchiole.it\/de\/wp-json\/wp\/v2\/pages\/2583","targetHints":{"allow":["GET"]}}],"collection":[{"href":"https:\/\/www.lecalanchiole.it\/de\/wp-json\/wp\/v2\/pages"}],"about":[{"href":"https:\/\/www.lecalanchiole.it\/de\/wp-json\/wp\/v2\/types\/page"}],"author":[{"embeddable":true,"href":"https:\/\/www.lecalanchiole.it\/de\/wp-json\/wp\/v2\/users\/3"}],"replies":[{"embeddable":true,"href":"https:\/\/www.lecalanchiole.it\/de\/wp-json\/wp\/v2\/comments?post=2583"}],"version-history":[{"count":5,"href":"https:\/\/www.lecalanchiole.it\/de\/wp-json\/wp\/v2\/pages\/2583\/revisions"}],"predecessor-version":[{"id":4174,"href":"https:\/\/www.lecalanchiole.it\/de\/wp-json\/wp\/v2\/pages\/2583\/revisions\/4174"}],"wp:attachment":[{"href":"https:\/\/www.lecalanchiole.it\/de\/wp-json\/wp\/v2\/media?parent=2583"}],"curies":[{"name":"wp","href":"https:\/\/api.w.org\/{rel}","templated":true}]}}