{"id":2589,"date":"2024-02-19T16:09:23","date_gmt":"2024-02-19T15:09:23","guid":{"rendered":"https:\/\/www.lecalanchiole.it\/elba-faehre\/"},"modified":"2024-03-25T16:18:27","modified_gmt":"2024-03-25T15:18:27","slug":"elba-faehre","status":"publish","type":"page","link":"https:\/\/www.lecalanchiole.it\/de\/elba-faehre\/","title":{"rendered":"Elba-F\u00e4hre"},"content":{"rendered":"<div class=\"wpb-content-wrapper\">[vc_row full_width=&#8221;stretch_row&#8221; content_placement=&#8221;middle&#8221; css=&#8221;.vc_custom_1708356817410{background-image: url(https:\/\/www.lecalanchiole.it\/wp-content\/uploads\/2024\/02\/traghetto-elba-03.jpg?id=2348) !important;}&#8221; el_class=&#8221;min_height_pag_int&#8221;][vc_column width=&#8221;1\/4&#8243;][\/vc_column][vc_column width=&#8221;1\/2&#8243;][vc_column_text color=&#8221;#ffffff&#8221; el_class=&#8221;page-header-title&#8221;]\n<h1 style=\"text-align: center;\">biz su 20% Rabatt auf die F\u00e4hre<\/h1>\n[\/vc_column_text][\/vc_column][vc_column width=&#8221;1\/4&#8243;][\/vc_column][\/vc_row][vc_row content_placement=&#8221;middle&#8221; equal_height=&#8221;yes&#8221; el_class=&#8221;mtd120 mtm60&#8243; css=&#8221;.vc_custom_1706898862220{margin-bottom: 30px !important;}&#8221;][vc_column css_animation=&#8221;fadeInLeft&#8221; css=&#8221;.vc_custom_1707214290367{padding-top: 30px !important;padding-right: 30px !important;padding-left: 30px !important;background-position: center !important;background-repeat: no-repeat !important;background-size: contain !important;}&#8221; wpex_bg_position=&#8221;0% 0%&#8221; el_class=&#8221;mtm60&#8243;][vc_row_inner][vc_column_inner width=&#8221;1\/4&#8243;][vc_column_text font_size=&#8221;15px&#8221; text_transform=&#8221;uppercase&#8221; color=&#8221;#f9b233&#8243; letter_spacing=&#8221;wide&#8221; font_weight=&#8221;700&#8243;]Buchen Sie Ihre F\u00e4hre[\/vc_column_text][vc_column_text css=&#8221;.vc_custom_1711380002730{padding-top: 15px !important;}&#8221; color=&#8221;#4499b8&#8243;]\n<h2>biz su 20% Rabatt bei Buchung \u00fcber uns<\/h2>\n[\/vc_column_text][vc_column_text css=&#8221;.vc_custom_1707236227385{padding-top: 15px !important;}&#8221; color=&#8221;#4499b8&#8243;]\n<hr class=\"blu\" \/>\n[\/vc_column_text][\/vc_column_inner][vc_column_inner width=&#8221;3\/4&#8243;][vc_column_text el_class=&#8221;mtd40 mtm30&#8243;]Wenn Sie Ihren Aufenthalt in unserem Camping Village le Calanchiole buchen, haben Sie die M\u00f6glichkeit, einen Rabatt auf den Preis der F\u00e4hrtickets zu erhalten. Planen Sie Ihre Reise zur Insel Elba einfach und bequem!<\/p>\n<p>Mit jeder best\u00e4tigten Reservierung auf unserem Campingplatz haben Sie die M\u00f6glichkeit, bei den Gesellschaften <strong>Moby\/Toremar<\/strong> und <strong>BluNavy<\/strong> verg\u00fcnstigte Tarife in Anspruch zu nehmen und von <strong>Erm\u00e4\u00dfigungen von bis zu 20 % auf<\/strong> Br\u00fcckenpassagen und <strong>Autotransporttickets<\/strong> zu profitieren. Diese Sonderaktion ist leicht zug\u00e4nglich: Sie erhalten per E-Mail zusammen mit Ihrer Buchungsbest\u00e4tigung einen Aktionscode, mit dem Sie den Rabatt auf Ihr F\u00e4hrticket erhalten.[\/vc_column_text]<div class=\"vcex-spacing wpex-w-100 wpex-clear\"><\/div>[\/vc_column_inner][\/vc_row_inner][vc_row_inner][vc_column_inner width=&#8221;1\/6&#8243;][\/vc_column_inner][vc_column_inner width=&#8221;2\/3&#8243;][vc_column_text css=&#8221;.vc_custom_1710337929047{padding-top: 15px !important;}&#8221; color=&#8221;#4499b8&#8243;]\n<h2 style=\"text-align: center;\">Fahrpl\u00e4ne und Erm\u00e4\u00dfigungen f\u00fcr die F\u00e4hrgesellschaften Toremar und Moby<\/h2>\n[\/vc_column_text]<div class=\"vcex-spacing wpex-w-100 wpex-clear\"><\/div>[vc_single_image image=&#8221;2559&#8243; onclick=&#8221;custom_link&#8221; img_link_target=&#8221;_blank&#8221; link=&#8221;https:\/\/www.moby.it\/mds\/web\/minilink.app?idlink=658941&amp;lingua=de&#8221;][\/vc_column_inner][vc_column_inner width=&#8221;1\/6&#8243;][\/vc_column_inner][\/vc_row_inner][vc_row_inner css=&#8221;.vc_custom_1710334759354{margin-top: 25px !important;}&#8221;][vc_column_inner width=&#8221;1\/6&#8243;][\/vc_column_inner][vc_column_inner width=&#8221;2\/3&#8243;][vc_column_text css=&#8221;.vc_custom_1710338083752{padding-top: 15px !important;}&#8221; color=&#8221;#4499b8&#8243;]\n<h2 style=\"text-align: center;\">Fahrpl\u00e4ne und Erm\u00e4\u00dfigungen f\u00fcr die F\u00e4hrgesellschaft Blunavy<\/h2>\n[\/vc_column_text]<div class=\"vcex-spacing wpex-w-100 wpex-clear\"><\/div>[\/vc_column_inner][vc_column_inner width=&#8221;1\/6&#8243;][\/vc_column_inner][\/vc_row_inner][\/vc_column][\/vc_row][vc_row][vc_column][vc_raw_html]JTNDZGl2JTIwc3R5bGUlM0QlMjJtYXJnaW4lM0ElMjAwJTIwYXV0byUzQiUyMiUzRSUzQ2lmcmFtZSUyMGNsYXNzJTNEJTIyYmx1bmF2eWVtYmVkJTIyJTIwc3R5bGUlM0QlMjJib3JkZXIlM0ElMjBub25lJTNCJTIwZmlsdGVyJTNBJTIwZHJvcC1zaGFkb3clMjgwcHglMjAzcHglMjAxMHB4JTIwcmdiYSUyODAlMkMwJTJDMCUyQy4yJTI5JTI5JTNCJTIyJTIwc3JjJTNEJTIyaHR0cHMlM0ElMkYlMkZibHVuYXZ5dHJhZ2hldHRpLmNvbSUyRmRlJTJGaG90ZWwlMkZjYW1waW5nLXZpbGxhZ2UtbGUtY2FsYW5jaGlvbGUlM0ZpZnJhbWUlM0RiYW5uZXIlMjIlMjB3aWR0aCUzRCUyMjEwMCUyNSUyMiUyMGhlaWdodCUzRCUyMjEwMCUyNSUyMiUzRSUzQyUyRmlmcmFtZSUzRSUzQ3NjcmlwdCUyMHNyYyUzRCUyMmh0dHBzJTNBJTJGJTJGYmx1bmF2eXRyYWdoZXR0aS5jb20lMkZ3cC1jb250ZW50JTJGdGhlbWVzJTJGY29zbW8lMkZhc3NldHMlMkZqcyUyRmlmcmFtZSUyRmVtYmVkLmpzJTIyJTNFJTNDJTJGc2NyaXB0JTNFJTNDc3BhbiUyMHN0eWxlJTNEJTIyZm9udC1mYW1pbHklM0ElMjBzYW5zLXNlcmlmJTNCJTIwY29sb3IlM0ElMjAlMjMyOTJjN2UlM0IlMjBmb250LXNpemUlM0ElMjAxNHB4JTNCJTIwcGFkZGluZy10b3AlM0ElMjAxMHB4JTNCJTIwZGlzcGxheSUzQSUyMGZsZXglM0IlMjBhbGlnbi1pdGVtcyUzQSUyMGNlbnRlciUzQiUyMGp1c3RpZnktY29udGVudCUzQSUyMGNlbnRlciUzQiUyMGZsZXgtd3JhcCUzQSUyMHdyYXAlM0IlMjBnYXAlM0ElMjAxMHB4JTNCJTIwdmVydGljYWwtZ2FwJTNBJTIwMTBweCUzQiUyMiUzRVVuJTIwc2Vydml6aW8lMjBkaSUyMHRyYWdoZXR0aSUyMHBlciUyMGwlMjdFbGJhJTIwb2ZmZXJ0byUyMGRhJTIwJTNDYSUyMHN0eWxlJTNEJTIyZm9udC1mYW1pbHklM0ElMjBzYW5zLXNlcmlmJTNCJTIwY29sb3IlM0ElMjAlMjMyOTJjN2UlM0IlMjBmb250LXNpemUlM0ElMjAxNHB4JTNCJTIwdGV4dC1kZWNvcmF0aW9uJTNBJTIwbm9uZSUzQiUyMiUyMGhyZWYlM0QlMjJodHRwcyUzQSUyRiUyRmJsdW5hdnl0cmFnaGV0dGkuY29tJTJGJTNGdXRtX3NvdXJjZSUzRHNuaXBwZXQtZW1iZWQlMjIlM0VCbHVuYXZ5dHJhZ2hldHRpLmNvbSUzQyUyRmElM0UlMjAlM0NhJTIwaHJlZiUzRCUyMmh0dHBzJTNBJTJGJTJGYmx1bmF2eXRyYWdoZXR0aS5jb20lMkYlM0Z1dG1fc291cmNlJTNEc25pcHBldC1lbWJlZCUyMiUzRSUzQ2ltZyUyMHN0eWxlJTNEJTIyd2lkdGglM0ElMjA4MHB4JTNCJTIyJTIwc3JjJTNEJTIyaHR0cHMlM0ElMkYlMkZibHVuYXZ5dHJhZ2hldHRpLmNvbSUyRndwLWNvbnRlbnQlMkZ0aGVtZXMlMkZjb3NtbyUyRmFzc2V0cyUyRmltYWdlcyUyRmxvZ28tYmx1bmF2eS10cmFnaGV0dGkucG5nJTIyJTIwYWx0JTNEJTIyTG9nbyUyMEJsdU5hdnklMjB0cmFnaGV0dGklMjBFbGJhJTIyJTNFJTNDJTJGYSUzRSUzQyUyRnNwYW4lM0UlM0MlMkZkaXYlM0U=[\/vc_raw_html][\/vc_column][\/vc_row][vc_row content_placement=&#8221;middle&#8221; css=&#8221;.vc_custom_1708356014520{margin-bottom: 50px !important;}&#8221;][vc_column css_animation=&#8221;fadeInLeft&#8221; width=&#8221;1\/2&#8243; css=&#8221;.vc_custom_1708355348391{padding-right: 30px !important;padding-left: 30px !important;}&#8221;][vc_column_text el_class=&#8221;mtd40 mtm30&#8243;]Wenn Sie mit der F\u00e4hre zur Insel Elba fahren, beginnt Ihr Urlaub schon vor Ihrer Ankunft. Vom Hafen von Piombino aus <strong>bieten<\/strong> vier Reedereien <strong>&#8211; Toremar<\/strong>,<strong> Blu Navy<\/strong>, <strong>Moby Lines<\/strong> und <strong>Corsica Ferries &#8211;<\/strong> t\u00e4gliche Fahrten an, die Sie ins Herz von Elba, nach Portoferraio, bringen. Dieser Ausflug, der nur etwa 45 bis 60 Minuten dauert, ist der perfekte Einstieg in die Sch\u00f6nheit, die Sie erwartet.<\/p>\n<p>Toremar bietet auch eine F\u00e4hrverbindung nach <strong>Rio Marina<\/strong>, w\u00e4hrend Moby bis nach <strong>Cavo<\/strong> f\u00e4hrt. Und wenn Sie es eilig haben oder einfach nur mit leichtem Gep\u00e4ck reisen m\u00f6chten, bietet Toremar schnelle Tragfl\u00e4chenboote an, die nur Passagiere bef\u00f6rdern und Sie in nur 40 Minuten landen lassen.<\/p>\n<p>Diese kurze Seereise ist nicht nur ein Mittel zum Zweck, sondern ein Erlebnis an sich. Stellen Sie sich vor, wie Sie an Bord sind, den Wind in den Haaren sp\u00fcren und die Sonne sich im Wasser spiegelt, w\u00e4hrend Sie sich langsam Ihrem Abenteuer auf der Insel Elba n\u00e4hern.[\/vc_column_text]<style> style=\"height:50px;\"<\/style><div class=\"vcex-spacing wpex-w-100 wpex-clear\" style=\"height:50px;\"><\/div>[\/vc_column][vc_column css_animation=&#8221;fadeInRight&#8221; width=&#8221;1\/2&#8243; css=&#8221;.vc_custom_1708356436156{padding-top: 150px !important;padding-bottom: 150px !important;}&#8221;][vc_single_image image=&#8221;1906&#8243;][\/vc_column][\/vc_row][vc_row full_width=&#8221;stretch_row_content_no_spaces&#8221; content_placement=&#8221;middle&#8221; css=&#8221;.vc_custom_1706781036946{background-position: center !important;background-repeat: no-repeat !important;background-size: cover !important;}&#8221; wpex_bg_overlay_blend=&#8221;lighten&#8221;][vc_column]<style> style=\"height:50px;\"<\/style><div class=\"vcex-spacing wpex-w-100 wpex-clear\" style=\"height:50px;\"><\/div><style class=\"vcex-carousel-preload-css\">.vcex_69e1e67e3ead0{--wpex-carousel-gap:0px;}.vcex_69e1e67e3ead0{--wpex-carousel-columns:1;}.vcex_69e1e67e3ead0.wpex-carousel:not(.owl-loaded) > *:not(:nth-child(1n+2)) {display: flex !important;}@media only screen and (min-width: 480px) {.vcex_69e1e67e3ead0{--wpex-carousel-columns:2;}.vcex_69e1e67e3ead0.wpex-carousel:not(.owl-loaded) > *:not(:nth-child(1n+3)) {display: flex !important;}}@media only screen and (min-width: 768px) {.vcex_69e1e67e3ead0{--wpex-carousel-columns:3;}.vcex_69e1e67e3ead0.wpex-carousel:not(.owl-loaded) > *:not(:nth-child(1n+4)) {display: flex !important;}}@media only screen and (min-width: 960px) {.vcex_69e1e67e3ead0{--wpex-carousel-columns:4;}.vcex_69e1e67e3ead0.wpex-carousel:not(.owl-loaded) > *:not(:nth-child(1n+5)) {display: flex !important;}}<\/style><div class=\"vcex-module wpex-carousel wpex-carousel-images wpex-clr owl-carousel wpex-carousel--render-onload vcex_69e1e67e3ead0 arrwstyle-min arrwpos-right\" data-wpex-carousel=\"{&quot;autoplay&quot;:&quot;true&quot;,&quot;margin&quot;:0,&quot;responsive&quot;:{&quot;0&quot;:{&quot;items&quot;:&quot;1&quot;},&quot;480&quot;:{&quot;items&quot;:&quot;2&quot;},&quot;768&quot;:{&quot;items&quot;:&quot;3&quot;},&quot;960&quot;:{&quot;items&quot;:&quot;4&quot;}}}\"><div class=\"wpex-carousel-slide\"><figure class=\"wpex-carousel-entry-media entry-media\"><img width=\"1200\" height=\"800\" src=\"https:\/\/www.lecalanchiole.it\/wp-content\/uploads\/2024\/02\/Bungalow-Pini-1.jpg\" class=\"wpex-align-middle skip-lazy\" alt=\"\" data-no-lazy=\"1\" srcset=\"https:\/\/www.lecalanchiole.it\/wp-content\/uploads\/2024\/02\/Bungalow-Pini-1.jpg 1200w, https:\/\/www.lecalanchiole.it\/wp-content\/uploads\/2024\/02\/Bungalow-Pini-1-300x200.jpg 300w, https:\/\/www.lecalanchiole.it\/wp-content\/uploads\/2024\/02\/Bungalow-Pini-1-1024x683.jpg 1024w, https:\/\/www.lecalanchiole.it\/wp-content\/uploads\/2024\/02\/Bungalow-Pini-1-768x512.jpg 768w\" sizes=\"(max-width: 1200px) 100vw, 1200px\" \/><\/figure><\/div><div class=\"wpex-carousel-slide\"><figure class=\"wpex-carousel-entry-media entry-media\"><img width=\"1200\" height=\"800\" src=\"https:\/\/www.lecalanchiole.it\/wp-content\/uploads\/2024\/02\/bungalow-vista-mare-elba.jpg\" class=\"wpex-align-middle skip-lazy\" alt=\"Camping Village Isola d&#039;Elba\" data-no-lazy=\"1\" srcset=\"https:\/\/www.lecalanchiole.it\/wp-content\/uploads\/2024\/02\/bungalow-vista-mare-elba.jpg 1200w, https:\/\/www.lecalanchiole.it\/wp-content\/uploads\/2024\/02\/bungalow-vista-mare-elba-300x200.jpg 300w, https:\/\/www.lecalanchiole.it\/wp-content\/uploads\/2024\/02\/bungalow-vista-mare-elba-1024x683.jpg 1024w, https:\/\/www.lecalanchiole.it\/wp-content\/uploads\/2024\/02\/bungalow-vista-mare-elba-768x512.jpg 768w\" sizes=\"(max-width: 1200px) 100vw, 1200px\" \/><\/figure><\/div><div class=\"wpex-carousel-slide\"><figure class=\"wpex-carousel-entry-media entry-media\"><img width=\"1200\" height=\"800\" src=\"https:\/\/www.lecalanchiole.it\/wp-content\/uploads\/2024\/02\/Mare-Isola-dElba2.jpg\" class=\"wpex-align-middle skip-lazy\" alt=\"offerte mare isola d&#039;elba - Le calanchiole\" data-no-lazy=\"1\" srcset=\"https:\/\/www.lecalanchiole.it\/wp-content\/uploads\/2024\/02\/Mare-Isola-dElba2.jpg 1200w, https:\/\/www.lecalanchiole.it\/wp-content\/uploads\/2024\/02\/Mare-Isola-dElba2-300x200.jpg 300w, https:\/\/www.lecalanchiole.it\/wp-content\/uploads\/2024\/02\/Mare-Isola-dElba2-1024x683.jpg 1024w, https:\/\/www.lecalanchiole.it\/wp-content\/uploads\/2024\/02\/Mare-Isola-dElba2-768x512.jpg 768w\" sizes=\"(max-width: 1200px) 100vw, 1200px\" \/><\/figure><\/div><div class=\"wpex-carousel-slide\"><figure class=\"wpex-carousel-entry-media entry-media\"><img width=\"1200\" height=\"801\" src=\"https:\/\/www.lecalanchiole.it\/wp-content\/uploads\/2024\/02\/carosello-footer-02.jpg\" class=\"wpex-align-middle skip-lazy\" alt=\"Villaggio Isola d&#039;Elba\" data-no-lazy=\"1\" srcset=\"https:\/\/www.lecalanchiole.it\/wp-content\/uploads\/2024\/02\/carosello-footer-02.jpg 1200w, https:\/\/www.lecalanchiole.it\/wp-content\/uploads\/2024\/02\/carosello-footer-02-300x200.jpg 300w, https:\/\/www.lecalanchiole.it\/wp-content\/uploads\/2024\/02\/carosello-footer-02-1024x684.jpg 1024w, https:\/\/www.lecalanchiole.it\/wp-content\/uploads\/2024\/02\/carosello-footer-02-768x513.jpg 768w\" sizes=\"(max-width: 1200px) 100vw, 1200px\" \/><\/figure><\/div><div class=\"wpex-carousel-slide\"><figure class=\"wpex-carousel-entry-media entry-media\"><img width=\"1200\" height=\"800\" src=\"https:\/\/www.lecalanchiole.it\/wp-content\/uploads\/2024\/02\/06.jpg\" class=\"wpex-align-middle skip-lazy\" alt=\"\" data-no-lazy=\"1\" srcset=\"https:\/\/www.lecalanchiole.it\/wp-content\/uploads\/2024\/02\/06.jpg 1200w, https:\/\/www.lecalanchiole.it\/wp-content\/uploads\/2024\/02\/06-300x200.jpg 300w, https:\/\/www.lecalanchiole.it\/wp-content\/uploads\/2024\/02\/06-1024x683.jpg 1024w, https:\/\/www.lecalanchiole.it\/wp-content\/uploads\/2024\/02\/06-768x512.jpg 768w\" sizes=\"(max-width: 1200px) 100vw, 1200px\" \/><\/figure><\/div><div class=\"wpex-carousel-slide\"><figure class=\"wpex-carousel-entry-media entry-media\"><img width=\"1200\" height=\"800\" src=\"https:\/\/www.lecalanchiole.it\/wp-content\/uploads\/2024\/02\/07.jpg\" class=\"wpex-align-middle skip-lazy\" alt=\"Offerte Villaggio Isola d&#039;Elba Mare Toscana - Le Calanchiole\" data-no-lazy=\"1\" srcset=\"https:\/\/www.lecalanchiole.it\/wp-content\/uploads\/2024\/02\/07.jpg 1200w, https:\/\/www.lecalanchiole.it\/wp-content\/uploads\/2024\/02\/07-300x200.jpg 300w, https:\/\/www.lecalanchiole.it\/wp-content\/uploads\/2024\/02\/07-1024x683.jpg 1024w, https:\/\/www.lecalanchiole.it\/wp-content\/uploads\/2024\/02\/07-768x512.jpg 768w\" sizes=\"(max-width: 1200px) 100vw, 1200px\" \/><\/figure><\/div><div class=\"wpex-carousel-slide\"><figure class=\"wpex-carousel-entry-media entry-media\"><img width=\"1200\" height=\"800\" src=\"https:\/\/www.lecalanchiole.it\/wp-content\/uploads\/2024\/02\/Bungalow-Pini-7.jpg\" class=\"wpex-align-middle skip-lazy\" alt=\"\" data-no-lazy=\"1\" srcset=\"https:\/\/www.lecalanchiole.it\/wp-content\/uploads\/2024\/02\/Bungalow-Pini-7.jpg 1200w, https:\/\/www.lecalanchiole.it\/wp-content\/uploads\/2024\/02\/Bungalow-Pini-7-300x200.jpg 300w, https:\/\/www.lecalanchiole.it\/wp-content\/uploads\/2024\/02\/Bungalow-Pini-7-1024x683.jpg 1024w, https:\/\/www.lecalanchiole.it\/wp-content\/uploads\/2024\/02\/Bungalow-Pini-7-768x512.jpg 768w\" sizes=\"(max-width: 1200px) 100vw, 1200px\" \/><\/figure><\/div><div class=\"wpex-carousel-slide\"><figure class=\"wpex-carousel-entry-media entry-media\"><img width=\"948\" height=\"632\" src=\"https:\/\/www.lecalanchiole.it\/wp-content\/uploads\/2024\/01\/Camping-Village-Isola-dElba.jpg\" class=\"wpex-align-middle skip-lazy\" alt=\"Camping Village Isola d&#039;Elba\" data-no-lazy=\"1\" srcset=\"https:\/\/www.lecalanchiole.it\/wp-content\/uploads\/2024\/01\/Camping-Village-Isola-dElba.jpg 948w, https:\/\/www.lecalanchiole.it\/wp-content\/uploads\/2024\/01\/Camping-Village-Isola-dElba-300x200.jpg 300w, https:\/\/www.lecalanchiole.it\/wp-content\/uploads\/2024\/01\/Camping-Village-Isola-dElba-768x512.jpg 768w\" sizes=\"(max-width: 948px) 100vw, 948px\" \/><\/figure><\/div><div class=\"wpex-carousel-slide\"><figure class=\"wpex-carousel-entry-media entry-media\"><img width=\"1200\" height=\"800\" src=\"https:\/\/www.lecalanchiole.it\/wp-content\/uploads\/2024\/02\/isola-d-elba.jpg\" class=\"wpex-align-middle skip-lazy\" alt=\"Offerte Villaggio Isola d&#039;Elba Mare Toscana - Le Calanchiole\" data-no-lazy=\"1\" srcset=\"https:\/\/www.lecalanchiole.it\/wp-content\/uploads\/2024\/02\/isola-d-elba.jpg 1200w, https:\/\/www.lecalanchiole.it\/wp-content\/uploads\/2024\/02\/isola-d-elba-300x200.jpg 300w, https:\/\/www.lecalanchiole.it\/wp-content\/uploads\/2024\/02\/isola-d-elba-1024x683.jpg 1024w, https:\/\/www.lecalanchiole.it\/wp-content\/uploads\/2024\/02\/isola-d-elba-768x512.jpg 768w\" sizes=\"(max-width: 1200px) 100vw, 1200px\" \/><\/figure><\/div><\/div>[\/vc_column][\/vc_row]\n<\/div>","protected":false},"excerpt":{"rendered":"<p>[vc_row full_width=&#8221;stretch_row&#8221; content_placement=&#8221;middle&#8221; css=&#8221;.vc_custom_1708356817410{background-image: url(https:\/\/www.lecalanchiole.it\/wp-content\/uploads\/2024\/02\/traghetto-elba-03.jpg?id=2348) !important;}&#8221; el_class=&#8221;min_height_pag_int&#8221;][vc_column width=&#8221;1\/4&#8243;][\/vc_column][vc_column width=&#8221;1\/2&#8243;][vc_column_text color=&#8221;#ffffff&#8221; el_class=&#8221;page-header-title&#8221;] biz su 20% Rabatt auf die F\u00e4hre [\/vc_column_text][\/vc_column][vc_column width=&#8221;1\/4&#8243;][\/vc_column][\/vc_row][vc_row content_placement=&#8221;middle&#8221; equal_height=&#8221;yes&#8221; el_class=&#8221;mtd120 mtm60&#8243; css=&#8221;.vc_custom_1706898862220{margin-bottom: 30px !important;}&#8221;][vc_column css_animation=&#8221;fadeInLeft&#8221; css=&#8221;.vc_custom_1707214290367{padding-top: 30px !important;padding-right: 30px !important;padding-left: 30px !important;background-position: center !important;background-repeat: no-repeat !important;background-size: contain !important;}&#8221; wpex_bg_position=&#8221;0% 0%&#8221; el_class=&#8221;mtm60&#8243;][vc_row_inner][vc_column_inner width=&#8221;1\/4&#8243;][vc_column_text font_size=&#8221;15px&#8221; text_transform=&#8221;uppercase&#8221; color=&#8221;#f9b233&#8243; letter_spacing=&#8221;wide&#8221; font_weight=&#8221;700&#8243;]Buchen Sie Ihre F\u00e4hre[\/vc_column_text][vc_column_text css=&#8221;.vc_custom_1711380002730{padding-top: 15px&hellip;<\/p>\n","protected":false},"author":3,"featured_media":0,"parent":0,"menu_order":0,"comment_status":"closed","ping_status":"closed","template":"","meta":{"inline_featured_image":false,"footnotes":""},"class_list":["post-2589","page","type-page","status-publish","hentry","entry","no-media"],"_links":{"self":[{"href":"https:\/\/www.lecalanchiole.it\/de\/wp-json\/wp\/v2\/pages\/2589","targetHints":{"allow":["GET"]}}],"collection":[{"href":"https:\/\/www.lecalanchiole.it\/de\/wp-json\/wp\/v2\/pages"}],"about":[{"href":"https:\/\/www.lecalanchiole.it\/de\/wp-json\/wp\/v2\/types\/page"}],"author":[{"embeddable":true,"href":"https:\/\/www.lecalanchiole.it\/de\/wp-json\/wp\/v2\/users\/3"}],"replies":[{"embeddable":true,"href":"https:\/\/www.lecalanchiole.it\/de\/wp-json\/wp\/v2\/comments?post=2589"}],"version-history":[{"count":5,"href":"https:\/\/www.lecalanchiole.it\/de\/wp-json\/wp\/v2\/pages\/2589\/revisions"}],"predecessor-version":[{"id":2691,"href":"https:\/\/www.lecalanchiole.it\/de\/wp-json\/wp\/v2\/pages\/2589\/revisions\/2691"}],"wp:attachment":[{"href":"https:\/\/www.lecalanchiole.it\/de\/wp-json\/wp\/v2\/media?parent=2589"}],"curies":[{"name":"wp","href":"https:\/\/api.w.org\/{rel}","templated":true}]}}