{"id":2592,"date":"2024-02-01T18:45:47","date_gmt":"2024-02-01T17:45:47","guid":{"rendered":"https:\/\/www.lecalanchiole.it\/familie\/"},"modified":"2025-08-04T08:22:00","modified_gmt":"2025-08-04T06:22:00","slug":"feriendorf-fur-familie-insel-elba","status":"publish","type":"page","link":"https:\/\/www.lecalanchiole.it\/de\/feriendorf-fur-familie-insel-elba\/","title":{"rendered":"Familie"},"content":{"rendered":"<div class=\"wpb-content-wrapper\">[vc_row full_width=&#8221;stretch_row&#8221; content_placement=&#8221;middle&#8221; parallax=&#8221;content-moving&#8221; css=&#8221;.vc_custom_1707236057884{background-image: url(https:\/\/www.lecalanchiole.it\/wp-content\/uploads\/2024\/02\/camping-famiglie-elba.jpg?id=1772) !important;background-position: center;background-repeat: no-repeat !important;background-size: cover !important;}&#8221; el_class=&#8221;min_height_pag_int&#8221;][vc_column width=&#8221;1\/4&#8243;][\/vc_column][vc_column width=&#8221;1\/2&#8243;][vc_column_text color=&#8221;#ffffff&#8221; el_class=&#8221;page-header-title&#8221;]\n<h1 style=\"text-align: center;\">Familiendorf<\/h1>\n[\/vc_column_text][\/vc_column][vc_column width=&#8221;1\/4&#8243;][\/vc_column][\/vc_row][vc_row content_placement=&#8221;middle&#8221; equal_height=&#8221;yes&#8221; el_class=&#8221;mtd120 mtm60&#8243; css=&#8221;.vc_custom_1706898862220{margin-bottom: 30px !important;}&#8221;][vc_column css_animation=&#8221;fadeInLeft&#8221; css=&#8221;.vc_custom_1707214290367{padding-top: 30px !important;padding-right: 30px !important;padding-left: 30px !important;background-position: center !important;background-repeat: no-repeat !important;background-size: contain !important;}&#8221; wpex_bg_position=&#8221;0% 0%&#8221; el_class=&#8221;mtm60&#8243;][vc_row_inner][vc_column_inner width=&#8221;1\/4&#8243;][vc_column_text font_size=&#8221;15px&#8221; text_transform=&#8221;uppercase&#8221; color=&#8221;#f9b233&#8243; letter_spacing=&#8221;wide&#8221; font_weight=&#8221;700&#8243;]Eine nat\u00fcrliche Ecke zwischen Sand und Meer[\/vc_column_text][vc_column_text css=&#8221;.vc_custom_1707218561254{padding-top: 15px !important;}&#8221; color=&#8221;#4499b8&#8243;]\n<h2>Den Familien gewidmet<\/h2>\n[\/vc_column_text][vc_column_text font_size=&#8221;15px&#8221; text_transform=&#8221;uppercase&#8221; color=&#8221;#f9b233&#8243; letter_spacing=&#8221;wide&#8221; font_weight=&#8221;700&#8243;]\n<hr class=\"blu\" \/>\n[\/vc_column_text][\/vc_column_inner][vc_column_inner width=&#8221;3\/4&#8243;][vc_column_text el_class=&#8221;mtd40 mtm30&#8243;]Das Le Calanchiole Camping Village auf der Insel Elba ist das perfekte Ziel f\u00fcr Familien und Kinder jeden Alters. Sich f\u00fcr einen Urlaub in Le Calanchiole zu entscheiden, bedeutet, sich f\u00fcr einen Ort zu entscheiden, der jedem Familienmitglied &#8211; Eltern, Gro\u00dfeltern, Kindern und Jugendlichen &#8211; die M\u00f6glichkeit bietet, einzigartige und unvergessliche Momente zu erleben, wobei die unterschiedlichen Bed\u00fcrfnisse und Erwartungen an den Urlaub ber\u00fccksichtigt werden.[\/vc_column_text][vc_column_text el_class=&#8221;mtd40 mtm30&#8243;]Hier wird jeder Tag zu einer Gelegenheit, die Reize der Insel Elba gemeinsam zu entdecken, dank eines Angebots, das alle W\u00fcnsche erf\u00fcllt: von der Entspannung an den weichen Str\u00e4nden, die nur wenige Schritte von der Unterkunft entfernt sind, bis hin zu Abenteuern in der umliegenden Natur und Unterhaltungsaktivit\u00e4ten, die alle, ob jung oder alt, unterhalten und einbeziehen.[\/vc_column_text][vc_column_text css=&#8221;.vc_custom_1707218705900{padding-top: 15px !important;}&#8221; color=&#8221;#4499b8&#8243;]\n<h2><em>Das perfekte Familiendorf, um unvergessliche Erinnerungen zu schaffen<\/em><\/h2>\n[\/vc_column_text][\/vc_column_inner][\/vc_row_inner][\/vc_column][\/vc_row][vc_row][vc_column width=&#8221;2\/6&#8243;][vc_single_image image=&#8221;1597&#8243; img_size=&#8221;large&#8221; alignment=&#8221;center&#8221;]<div class=\"vcex-spacing wpex-w-100 wpex-clear\"><\/div>[\/vc_column][vc_column width=&#8221;4\/6&#8243;][vc_row_inner][vc_column_inner width=&#8221;1\/3&#8243;][vc_single_image image=&#8221;1217&#8243; img_size=&#8221;large&#8221; alignment=&#8221;center&#8221;]<div class=\"vcex-spacing wpex-w-100 wpex-clear\"><\/div>[\/vc_column_inner][vc_column_inner width=&#8221;1\/3&#8243;][vc_single_image image=&#8221;1143&#8243; img_size=&#8221;large&#8221; alignment=&#8221;center&#8221;]<div class=\"vcex-spacing wpex-w-100 wpex-clear\"><\/div>[\/vc_column_inner][vc_column_inner width=&#8221;1\/3&#8243;][vc_single_image image=&#8221;1245&#8243; img_size=&#8221;large&#8221; alignment=&#8221;center&#8221;]<div class=\"vcex-spacing wpex-w-100 wpex-clear\"><\/div>[\/vc_column_inner][\/vc_row_inner][vc_row_inner][vc_column_inner width=&#8221;1\/2&#8243;][vc_single_image image=&#8221;1765&#8243; img_size=&#8221;large&#8221; alignment=&#8221;center&#8221;]<div class=\"vcex-spacing wpex-w-100 wpex-clear\"><\/div>[\/vc_column_inner][vc_column_inner width=&#8221;1\/2&#8243;][vc_single_image image=&#8221;1760&#8243; img_size=&#8221;1200&#215;900&#8243; alignment=&#8221;center&#8221;]<div class=\"vcex-spacing wpex-w-100 wpex-clear\"><\/div>[\/vc_column_inner][\/vc_row_inner][\/vc_column][\/vc_row][vc_row content_placement=&#8221;middle&#8221; equal_height=&#8221;yes&#8221; el_class=&#8221;mtd20 mtm60&#8243; css=&#8221;.vc_custom_1707218376910{margin-bottom: 30px !important;}&#8221;][vc_column css_animation=&#8221;fadeInLeft&#8221; width=&#8221;1\/6&#8243; css=&#8221;.vc_custom_1707213292833{background-position: center !important;background-repeat: no-repeat !important;background-size: contain !important;}&#8221; wpex_bg_position=&#8221;0% 0%&#8221; el_class=&#8221;mtm60&#8243;][\/vc_column][vc_column css_animation=&#8221;fadeInRight&#8221; width=&#8221;2\/3&#8243; css=&#8221;.vc_custom_1707214283331{padding-top: 30px !important;padding-right: 30px !important;padding-left: 30px !important;}&#8221;][vc_column_text el_class=&#8221;mtd40 mtm30&#8243;]Le Calanchiole Camping Village ist ein wahres Paradies f\u00fcr Familien, die einen erholsamen Urlaub mit vielen Aktivit\u00e4ten und Dienstleistungen suchen. Der Fu\u00dfball- und Volleyballplatz bietet Familien die M\u00f6glichkeit, gemeinsam Sport zu treiben, w\u00e4hrend der Wi-Fi-Internetzugang daf\u00fcr sorgt, dass alle in Verbindung bleiben. Das Dorf bietet auch eine breite Palette an gastronomischen M\u00f6glichkeiten, vom Restaurant und der Pizzeria \u00fcber die Bar und die Selbstbedienung bis hin zum Markt f\u00fcr alle t\u00e4glichen Bed\u00fcrfnisse.[\/vc_column_text]<div class=\"vcex-spacing wpex-w-100 wpex-clear\"><\/div>[vc_single_image image=&#8221;1005&#8243; img_size=&#8221;large&#8221;]<div class=\"vcex-spacing wpex-w-100 wpex-clear\"><\/div>[vc_column_text css=&#8221;.vc_custom_1707218202764{padding-top: 15px !important;}&#8221; color=&#8221;#4499b8&#8243;]\n<h2>Der Familienservice des Camping Village le Calanchiole<\/h2>\n[\/vc_column_text][vc_column_text css=&#8221;.vc_custom_1707236152252{padding-top: 15px !important;}&#8221; color=&#8221;#4499b8&#8243;]\n<hr class=\"blu\" \/>\n[\/vc_column_text][vc_column_text el_class=&#8221;mtd40 mtm30&#8243;]Zu den Annehmlichkeiten geh\u00f6ren praktische Dienstleistungen wie <strong>Wasch-<\/strong> und <strong>B\u00fcgelservice<\/strong>, <strong>Metzgerei<\/strong>, <strong>Tabakladen<\/strong> sowie eine <strong>Klinik mit Kinderarzt<\/strong>, <strong>K\u00fchlschrank<\/strong>, so dass alle Aspekte des t\u00e4glichen Lebens abgedeckt sind.<\/p>\n<p>Im Mittelpunkt des Familienangebots steht die <strong>Unterhaltung<\/strong>. Die Aktivit\u00e4ten reichen von einem <strong>Kinderclub<\/strong> f\u00fcr Kinder, der Spiele und Bastelarbeiten anbietet, bis hin zu <strong>Sportprogrammen<\/strong> f\u00fcr Erwachsene mit Turnieren, Gymnastik, Aerobic, Gruppent\u00e4nzen und Wassergymnastik im Meer. Und das ist noch nicht alles: Die Abende werden durch <strong>Kabarett-Shows<\/strong>, Themenabende, Spiele und Tanz belebt, und das alles vor dem Hintergrund der herrlichen Stella Gulf Bay.<\/p>\n<p><em><strong>Im Le Calanchiole Camping Village findet jedes Familienmitglied seinen idealen Platz, um Spa\u00df zu haben, sich zu entspannen und gl\u00fcckliche Erinnerungen in einer sicheren und einladenden Umgebung zu schaffen.<\/strong><\/em>[\/vc_column_text][\/vc_column][vc_column width=&#8221;1\/6&#8243;][\/vc_column][\/vc_row][vc_row css_animation=&#8221;fadeInUp&#8221; full_width=&#8221;stretch_row&#8221; content_placement=&#8221;middle&#8221; el_class=&#8221;pbd60 pbm60 mtd80&#8243;][vc_column width=&#8221;1\/6&#8243; el_class=&#8221;icon_box_pag_int mtm30&#8243;]<div class=\"vcex-module vcex-icon-box vcex-icon-box-two wpex-block wpex-text-center\"><div class=\"vcex-icon-box-symbol wpex-mb-20\"><div class=\"vcex-icon-box-icon wpex-inline-flex wpex-items-center wpex-justify-center wpex-child-inherit-color wpex-text-center wpex-leading-none wpex-text-1\" style=\"color:#4499b8;font-size:var(--vcex-icon-md);\"><span aria-hidden=\"true\" class=\"fas fa-utensils\"><\/span><\/div><\/div><div class=\"vcex-icon-box-text\"><h2 class=\"vcex-icon-box-heading wpex-heading wpex-mb-10\" style=\"font-family:NunitoSans;color:#344a53;--wpex-hover-heading-link-color:#344a53;font-size:22px;\">Verpflegung<\/h2><div class=\"vcex-icon-box-content wpex-last-mb-0 wpex-clr\" style=\"font-family:NunitoSans;color:currentColor;font-size:17px;\"><p>Restaurant, Pizzeria, Bar<\/p>\n<\/div><\/div><\/div>[\/vc_column][vc_column width=&#8221;1\/6&#8243; el_class=&#8221;icon_box_pag_int mtm30&#8243;]<div class=\"vcex-module vcex-icon-box vcex-icon-box-two wpex-block wpex-text-center\"><div class=\"vcex-icon-box-symbol wpex-mb-20\"><div class=\"vcex-icon-box-icon wpex-inline-flex wpex-items-center wpex-justify-center wpex-child-inherit-color wpex-text-center wpex-leading-none wpex-text-1\" style=\"color:#4499b8;font-size:var(--vcex-icon-md);\"><span aria-hidden=\"true\" class=\"fas fa-bed\"><\/span><\/div><\/div><div class=\"vcex-icon-box-text\"><h2 class=\"vcex-icon-box-heading wpex-heading wpex-mb-10\" style=\"font-family:NunitoSans;color:#344a53;--wpex-hover-heading-link-color:#344a53;font-size:22px;\">Unterk\u00fcnfte<\/h2><div class=\"vcex-icon-box-content wpex-last-mb-0 wpex-clr\" style=\"font-family:NunitoSans;color:currentColor;font-size:17px;\"><p>Bungalows, Wohnungen, Grundst\u00fccke.<\/p>\n<\/div><\/div><\/div>[\/vc_column][vc_column width=&#8221;1\/6&#8243; el_class=&#8221;icon_box_pag_int mtm30&#8243;]<div class=\"vcex-module vcex-icon-box vcex-icon-box-two wpex-block wpex-text-center\"><div class=\"vcex-icon-box-symbol wpex-mb-20\"><div class=\"vcex-icon-box-icon wpex-inline-flex wpex-items-center wpex-justify-center wpex-child-inherit-color wpex-text-center wpex-leading-none wpex-text-1\" style=\"color:#4499b8;font-size:var(--vcex-icon-md);\"><span aria-hidden=\"true\" class=\"fas fa-anchor\"><\/span><\/div><\/div><div class=\"vcex-icon-box-text\"><h2 class=\"vcex-icon-box-heading wpex-heading wpex-mb-10\" style=\"font-family:NunitoSans;color:#344a53;--wpex-hover-heading-link-color:#344a53;font-size:22px;\">Pier<\/h2><div class=\"vcex-icon-box-content wpex-last-mb-0 wpex-clr\" style=\"font-family:NunitoSans;color:currentColor;font-size:17px;\"><p>F\u00fcr Boote und Schlauchboote<\/p>\n<\/div><\/div><\/div>[\/vc_column][vc_column width=&#8221;1\/6&#8243; el_class=&#8221;icon_box_pag_int mtm30&#8243;]<div class=\"vcex-module vcex-icon-box vcex-icon-box-two wpex-block wpex-text-center\"><div class=\"vcex-icon-box-symbol wpex-mb-20\"><div class=\"vcex-icon-box-icon wpex-inline-flex wpex-items-center wpex-justify-center wpex-child-inherit-color wpex-text-center wpex-leading-none wpex-text-1\" style=\"color:#4499b8;font-size:var(--vcex-icon-md);\"><span aria-hidden=\"true\" class=\"fas fa-volleyball-ball\"><\/span><\/div><\/div><div class=\"vcex-icon-box-text\"><h2 class=\"vcex-icon-box-heading wpex-heading wpex-mb-10\" style=\"font-family:NunitoSans;color:#344a53;--wpex-hover-heading-link-color:#344a53;font-size:22px;\">Sportpl\u00e4tze<\/h2><div class=\"vcex-icon-box-content wpex-last-mb-0 wpex-clr\" style=\"font-family:NunitoSans;color:currentColor;font-size:17px;\"><p>Fu\u00dfball und Volleyball<\/p>\n<\/div><\/div><\/div>[\/vc_column][vc_column width=&#8221;1\/6&#8243;]<div class=\"vcex-module vcex-icon-box vcex-icon-box-two wpex-block wpex-text-center\"><div class=\"vcex-icon-box-symbol wpex-mb-20\"><div class=\"vcex-icon-box-icon wpex-inline-flex wpex-items-center wpex-justify-center wpex-child-inherit-color wpex-text-center wpex-leading-none wpex-text-1\" style=\"color:#4499b8;font-size:var(--vcex-icon-md);\"><span aria-hidden=\"true\" class=\"fas fa-guitar\"><\/span><\/div><\/div><div class=\"vcex-icon-box-text\"><h2 class=\"vcex-icon-box-heading wpex-heading wpex-mb-10\" style=\"font-family:NunitoSans;color:#344a53;--wpex-hover-heading-link-color:#344a53;font-size:22px;\">Animation<\/h2><div class=\"vcex-icon-box-content wpex-last-mb-0 wpex-clr\" style=\"font-family:NunitoSans;color:currentColor;font-size:17px;\"><p>F\u00fcr Kinder und Erwachsene<\/p>\n<\/div><\/div><\/div>[\/vc_column][vc_column width=&#8221;1\/6&#8243;]<div class=\"vcex-module vcex-icon-box vcex-icon-box-two wpex-block wpex-text-center\"><div class=\"vcex-icon-box-symbol wpex-mb-20\"><div class=\"vcex-icon-box-icon wpex-inline-flex wpex-items-center wpex-justify-center wpex-child-inherit-color wpex-text-center wpex-leading-none wpex-text-1\" style=\"color:#4499b8;font-size:var(--vcex-icon-md);\"><span aria-hidden=\"true\" class=\"fas fa-ship\"><\/span><\/div><\/div><div class=\"vcex-icon-box-text\"><h2 class=\"vcex-icon-box-heading wpex-heading wpex-mb-10\" style=\"font-family:NunitoSans;color:#344a53;--wpex-hover-heading-link-color:#344a53;font-size:22px;\">Tauchzentrum<\/h2><div class=\"vcex-icon-box-content wpex-last-mb-0 wpex-clr\" style=\"font-family:NunitoSans;color:currentColor;font-size:17px;\"><p>Bootsausfl\u00fcge<\/p>\n<\/div><\/div><\/div>[\/vc_column][\/vc_row][vc_row gap=&#8221;35&#8243; rtl_reverse=&#8221;yes&#8221;][vc_column css_animation=&#8221;fadeInLeft&#8221; parallax=&#8221;content-moving&#8221; parallax_image=&#8221;3255&#8243; width=&#8221;1\/2&#8243; css=&#8221;.vc_custom_1708355408141{padding-top: 100px !important;padding-bottom: 100px !important;background-image: url(https:\/\/www.lecalanchiole.it\/wp-content\/uploads\/2024\/02\/Camping-Village-Isola-d-Elba.jpg?id=1587) !important;}&#8221;][vc_column_text el_class=&#8221;mtd40 mtm30&#8243; color=&#8221;#ffffff&#8221; font_weight=&#8221;bold&#8221;]\n<div class=\"one_half\">\n<h2 style=\"text-align: center;\">Entspannung und Spa\u00df<br \/>\nf\u00fcr die GESAMTE Familie<\/h2>\n<\/div>\n[\/vc_column_text][vc_column_text el_class=&#8221;mtd40 mtm30&#8243; color=&#8221;#ffffff&#8221; font_weight=&#8221;bold&#8221;]\n<div class=\"one_half\">\n<h4 style=\"text-align: center;\">Angebot anfordern<\/h4>\n<\/div>\n[\/vc_column_text][\/vc_column][vc_column css_animation=&#8221;fadeInRight&#8221; width=&#8221;1\/2&#8243;][vc_column_text el_class=&#8221;nd_options_text_align_center_responsive_important&#8221;]Unser Village bietet unendlich viele M\u00f6glichkeiten f\u00fcr unterhaltsame Tage im Freien, die f\u00fcr Kinder und Jugendliche jeden Alters geeignet sind. Wundersch\u00f6ne <strong>Str\u00e4nde<\/strong> und<strong> kristallklares Wasser<\/strong>, wo Jung und Alt Wasserspiele genie\u00dfen und sich in der Sonne entspannen k\u00f6nnen.<br \/>\nF\u00fcr Abenteuerlustige bietet die Insel einzigartige Erlebnisse: von <strong>Wanderungen auf Naturpfaden<\/strong>, die atemberaubende Ausblicke er\u00f6ffnen, bis hin zu <strong>Schnorcheltagen<\/strong> und <strong>Meeresausfl\u00fcgen<\/strong> zur Erkundung des artenreichen Meeresbodens.[\/vc_column_text][vc_column_text el_class=&#8221;nd_options_text_align_center_responsive_important&#8221;]Das Camping Village Le Calanchiole wird so zum idealen Ausgangspunkt f\u00fcr die Entdeckung aller Wunder, die die Insel Elba zu bieten hat, und garantiert einen unvergesslichen Urlaub, bei dem jeder Tag ein gemeinsames Abenteuer ist.[\/vc_column_text][\/vc_column][\/vc_row][vc_row full_width=&#8221;stretch_row_content_no_spaces&#8221; content_placement=&#8221;middle&#8221; css=&#8221;.vc_custom_1706781036946{background-position: center !important;background-repeat: no-repeat !important;background-size: cover !important;}&#8221; wpex_bg_overlay_blend=&#8221;lighten&#8221;][vc_column]<style> style=\"height:60px;\"<\/style><div class=\"vcex-spacing wpex-w-100 wpex-clear\" style=\"height:60px;\"><\/div><style class=\"vcex-carousel-preload-css\">.vcex_69feb3eca34c2{--wpex-carousel-gap:0px;}.vcex_69feb3eca34c2{--wpex-carousel-columns:1;}.vcex_69feb3eca34c2.wpex-carousel:not(.owl-loaded) > *:not(:nth-child(1n+2)) {display: flex !important;}@media only screen and (min-width: 480px) {.vcex_69feb3eca34c2{--wpex-carousel-columns:2;}.vcex_69feb3eca34c2.wpex-carousel:not(.owl-loaded) > *:not(:nth-child(1n+3)) {display: flex !important;}}@media only screen and (min-width: 768px) {.vcex_69feb3eca34c2{--wpex-carousel-columns:3;}.vcex_69feb3eca34c2.wpex-carousel:not(.owl-loaded) > *:not(:nth-child(1n+4)) {display: flex !important;}}@media only screen and (min-width: 960px) {.vcex_69feb3eca34c2{--wpex-carousel-columns:4;}.vcex_69feb3eca34c2.wpex-carousel:not(.owl-loaded) > *:not(:nth-child(1n+5)) {display: flex !important;}}<\/style><div class=\"vcex-module wpex-carousel wpex-carousel-images wpex-clr owl-carousel wpex-carousel--render-onload vcex_69feb3eca34c2 arrwstyle-min arrwpos-right\" data-wpex-carousel=\"{&quot;autoplay&quot;:&quot;true&quot;,&quot;margin&quot;:0,&quot;responsive&quot;:{&quot;0&quot;:{&quot;items&quot;:&quot;1&quot;},&quot;480&quot;:{&quot;items&quot;:&quot;2&quot;},&quot;768&quot;:{&quot;items&quot;:&quot;3&quot;},&quot;960&quot;:{&quot;items&quot;:&quot;4&quot;}}}\"><div class=\"wpex-carousel-slide\"><figure class=\"wpex-carousel-entry-media entry-media\"><img width=\"1200\" height=\"800\" src=\"https:\/\/www.lecalanchiole.it\/wp-content\/uploads\/2024\/02\/bungalow-vista-mare-elba.jpg\" class=\"wpex-align-middle skip-lazy\" alt=\"Camping Village Isola d&#039;Elba\" data-no-lazy=\"1\" srcset=\"https:\/\/www.lecalanchiole.it\/wp-content\/uploads\/2024\/02\/bungalow-vista-mare-elba.jpg 1200w, https:\/\/www.lecalanchiole.it\/wp-content\/uploads\/2024\/02\/bungalow-vista-mare-elba-300x200.jpg 300w, https:\/\/www.lecalanchiole.it\/wp-content\/uploads\/2024\/02\/bungalow-vista-mare-elba-1024x683.jpg 1024w, https:\/\/www.lecalanchiole.it\/wp-content\/uploads\/2024\/02\/bungalow-vista-mare-elba-768x512.jpg 768w\" sizes=\"(max-width: 1200px) 100vw, 1200px\" \/><\/figure><\/div><div class=\"wpex-carousel-slide\"><figure class=\"wpex-carousel-entry-media entry-media\"><img width=\"1200\" height=\"800\" src=\"https:\/\/www.lecalanchiole.it\/wp-content\/uploads\/2024\/02\/Mare-Isola-dElba2.jpg\" class=\"wpex-align-middle skip-lazy\" alt=\"offerte mare isola d&#039;elba - Le calanchiole\" data-no-lazy=\"1\" srcset=\"https:\/\/www.lecalanchiole.it\/wp-content\/uploads\/2024\/02\/Mare-Isola-dElba2.jpg 1200w, https:\/\/www.lecalanchiole.it\/wp-content\/uploads\/2024\/02\/Mare-Isola-dElba2-300x200.jpg 300w, https:\/\/www.lecalanchiole.it\/wp-content\/uploads\/2024\/02\/Mare-Isola-dElba2-1024x683.jpg 1024w, https:\/\/www.lecalanchiole.it\/wp-content\/uploads\/2024\/02\/Mare-Isola-dElba2-768x512.jpg 768w\" sizes=\"(max-width: 1200px) 100vw, 1200px\" \/><\/figure><\/div><div class=\"wpex-carousel-slide\"><figure class=\"wpex-carousel-entry-media entry-media\"><img width=\"1200\" height=\"800\" src=\"https:\/\/www.lecalanchiole.it\/wp-content\/uploads\/2024\/02\/isola-d-elba.jpg\" class=\"wpex-align-middle skip-lazy\" alt=\"Offerte Villaggio Isola d&#039;Elba Mare Toscana - Le Calanchiole\" data-no-lazy=\"1\" srcset=\"https:\/\/www.lecalanchiole.it\/wp-content\/uploads\/2024\/02\/isola-d-elba.jpg 1200w, https:\/\/www.lecalanchiole.it\/wp-content\/uploads\/2024\/02\/isola-d-elba-300x200.jpg 300w, https:\/\/www.lecalanchiole.it\/wp-content\/uploads\/2024\/02\/isola-d-elba-1024x683.jpg 1024w, https:\/\/www.lecalanchiole.it\/wp-content\/uploads\/2024\/02\/isola-d-elba-768x512.jpg 768w\" sizes=\"(max-width: 1200px) 100vw, 1200px\" \/><\/figure><\/div><div class=\"wpex-carousel-slide\"><figure class=\"wpex-carousel-entry-media entry-media\"><img width=\"1200\" height=\"800\" src=\"https:\/\/www.lecalanchiole.it\/wp-content\/uploads\/2024\/01\/Villaggio-famiglie-con-bambini.jpg\" class=\"wpex-align-middle skip-lazy\" alt=\"Offerte Isola d&#039;Elba Toscana Mare - Camping Village Le Calanchiole\" data-no-lazy=\"1\" srcset=\"https:\/\/www.lecalanchiole.it\/wp-content\/uploads\/2024\/01\/Villaggio-famiglie-con-bambini.jpg 1200w, https:\/\/www.lecalanchiole.it\/wp-content\/uploads\/2024\/01\/Villaggio-famiglie-con-bambini-300x200.jpg 300w, https:\/\/www.lecalanchiole.it\/wp-content\/uploads\/2024\/01\/Villaggio-famiglie-con-bambini-1024x683.jpg 1024w, https:\/\/www.lecalanchiole.it\/wp-content\/uploads\/2024\/01\/Villaggio-famiglie-con-bambini-768x512.jpg 768w\" sizes=\"(max-width: 1200px) 100vw, 1200px\" \/><\/figure><\/div><div class=\"wpex-carousel-slide\"><figure class=\"wpex-carousel-entry-media entry-media\"><img width=\"1200\" height=\"800\" src=\"https:\/\/www.lecalanchiole.it\/wp-content\/uploads\/2024\/02\/isola-d-elba2.jpg\" class=\"wpex-align-middle skip-lazy\" alt=\"\" data-no-lazy=\"1\" srcset=\"https:\/\/www.lecalanchiole.it\/wp-content\/uploads\/2024\/02\/isola-d-elba2.jpg 1200w, https:\/\/www.lecalanchiole.it\/wp-content\/uploads\/2024\/02\/isola-d-elba2-300x200.jpg 300w, https:\/\/www.lecalanchiole.it\/wp-content\/uploads\/2024\/02\/isola-d-elba2-1024x683.jpg 1024w, https:\/\/www.lecalanchiole.it\/wp-content\/uploads\/2024\/02\/isola-d-elba2-768x512.jpg 768w\" sizes=\"(max-width: 1200px) 100vw, 1200px\" \/><\/figure><\/div><div class=\"wpex-carousel-slide\"><figure class=\"wpex-carousel-entry-media entry-media\"><img width=\"1200\" height=\"800\" src=\"https:\/\/www.lecalanchiole.it\/wp-content\/uploads\/2024\/02\/isola-d-elba3.jpg\" class=\"wpex-align-middle skip-lazy\" alt=\"\" data-no-lazy=\"1\" srcset=\"https:\/\/www.lecalanchiole.it\/wp-content\/uploads\/2024\/02\/isola-d-elba3.jpg 1200w, https:\/\/www.lecalanchiole.it\/wp-content\/uploads\/2024\/02\/isola-d-elba3-300x200.jpg 300w, https:\/\/www.lecalanchiole.it\/wp-content\/uploads\/2024\/02\/isola-d-elba3-1024x683.jpg 1024w, https:\/\/www.lecalanchiole.it\/wp-content\/uploads\/2024\/02\/isola-d-elba3-768x512.jpg 768w\" sizes=\"(max-width: 1200px) 100vw, 1200px\" \/><\/figure><\/div><\/div>[\/vc_column][\/vc_row]\n<\/div>","protected":false},"excerpt":{"rendered":"<p>[vc_row full_width=&#8221;stretch_row&#8221; content_placement=&#8221;middle&#8221; parallax=&#8221;content-moving&#8221; css=&#8221;.vc_custom_1707236057884{background-image: url(https:\/\/www.lecalanchiole.it\/wp-content\/uploads\/2024\/02\/camping-famiglie-elba.jpg?id=1772) !important;background-position: center;background-repeat: no-repeat !important;background-size: cover !important;}&#8221; el_class=&#8221;min_height_pag_int&#8221;][vc_column width=&#8221;1\/4&#8243;][\/vc_column][vc_column width=&#8221;1\/2&#8243;][vc_column_text color=&#8221;#ffffff&#8221; el_class=&#8221;page-header-title&#8221;] Familiendorf [\/vc_column_text][\/vc_column][vc_column width=&#8221;1\/4&#8243;][\/vc_column][\/vc_row][vc_row content_placement=&#8221;middle&#8221; equal_height=&#8221;yes&#8221; el_class=&#8221;mtd120 mtm60&#8243; css=&#8221;.vc_custom_1706898862220{margin-bottom: 30px !important;}&#8221;][vc_column css_animation=&#8221;fadeInLeft&#8221; css=&#8221;.vc_custom_1707214290367{padding-top: 30px !important;padding-right: 30px !important;padding-left: 30px !important;background-position: center !important;background-repeat: no-repeat !important;background-size: contain !important;}&#8221; wpex_bg_position=&#8221;0% 0%&#8221; el_class=&#8221;mtm60&#8243;][vc_row_inner][vc_column_inner width=&#8221;1\/4&#8243;][vc_column_text font_size=&#8221;15px&#8221; text_transform=&#8221;uppercase&#8221; color=&#8221;#f9b233&#8243; letter_spacing=&#8221;wide&#8221; font_weight=&#8221;700&#8243;]Eine nat\u00fcrliche Ecke zwischen Sand und&hellip;<\/p>\n","protected":false},"author":3,"featured_media":0,"parent":0,"menu_order":0,"comment_status":"closed","ping_status":"closed","template":"","meta":{"inline_featured_image":false,"footnotes":""},"class_list":["post-2592","page","type-page","status-publish","hentry","entry","no-media"],"_links":{"self":[{"href":"https:\/\/www.lecalanchiole.it\/de\/wp-json\/wp\/v2\/pages\/2592","targetHints":{"allow":["GET"]}}],"collection":[{"href":"https:\/\/www.lecalanchiole.it\/de\/wp-json\/wp\/v2\/pages"}],"about":[{"href":"https:\/\/www.lecalanchiole.it\/de\/wp-json\/wp\/v2\/types\/page"}],"author":[{"embeddable":true,"href":"https:\/\/www.lecalanchiole.it\/de\/wp-json\/wp\/v2\/users\/3"}],"replies":[{"embeddable":true,"href":"https:\/\/www.lecalanchiole.it\/de\/wp-json\/wp\/v2\/comments?post=2592"}],"version-history":[{"count":5,"href":"https:\/\/www.lecalanchiole.it\/de\/wp-json\/wp\/v2\/pages\/2592\/revisions"}],"predecessor-version":[{"id":4868,"href":"https:\/\/www.lecalanchiole.it\/de\/wp-json\/wp\/v2\/pages\/2592\/revisions\/4868"}],"wp:attachment":[{"href":"https:\/\/www.lecalanchiole.it\/de\/wp-json\/wp\/v2\/media?parent=2592"}],"curies":[{"name":"wp","href":"https:\/\/api.w.org\/{rel}","templated":true}]}}