{"id":2598,"date":"2024-02-19T16:31:33","date_gmt":"2024-02-19T15:31:33","guid":{"rendered":"https:\/\/www.lecalanchiole.it\/angebote\/"},"modified":"2024-07-29T08:20:34","modified_gmt":"2024-07-29T06:20:34","slug":"angebote-insel-elba","status":"publish","type":"page","link":"https:\/\/www.lecalanchiole.it\/de\/angebote-insel-elba\/","title":{"rendered":"Angebote"},"content":{"rendered":"<div class=\"wpb-content-wrapper\">[vc_row full_width=&#8221;stretch_row&#8221; content_placement=&#8221;middle&#8221; css=&#8221;.vc_custom_1708357615977{background-image: url(https:\/\/www.lecalanchiole.it\/wp-content\/uploads\/2024\/01\/Villaggio-famiglie-con-bambini.jpg?id=850) !important;background-position: center !important;background-repeat: no-repeat !important;background-size: cover !important;}&#8221; el_class=&#8221;min_height_pag_int&#8221;][vc_column width=&#8221;1\/4&#8243;][\/vc_column][vc_column width=&#8221;1\/2&#8243;][vc_column_text color=&#8221;#ffffff&#8221; el_class=&#8221;page-header-title&#8221;]\n<h1 style=\"text-align: center;\">Vorteile bei einer Buchung bei uns<\/h1>\n[\/vc_column_text][\/vc_column][vc_column width=&#8221;1\/4&#8243;][\/vc_column][\/vc_row][vc_row content_placement=&#8221;middle&#8221; equal_height=&#8221;yes&#8221; el_class=&#8221;mtd120 mtm60&#8243; css=&#8221;.vc_custom_1706898862220{margin-bottom: 30px !important;}&#8221;][vc_column css_animation=&#8221;fadeInLeft&#8221; css=&#8221;.vc_custom_1707214290367{padding-top: 30px !important;padding-right: 30px !important;padding-left: 30px !important;background-position: center !important;background-repeat: no-repeat !important;background-size: contain !important;}&#8221; wpex_bg_position=&#8221;0% 0%&#8221; el_class=&#8221;mtm60&#8243;][vc_row_inner][vc_column_inner width=&#8221;1\/4&#8243;][vc_column_text font_size=&#8221;15px&#8221; text_transform=&#8221;uppercase&#8221; color=&#8221;#f9b233&#8243; letter_spacing=&#8221;wide&#8221; font_weight=&#8221;700&#8243;]Buchen Sie jetzt Ihren n\u00e4chsten Urlaub auf Elba[\/vc_column_text][vc_column_text css=&#8221;.vc_custom_1708356870607{padding-top: 15px !important;}&#8221; color=&#8221;#4499b8&#8243;]\n<h2>Bis zu 20% Rabatt bei Direktbuchungen<\/h2>\n[\/vc_column_text][vc_column_text css=&#8221;.vc_custom_1707236227385{padding-top: 15px !important;}&#8221; color=&#8221;#4499b8&#8243;]\n<hr class=\"blu\" \/>\n[\/vc_column_text][\/vc_column_inner][vc_column_inner width=&#8221;3\/4&#8243;][vc_column_text el_class=&#8221;mtd40 mtm30&#8243;]Wenn Sie sich f\u00fcr einen Urlaub auf der Insel Elba f\u00fcr das Le Calanchiole Camping Village entscheiden, entscheiden Sie sich f\u00fcr eine Erfahrung, die \u00fcber einen einfachen Aufenthalt am Meer hinausgeht. Es bedeutet, in eine Umgebung einzutauchen, in der f\u00fcr jedes Detail gesorgt ist, um Entspannung, Abenteuer und Entdeckungen zu garantieren.<br \/>\nWenn Sie einen erschwinglichen Urlaub in diesem Paradies verbringen m\u00f6chten, finden Sie hier einige n\u00fctzliche Informationen zu Sonderangeboten und M\u00f6glichkeiten, sich den besten verf\u00fcgbaren Preis zu sichern.[\/vc_column_text]<div class=\"vcex-spacing wpex-w-100 wpex-clear\"><\/div>[\/vc_column_inner][\/vc_row_inner][\/vc_column][\/vc_row][vc_row gap=&#8221;35&#8243; rtl_reverse=&#8221;yes&#8221;][vc_column css_animation=&#8221;fadeInLeft&#8221; parallax=&#8221;content-moving&#8221; parallax_image=&#8221;3255&#8243; width=&#8221;1\/2&#8243; css=&#8221;.vc_custom_1708357488706{padding-top: 260px !important;padding-bottom: 260px !important;background-image: url(https:\/\/www.lecalanchiole.it\/wp-content\/uploads\/2024\/02\/carosello-footer-08.jpg?id=1025) !important;background-position: center !important;background-repeat: no-repeat !important;background-size: cover !important;}&#8221; wpex_bg_overlay=&#8221;color&#8221; wpex_bg_overlay_color=&#8221;#000000&#8243; wpex_bg_overlay_opacity=&#8221;40%&#8221;][vc_column_text el_class=&#8221;mtd40 mtm30&#8243; color=&#8221;#ffffff&#8221; font_weight=&#8221;bold&#8221;]\n<div class=\"one_half\">\n<h2 style=\"text-align: center;\">Buchen Sie<br \/>\ngedankenlos<\/h2>\n<\/div>\n[\/vc_column_text][vc_column_text el_class=&#8221;mtd40 mtm30&#8243; color=&#8221;#ffffff&#8221; font_weight=&#8221;bold&#8221;]\n<div class=\"one_half\">\n<h4 style=\"text-align: center;\"><a href=\"\/#preventivo\">Angebot anfordern<\/a><\/h4>\n<\/div>\n[\/vc_column_text][\/vc_column][vc_column css_animation=&#8221;fadeInRight&#8221; width=&#8221;1\/2&#8243;][vc_column_text el_class=&#8221;mtd40 mtm30&#8243; color=&#8221;#344a53&#8243; font_weight=&#8221;bold&#8221;]\n<h2 style=\"text-align: center;\">Bestpreis-Garantie<\/h2>\n[\/vc_column_text]<div class=\"vcex-spacing wpex-w-100 wpex-clear\"><\/div>[vc_column_text el_class=&#8221;nd_options_text_align_center_responsive_important&#8221; css=&#8221;.vc_custom_1708357403073{padding-right: 30px !important;padding-left: 30px !important;}&#8221;]Wenn Sie direkt \u00fcber unsere Website buchen, erhalten Sie Zugang zu den niedrigsten verf\u00fcgbaren Preisen und vermeiden die zus\u00e4tzlichen Geb\u00fchren, die von externen Buchungsportalen erhoben werden k\u00f6nnen. Dar\u00fcber hinaus bietet die offizielle Website oft die M\u00f6glichkeit, Aktionscodes einzugeben oder auf exklusive Angebote zuzugreifen, die anderswo nicht erh\u00e4ltlich sind.[\/vc_column_text][vc_column_text el_class=&#8221;mtd40 mtm30&#8243; color=&#8221;#344a53&#8243; font_weight=&#8221;bold&#8221;]\n<h2 style=\"text-align: center;\">Besondere Angebote<\/h2>\n[\/vc_column_text]<div class=\"vcex-spacing wpex-w-100 wpex-clear\"><\/div>[vc_column_text el_class=&#8221;nd_options_text_align_center_responsive_important&#8221; css=&#8221;.vc_custom_1708357417051{padding-right: 30px !important;padding-left: 30px !important;}&#8221;]Der Campingplatz Villagge Le Calanchiole bietet regelm\u00e4\u00dfig Sonderangebote an, um Ihren Urlaub noch g\u00fcnstiger zu gestalten. Dazu geh\u00f6ren Rabatte f\u00fcr Fr\u00fchbucher, Last-Minute-Angebote, Urlaubspakete, die Aufenthalt und Aktivit\u00e4ten kombinieren, oder Sondertarife f\u00fcr bestimmte Zeiten des Jahres. Am besten halten Sie sich auf der offiziellen Website \u00fcber die neuesten Aktionen auf dem Laufenden.[\/vc_column_text][vc_column_text el_class=&#8221;mtd40 mtm30&#8243; color=&#8221;#344a53&#8243; font_weight=&#8221;bold&#8221;]\n<h2 style=\"text-align: center;\">F\u00e4hren-Rabatt<\/h2>\n[\/vc_column_text]<div class=\"vcex-spacing wpex-w-100 wpex-clear\"><\/div>[vc_column_text el_class=&#8221;nd_options_text_align_center_responsive_important&#8221; css=&#8221;.vc_custom_1708357241301{padding-right: 30px !important;padding-left: 30px !important;}&#8221;]Wenn Sie Ihren Aufenthalt in unserem Camping Village le Calanchiole buchen, haben Sie die M\u00f6glichkeit, einen Rabatt von 20% auf den Preis der F\u00e4hrtickets zu erhalten. Nach Best\u00e4tigung Ihrer Reservierung erhalten Sie per E-Mail einen Aktionscode, mit dem Sie den Rabatt auf Ihr F\u00e4hrticket erhalten.[\/vc_column_text][vc_empty_space][vc_btn title=&#8221;Buchen Sie die F\u00e4hre&#8221; style=&#8221;flat&#8221; shape=&#8221;square&#8221; color=&#8221;orange&#8221; align=&#8221;center&#8221; link=&#8221;url:https%3A%2F%2Fwww.lecalanchiole.it%2Fde%2Felba-faehre%2F&#8221;][\/vc_column][\/vc_row][vc_row content_placement=&#8221;middle&#8221; disable_element=&#8221;yes&#8221; css=&#8221;.vc_custom_1708357091158{margin-bottom: 50px !important;}&#8221;][vc_column css_animation=&#8221;fadeInLeft&#8221; width=&#8221;1\/2&#8243; css=&#8221;.vc_custom_1708355348391{padding-right: 30px !important;padding-left: 30px !important;}&#8221;][vc_column_text el_class=&#8221;mtd40 mtm30&#8243;]F\u00fcr Ihre Kinder ist unser <strong>Kinderclub<\/strong> ein wahres Paradies der Unterhaltung: Spiele, Baby Dance, kreative Aktivit\u00e4ten und vieles mehr, um sie zu unterhalten und ihre Fantasie in einer sicheren und fr\u00f6hlichen Umgebung anzuregen. W\u00e4hrend die Kleinen neue Welten erkunden, haben Sie Zeit f\u00fcr sich: Nehmen Sie an unseren <strong>Sportturnieren<\/strong> teil, wecken Sie Ihre Muskeln mit einer <strong>Morgengymnastik<\/strong> oder entspannen Sie sich bei einer <strong>Wassergymnastik<\/strong> im Meer.[\/vc_column_text]<style> style=\"height:50px;\"<\/style><div class=\"vcex-spacing wpex-w-100 wpex-clear\" style=\"height:50px;\"><\/div>[\/vc_column][vc_column css_animation=&#8221;fadeInRight&#8221; video_bg_zoom=&#8221;false&#8221; video_bg_center=&#8221;true&#8221; width=&#8221;1\/2&#8243; video_bg=&#8221;self_hosted&#8221; video_bg_mp4=&#8221;https:\/\/www.lecalanchiole.it\/wp-content\/uploads\/2024\/02\/video-animazione-calanchiole.mp4&#8243; css=&#8221;.vc_custom_1708355354398{padding-top: 150px !important;padding-bottom: 150px !important;}&#8221;][\/vc_column][\/vc_row][vc_row full_width=&#8221;stretch_row_content_no_spaces&#8221; content_placement=&#8221;middle&#8221; disable_element=&#8221;yes&#8221; css=&#8221;.vc_custom_1708357098883{background-position: center !important;background-repeat: no-repeat !important;background-size: cover !important;}&#8221; wpex_bg_overlay_blend=&#8221;lighten&#8221;][vc_column]<style> style=\"height:50px;\"<\/style><div class=\"vcex-spacing wpex-w-100 wpex-clear\" style=\"height:50px;\"><\/div><style class=\"vcex-carousel-preload-css\">.vcex_6a06c29f3d8db{--wpex-carousel-gap:0px;}.vcex_6a06c29f3d8db{--wpex-carousel-columns:1;}.vcex_6a06c29f3d8db.wpex-carousel:not(.owl-loaded) > *:not(:nth-child(1n+2)) {display: flex !important;}@media only screen and (min-width: 480px) {.vcex_6a06c29f3d8db{--wpex-carousel-columns:2;}.vcex_6a06c29f3d8db.wpex-carousel:not(.owl-loaded) > *:not(:nth-child(1n+3)) {display: flex !important;}}@media only screen and (min-width: 768px) {.vcex_6a06c29f3d8db{--wpex-carousel-columns:3;}.vcex_6a06c29f3d8db.wpex-carousel:not(.owl-loaded) > *:not(:nth-child(1n+4)) {display: flex !important;}}@media only screen and (min-width: 960px) {.vcex_6a06c29f3d8db{--wpex-carousel-columns:4;}.vcex_6a06c29f3d8db.wpex-carousel:not(.owl-loaded) > *:not(:nth-child(1n+5)) {display: flex !important;}}<\/style><div class=\"vcex-module wpex-carousel wpex-carousel-images wpex-clr owl-carousel wpex-carousel--render-onload vcex_6a06c29f3d8db arrwstyle-min arrwpos-right\" data-wpex-carousel=\"{&quot;autoplay&quot;:&quot;true&quot;,&quot;margin&quot;:0,&quot;responsive&quot;:{&quot;0&quot;:{&quot;items&quot;:&quot;1&quot;},&quot;480&quot;:{&quot;items&quot;:&quot;2&quot;},&quot;768&quot;:{&quot;items&quot;:&quot;3&quot;},&quot;960&quot;:{&quot;items&quot;:&quot;4&quot;}}}\"><div class=\"wpex-carousel-slide\"><figure class=\"wpex-carousel-entry-media entry-media\"><img width=\"900\" height=\"600\" src=\"https:\/\/www.lecalanchiole.it\/wp-content\/uploads\/2024\/02\/camping-elba-016g.jpg\" class=\"wpex-align-middle skip-lazy\" alt=\"Offerte Villaggio Isola d&#039;Elba - Camping Village Le Calanchiole\" data-no-lazy=\"1\" srcset=\"https:\/\/www.lecalanchiole.it\/wp-content\/uploads\/2024\/02\/camping-elba-016g.jpg 900w, https:\/\/www.lecalanchiole.it\/wp-content\/uploads\/2024\/02\/camping-elba-016g-300x200.jpg 300w, https:\/\/www.lecalanchiole.it\/wp-content\/uploads\/2024\/02\/camping-elba-016g-768x512.jpg 768w\" sizes=\"(max-width: 900px) 100vw, 900px\" \/><\/figure><\/div><div class=\"wpex-carousel-slide\"><figure class=\"wpex-carousel-entry-media entry-media\"><img width=\"1200\" height=\"800\" src=\"https:\/\/www.lecalanchiole.it\/wp-content\/uploads\/2024\/02\/villaggio-mare-toscana.jpg\" class=\"wpex-align-middle skip-lazy\" alt=\"villaggio-mare-toscana\" data-no-lazy=\"1\" srcset=\"https:\/\/www.lecalanchiole.it\/wp-content\/uploads\/2024\/02\/villaggio-mare-toscana.jpg 1200w, https:\/\/www.lecalanchiole.it\/wp-content\/uploads\/2024\/02\/villaggio-mare-toscana-300x200.jpg 300w, https:\/\/www.lecalanchiole.it\/wp-content\/uploads\/2024\/02\/villaggio-mare-toscana-1024x683.jpg 1024w, https:\/\/www.lecalanchiole.it\/wp-content\/uploads\/2024\/02\/villaggio-mare-toscana-768x512.jpg 768w\" sizes=\"(max-width: 1200px) 100vw, 1200px\" \/><\/figure><\/div><div class=\"wpex-carousel-slide\"><figure class=\"wpex-carousel-entry-media entry-media\"><img width=\"900\" height=\"600\" src=\"https:\/\/www.lecalanchiole.it\/wp-content\/uploads\/2024\/02\/villaggio-con-animazione-mare4.jpg\" class=\"wpex-align-middle skip-lazy\" alt=\"Offerte Villaggio isola d&#039;Elba\" data-no-lazy=\"1\" srcset=\"https:\/\/www.lecalanchiole.it\/wp-content\/uploads\/2024\/02\/villaggio-con-animazione-mare4.jpg 900w, https:\/\/www.lecalanchiole.it\/wp-content\/uploads\/2024\/02\/villaggio-con-animazione-mare4-300x200.jpg 300w, https:\/\/www.lecalanchiole.it\/wp-content\/uploads\/2024\/02\/villaggio-con-animazione-mare4-768x512.jpg 768w\" sizes=\"(max-width: 900px) 100vw, 900px\" \/><\/figure><\/div><div class=\"wpex-carousel-slide\"><figure class=\"wpex-carousel-entry-media entry-media\"><img width=\"900\" height=\"600\" src=\"https:\/\/www.lecalanchiole.it\/wp-content\/uploads\/2024\/02\/villaggio-con-animazione-mare2.jpg\" class=\"wpex-align-middle skip-lazy\" alt=\"\" data-no-lazy=\"1\" srcset=\"https:\/\/www.lecalanchiole.it\/wp-content\/uploads\/2024\/02\/villaggio-con-animazione-mare2.jpg 900w, https:\/\/www.lecalanchiole.it\/wp-content\/uploads\/2024\/02\/villaggio-con-animazione-mare2-300x200.jpg 300w, https:\/\/www.lecalanchiole.it\/wp-content\/uploads\/2024\/02\/villaggio-con-animazione-mare2-768x512.jpg 768w\" sizes=\"(max-width: 900px) 100vw, 900px\" \/><\/figure><\/div><div class=\"wpex-carousel-slide\"><figure class=\"wpex-carousel-entry-media entry-media\"><img width=\"900\" height=\"600\" src=\"https:\/\/www.lecalanchiole.it\/wp-content\/uploads\/2024\/02\/villaggio-con-animazione-mare3.jpg\" class=\"wpex-align-middle skip-lazy\" alt=\"\" data-no-lazy=\"1\" srcset=\"https:\/\/www.lecalanchiole.it\/wp-content\/uploads\/2024\/02\/villaggio-con-animazione-mare3.jpg 900w, https:\/\/www.lecalanchiole.it\/wp-content\/uploads\/2024\/02\/villaggio-con-animazione-mare3-300x200.jpg 300w, https:\/\/www.lecalanchiole.it\/wp-content\/uploads\/2024\/02\/villaggio-con-animazione-mare3-768x512.jpg 768w\" sizes=\"(max-width: 900px) 100vw, 900px\" \/><\/figure><\/div><\/div>[\/vc_column][\/vc_row][vc_row full_width=&#8221;stretch_row_content_no_spaces&#8221; content_placement=&#8221;middle&#8221; css=&#8221;.vc_custom_1706781036946{background-position: center !important;background-repeat: no-repeat !important;background-size: cover !important;}&#8221; wpex_bg_overlay_blend=&#8221;lighten&#8221;][vc_column]<style> style=\"height:50px;\"<\/style><div class=\"vcex-spacing wpex-w-100 wpex-clear\" style=\"height:50px;\"><\/div><style class=\"vcex-carousel-preload-css\">.vcex_6a06c29f43845{--wpex-carousel-gap:0px;}.vcex_6a06c29f43845{--wpex-carousel-columns:1;}.vcex_6a06c29f43845.wpex-carousel:not(.owl-loaded) > *:not(:nth-child(1n+2)) {display: flex !important;}@media only screen and (min-width: 480px) {.vcex_6a06c29f43845{--wpex-carousel-columns:2;}.vcex_6a06c29f43845.wpex-carousel:not(.owl-loaded) > *:not(:nth-child(1n+3)) {display: flex !important;}}@media only screen and (min-width: 768px) {.vcex_6a06c29f43845{--wpex-carousel-columns:3;}.vcex_6a06c29f43845.wpex-carousel:not(.owl-loaded) > *:not(:nth-child(1n+4)) {display: flex !important;}}@media only screen and (min-width: 960px) {.vcex_6a06c29f43845{--wpex-carousel-columns:4;}.vcex_6a06c29f43845.wpex-carousel:not(.owl-loaded) > *:not(:nth-child(1n+5)) {display: flex !important;}}<\/style><div class=\"vcex-module wpex-carousel wpex-carousel-images wpex-clr owl-carousel wpex-carousel--render-onload vcex_6a06c29f43845 arrwstyle-min arrwpos-right\" data-wpex-carousel=\"{&quot;autoplay&quot;:&quot;true&quot;,&quot;margin&quot;:0,&quot;responsive&quot;:{&quot;0&quot;:{&quot;items&quot;:&quot;1&quot;},&quot;480&quot;:{&quot;items&quot;:&quot;2&quot;},&quot;768&quot;:{&quot;items&quot;:&quot;3&quot;},&quot;960&quot;:{&quot;items&quot;:&quot;4&quot;}}}\"><div class=\"wpex-carousel-slide\"><figure class=\"wpex-carousel-entry-media entry-media\"><img width=\"1200\" height=\"800\" src=\"https:\/\/www.lecalanchiole.it\/wp-content\/uploads\/2024\/02\/Bungalow-Pini-1.jpg\" class=\"wpex-align-middle skip-lazy\" alt=\"\" data-no-lazy=\"1\" srcset=\"https:\/\/www.lecalanchiole.it\/wp-content\/uploads\/2024\/02\/Bungalow-Pini-1.jpg 1200w, https:\/\/www.lecalanchiole.it\/wp-content\/uploads\/2024\/02\/Bungalow-Pini-1-300x200.jpg 300w, https:\/\/www.lecalanchiole.it\/wp-content\/uploads\/2024\/02\/Bungalow-Pini-1-1024x683.jpg 1024w, https:\/\/www.lecalanchiole.it\/wp-content\/uploads\/2024\/02\/Bungalow-Pini-1-768x512.jpg 768w\" sizes=\"(max-width: 1200px) 100vw, 1200px\" \/><\/figure><\/div><div class=\"wpex-carousel-slide\"><figure class=\"wpex-carousel-entry-media entry-media\"><img width=\"1200\" height=\"800\" src=\"https:\/\/www.lecalanchiole.it\/wp-content\/uploads\/2024\/02\/bungalow-vista-mare-elba.jpg\" class=\"wpex-align-middle skip-lazy\" alt=\"Camping Village Isola d&#039;Elba\" data-no-lazy=\"1\" srcset=\"https:\/\/www.lecalanchiole.it\/wp-content\/uploads\/2024\/02\/bungalow-vista-mare-elba.jpg 1200w, https:\/\/www.lecalanchiole.it\/wp-content\/uploads\/2024\/02\/bungalow-vista-mare-elba-300x200.jpg 300w, https:\/\/www.lecalanchiole.it\/wp-content\/uploads\/2024\/02\/bungalow-vista-mare-elba-1024x683.jpg 1024w, https:\/\/www.lecalanchiole.it\/wp-content\/uploads\/2024\/02\/bungalow-vista-mare-elba-768x512.jpg 768w\" sizes=\"(max-width: 1200px) 100vw, 1200px\" \/><\/figure><\/div><div class=\"wpex-carousel-slide\"><figure class=\"wpex-carousel-entry-media entry-media\"><img width=\"1200\" height=\"800\" src=\"https:\/\/www.lecalanchiole.it\/wp-content\/uploads\/2024\/02\/Mare-Isola-dElba2.jpg\" class=\"wpex-align-middle skip-lazy\" alt=\"offerte mare isola d&#039;elba - Le calanchiole\" data-no-lazy=\"1\" srcset=\"https:\/\/www.lecalanchiole.it\/wp-content\/uploads\/2024\/02\/Mare-Isola-dElba2.jpg 1200w, https:\/\/www.lecalanchiole.it\/wp-content\/uploads\/2024\/02\/Mare-Isola-dElba2-300x200.jpg 300w, https:\/\/www.lecalanchiole.it\/wp-content\/uploads\/2024\/02\/Mare-Isola-dElba2-1024x683.jpg 1024w, https:\/\/www.lecalanchiole.it\/wp-content\/uploads\/2024\/02\/Mare-Isola-dElba2-768x512.jpg 768w\" sizes=\"(max-width: 1200px) 100vw, 1200px\" \/><\/figure><\/div><div class=\"wpex-carousel-slide\"><figure class=\"wpex-carousel-entry-media entry-media\"><img width=\"1200\" height=\"801\" src=\"https:\/\/www.lecalanchiole.it\/wp-content\/uploads\/2024\/02\/carosello-footer-02.jpg\" class=\"wpex-align-middle skip-lazy\" alt=\"Villaggio Isola d&#039;Elba\" data-no-lazy=\"1\" srcset=\"https:\/\/www.lecalanchiole.it\/wp-content\/uploads\/2024\/02\/carosello-footer-02.jpg 1200w, https:\/\/www.lecalanchiole.it\/wp-content\/uploads\/2024\/02\/carosello-footer-02-300x200.jpg 300w, https:\/\/www.lecalanchiole.it\/wp-content\/uploads\/2024\/02\/carosello-footer-02-1024x684.jpg 1024w, https:\/\/www.lecalanchiole.it\/wp-content\/uploads\/2024\/02\/carosello-footer-02-768x513.jpg 768w\" sizes=\"(max-width: 1200px) 100vw, 1200px\" \/><\/figure><\/div><div class=\"wpex-carousel-slide\"><figure class=\"wpex-carousel-entry-media entry-media\"><img width=\"1200\" height=\"800\" src=\"https:\/\/www.lecalanchiole.it\/wp-content\/uploads\/2024\/02\/06.jpg\" class=\"wpex-align-middle skip-lazy\" alt=\"\" data-no-lazy=\"1\" srcset=\"https:\/\/www.lecalanchiole.it\/wp-content\/uploads\/2024\/02\/06.jpg 1200w, https:\/\/www.lecalanchiole.it\/wp-content\/uploads\/2024\/02\/06-300x200.jpg 300w, https:\/\/www.lecalanchiole.it\/wp-content\/uploads\/2024\/02\/06-1024x683.jpg 1024w, https:\/\/www.lecalanchiole.it\/wp-content\/uploads\/2024\/02\/06-768x512.jpg 768w\" sizes=\"(max-width: 1200px) 100vw, 1200px\" \/><\/figure><\/div><div class=\"wpex-carousel-slide\"><figure class=\"wpex-carousel-entry-media entry-media\"><img width=\"1200\" height=\"800\" src=\"https:\/\/www.lecalanchiole.it\/wp-content\/uploads\/2024\/02\/07.jpg\" class=\"wpex-align-middle skip-lazy\" alt=\"Offerte Villaggio Isola d&#039;Elba Mare Toscana - Le Calanchiole\" data-no-lazy=\"1\" srcset=\"https:\/\/www.lecalanchiole.it\/wp-content\/uploads\/2024\/02\/07.jpg 1200w, https:\/\/www.lecalanchiole.it\/wp-content\/uploads\/2024\/02\/07-300x200.jpg 300w, https:\/\/www.lecalanchiole.it\/wp-content\/uploads\/2024\/02\/07-1024x683.jpg 1024w, https:\/\/www.lecalanchiole.it\/wp-content\/uploads\/2024\/02\/07-768x512.jpg 768w\" sizes=\"(max-width: 1200px) 100vw, 1200px\" \/><\/figure><\/div><div class=\"wpex-carousel-slide\"><figure class=\"wpex-carousel-entry-media entry-media\"><img width=\"1200\" height=\"800\" src=\"https:\/\/www.lecalanchiole.it\/wp-content\/uploads\/2024\/02\/Bungalow-Pini-7.jpg\" class=\"wpex-align-middle skip-lazy\" alt=\"\" data-no-lazy=\"1\" srcset=\"https:\/\/www.lecalanchiole.it\/wp-content\/uploads\/2024\/02\/Bungalow-Pini-7.jpg 1200w, https:\/\/www.lecalanchiole.it\/wp-content\/uploads\/2024\/02\/Bungalow-Pini-7-300x200.jpg 300w, https:\/\/www.lecalanchiole.it\/wp-content\/uploads\/2024\/02\/Bungalow-Pini-7-1024x683.jpg 1024w, https:\/\/www.lecalanchiole.it\/wp-content\/uploads\/2024\/02\/Bungalow-Pini-7-768x512.jpg 768w\" sizes=\"(max-width: 1200px) 100vw, 1200px\" \/><\/figure><\/div><div class=\"wpex-carousel-slide\"><figure class=\"wpex-carousel-entry-media entry-media\"><img width=\"948\" height=\"632\" src=\"https:\/\/www.lecalanchiole.it\/wp-content\/uploads\/2024\/01\/Camping-Village-Isola-dElba.jpg\" class=\"wpex-align-middle skip-lazy\" alt=\"Camping Village Isola d&#039;Elba\" data-no-lazy=\"1\" srcset=\"https:\/\/www.lecalanchiole.it\/wp-content\/uploads\/2024\/01\/Camping-Village-Isola-dElba.jpg 948w, https:\/\/www.lecalanchiole.it\/wp-content\/uploads\/2024\/01\/Camping-Village-Isola-dElba-300x200.jpg 300w, https:\/\/www.lecalanchiole.it\/wp-content\/uploads\/2024\/01\/Camping-Village-Isola-dElba-768x512.jpg 768w\" sizes=\"(max-width: 948px) 100vw, 948px\" \/><\/figure><\/div><div class=\"wpex-carousel-slide\"><figure class=\"wpex-carousel-entry-media entry-media\"><img width=\"1200\" height=\"800\" src=\"https:\/\/www.lecalanchiole.it\/wp-content\/uploads\/2024\/02\/isola-d-elba.jpg\" class=\"wpex-align-middle skip-lazy\" alt=\"Offerte Villaggio Isola d&#039;Elba Mare Toscana - Le Calanchiole\" data-no-lazy=\"1\" srcset=\"https:\/\/www.lecalanchiole.it\/wp-content\/uploads\/2024\/02\/isola-d-elba.jpg 1200w, https:\/\/www.lecalanchiole.it\/wp-content\/uploads\/2024\/02\/isola-d-elba-300x200.jpg 300w, https:\/\/www.lecalanchiole.it\/wp-content\/uploads\/2024\/02\/isola-d-elba-1024x683.jpg 1024w, https:\/\/www.lecalanchiole.it\/wp-content\/uploads\/2024\/02\/isola-d-elba-768x512.jpg 768w\" sizes=\"(max-width: 1200px) 100vw, 1200px\" \/><\/figure><\/div><\/div>[\/vc_column][\/vc_row]\n<\/div>","protected":false},"excerpt":{"rendered":"<p>[vc_row full_width=&#8221;stretch_row&#8221; content_placement=&#8221;middle&#8221; css=&#8221;.vc_custom_1708357615977{background-image: url(https:\/\/www.lecalanchiole.it\/wp-content\/uploads\/2024\/01\/Villaggio-famiglie-con-bambini.jpg?id=850) !important;background-position: center !important;background-repeat: no-repeat !important;background-size: cover !important;}&#8221; el_class=&#8221;min_height_pag_int&#8221;][vc_column width=&#8221;1\/4&#8243;][\/vc_column][vc_column width=&#8221;1\/2&#8243;][vc_column_text color=&#8221;#ffffff&#8221; el_class=&#8221;page-header-title&#8221;] Vorteile bei einer Buchung bei uns [\/vc_column_text][\/vc_column][vc_column width=&#8221;1\/4&#8243;][\/vc_column][\/vc_row][vc_row content_placement=&#8221;middle&#8221; equal_height=&#8221;yes&#8221; el_class=&#8221;mtd120 mtm60&#8243; css=&#8221;.vc_custom_1706898862220{margin-bottom: 30px !important;}&#8221;][vc_column css_animation=&#8221;fadeInLeft&#8221; css=&#8221;.vc_custom_1707214290367{padding-top: 30px !important;padding-right: 30px !important;padding-left: 30px !important;background-position: center !important;background-repeat: no-repeat !important;background-size: contain !important;}&#8221; wpex_bg_position=&#8221;0% 0%&#8221; el_class=&#8221;mtm60&#8243;][vc_row_inner][vc_column_inner width=&#8221;1\/4&#8243;][vc_column_text font_size=&#8221;15px&#8221; text_transform=&#8221;uppercase&#8221; color=&#8221;#f9b233&#8243; letter_spacing=&#8221;wide&#8221; font_weight=&#8221;700&#8243;]Buchen&hellip;<\/p>\n","protected":false},"author":3,"featured_media":0,"parent":0,"menu_order":0,"comment_status":"closed","ping_status":"closed","template":"","meta":{"inline_featured_image":false,"footnotes":""},"class_list":["post-2598","page","type-page","status-publish","hentry","entry","no-media"],"_links":{"self":[{"href":"https:\/\/www.lecalanchiole.it\/de\/wp-json\/wp\/v2\/pages\/2598","targetHints":{"allow":["GET"]}}],"collection":[{"href":"https:\/\/www.lecalanchiole.it\/de\/wp-json\/wp\/v2\/pages"}],"about":[{"href":"https:\/\/www.lecalanchiole.it\/de\/wp-json\/wp\/v2\/types\/page"}],"author":[{"embeddable":true,"href":"https:\/\/www.lecalanchiole.it\/de\/wp-json\/wp\/v2\/users\/3"}],"replies":[{"embeddable":true,"href":"https:\/\/www.lecalanchiole.it\/de\/wp-json\/wp\/v2\/comments?post=2598"}],"version-history":[{"count":4,"href":"https:\/\/www.lecalanchiole.it\/de\/wp-json\/wp\/v2\/pages\/2598\/revisions"}],"predecessor-version":[{"id":4107,"href":"https:\/\/www.lecalanchiole.it\/de\/wp-json\/wp\/v2\/pages\/2598\/revisions\/4107"}],"wp:attachment":[{"href":"https:\/\/www.lecalanchiole.it\/de\/wp-json\/wp\/v2\/media?parent=2598"}],"curies":[{"name":"wp","href":"https:\/\/api.w.org\/{rel}","templated":true}]}}