{"id":2610,"date":"2024-02-02T15:51:48","date_gmt":"2024-02-02T14:51:48","guid":{"rendered":"https:\/\/www.lecalanchiole.it\/stellplaetze-camping\/"},"modified":"2026-01-26T15:24:10","modified_gmt":"2026-01-26T14:24:10","slug":"stellplaetze-campingplatze-insel-elba","status":"publish","type":"page","link":"https:\/\/www.lecalanchiole.it\/de\/stellplaetze-campingplatze-insel-elba\/","title":{"rendered":"Stellpl\u00e4tze &#8211; Camping"},"content":{"rendered":"<div class=\"wpb-content-wrapper\">[vc_row full_width=&#8221;stretch_row&#8221; content_placement=&#8221;middle&#8221; css=&#8221;.vc_custom_1721565893803{background-image: url(https:\/\/www.lecalanchiole.it\/wp-content\/uploads\/2024\/07\/Campeggio-Web-7.jpg?id=4009) !important;background-position: center !important;background-repeat: no-repeat !important;background-size: cover !important;}&#8221; el_class=&#8221;min_height_pag_int&#8221;][vc_column width=&#8221;1\/4&#8243;][\/vc_column][vc_column width=&#8221;1\/2&#8243;][vc_column_text color=&#8221;#ffffff&#8221; el_class=&#8221;page-header-title&#8221;]\n<h1 style=\"text-align: center;\">Stellpl\u00e4tze<\/h1>\n[\/vc_column_text][\/vc_column][vc_column width=&#8221;1\/4&#8243;][\/vc_column][\/vc_row][vc_row content_placement=&#8221;middle&#8221; equal_height=&#8221;yes&#8221; el_class=&#8221;mtd120 mtm60&#8243;][vc_column width=&#8221;5\/12&#8243; css=&#8221;.vc_custom_1721565915368{background-image: url(https:\/\/www.lecalanchiole.it\/wp-content\/uploads\/2024\/07\/Campeggio-Web-1.jpg?id=4052) !important;background-position: center !important;background-repeat: no-repeat !important;background-size: contain !important;}&#8221; wpex_bg_position=&#8221;0% 0%&#8221; el_class=&#8221;min_height_foto_pag_int order_1 mtm60&#8243;][vc_single_image image=&#8221;4013&#8243; img_size=&#8221;400&#215;400&#8243; onclick=&#8221;link_image&#8221; el_class=&#8221;img_pag_int&#8221;][\/vc_column][vc_column width=&#8221;1\/12&#8243;][\/vc_column][vc_column width=&#8221;6\/12&#8243; el_class=&#8221;order_0&#8243; css=&#8221;.vc_custom_1707168339002{padding-right: 30px !important;padding-left: 30px !important;}&#8221;][vc_column_text font_size=&#8221;15px&#8221; text_transform=&#8221;uppercase&#8221; color=&#8221;#f9b233&#8243; letter_spacing=&#8221;wide&#8221; font_weight=&#8221;700&#8243;]120 schattige Stellpl\u00e4tze[\/vc_column_text][vc_column_text css=&#8221;.vc_custom_1706885677303{padding-top: 15px !important;}&#8221; color=&#8221;#4499b8&#8243;]\n<h2>Camping am Meer Insel Elba<\/h2>\n[\/vc_column_text][vc_column_text el_class=&#8221;mtd40 mtm30&#8243;]<strong>Le Calanchiole Camping Village<\/strong> ist eine moderne, gut organisierte und professionell gef\u00fchrte Anlage, die ideal f\u00fcr alle ist, die einen ungezwungenen Urlaub verbringen m\u00f6chten, ohne dabei auf Komfort und hochwertige Dienstleistungen zu verzichten.<\/p>\n<p>Umgeben vom Gr\u00fcn eines weitl\u00e4ufigen Parks mit Pinien und Eukalyptusb\u00e4umen liegt der Campingplatz im Herzen der mediterranen Macchia, <strong>direkt am Meer<\/strong> die man vom Campingplatz aus erreichen kann: feiner Sand und kristallklares Wasser in der kleinen, h\u00fcbschen Bucht, die den G\u00e4sten zur Verf\u00fcgung steht. Ein Hauch von Privatsph\u00e4re und Exklusivit\u00e4t in einer hervorragenden Umgebung, abseits vom Verkehr und umgeben von der Natur.[\/vc_column_text]\t<style><\/style>\n<div class=\"vcex-spacing wpex-w-100 wpex-clear vcex_69e1e877499d5\"><\/div>[vc_btn title=&#8221;Preise Camping&#8221; style=&#8221;flat&#8221; shape=&#8221;square&#8221; color=&#8221;warning&#8221; align=&#8221;center&#8221; button_block=&#8221;true&#8221; link=&#8221;url:https%3A%2F%2Fbe.bookingexpert.it%2Fbook%2Fhome%2Findex%3Flayout%3D18509%26lang%3Dde|target:_blank&#8221;][vc_column_text el_class=&#8221;mtd40 mtm30&#8243;]\n<h2 style=\"color: #4499b8; margin-bottom: 15px;\">Verf\u00fcgbarkeit eines Platzes mit Meerblick<\/h2>\n<p>Das Camping\/Dorf liegt direkt am Meer im Golf von Stella, mit Sandstr\u00e4nden und Klippen, nur 8 km von Portoferraio und 3 km von Porto Azzurro und Capoliveri entfernt, die durch einen Shuttle-Service verbunden sind.<\/p>\n<p>Ein malerischer, von \u00fcppigen Fichten- und Steineichenw\u00e4ldern beschatteter Wanderweg f\u00fchrt an den Klippen entlang, die reich an bezaubernden und intimen Buchten sind. Davor liegen blaue Fl\u00e4chen, die vom Rumpf eines Bootes zerfurcht sind. Auf dem Gel\u00e4nde stehen 40.000 Quadratmeter zur Verf\u00fcgung, die eine Auswahl an geeigneten Arrangements erm\u00f6glichen. Den G\u00e4sten stehen 120 <strong>schattige Stellpl\u00e4tze<\/strong> zur Verf\u00fcgung, die entlang breiter, gepflegter Baumalleen angeordnet sind und \u00fcber Stromanschl\u00fcsse verf\u00fcgen. Gemeinsame Nutzung von Toiletten, Duschen mit Warmwasser, Waschk\u00fcche, B\u00fcgelraum und Babyraum.<\/p>\n<p>W\u00e4hrend der Sommersaison f\u00fcr 3 Monate ist unser Campingplatz mit Capoliveri durch einen <strong>Shuttle-Service<\/strong> verbunden.[\/vc_column_text]\t<style><\/style>\n<div class=\"vcex-spacing wpex-w-100 wpex-clear vcex_69e1e87749b75\"><\/div>[\/vc_column][\/vc_row][vc_row full_width=&#8221;stretch_row&#8221; content_placement=&#8221;middle&#8221; disable_element=&#8221;yes&#8221; css=&#8221;.vc_custom_1731348798479{margin-top: 50px !important;background-position: center !important;background-repeat: no-repeat !important;background-size: cover !important;}&#8221;][vc_column]<div class=\"vcex-module wpex-alert wpex-alert-success\"><h4 style=\"text-align: center\">Neueste Verf\u00fcgbarkeit!<br \/>\nKontaktieren Sie uns, um jetzt Ihren Stellplatz zu buchen<\/h4>\n<\/div>[vc_btn title=&#8221;Kontakte&#8221; style=&#8221;flat&#8221; shape=&#8221;square&#8221; color=&#8221;warning&#8221; align=&#8221;center&#8221; button_block=&#8221;true&#8221; link=&#8221;url:%23preventivo&#8221;][\/vc_column][\/vc_row][vc_row full_width=&#8221;stretch_row&#8221; content_placement=&#8221;middle&#8221; css=&#8221;.vc_custom_1748595485600{margin-top: 50px !important;background-position: center !important;background-repeat: no-repeat !important;background-size: cover !important;}&#8221; el_id=&#8221;listino&#8221;][vc_column][vc_column_text css=&#8221;.vc_custom_1762363459344{padding-top: 15px !important;}&#8221; color=&#8221;#4499b8&#8243;]\n<h2 style=\"text-align: center;\">Camping-Stellplatzpreise 2026<\/h2>\n[\/vc_column_text]\t<style><\/style>\n<div class=\"vcex-spacing wpex-w-100 wpex-clear vcex_69e1e8774a441\"><\/div>[vc_row_inner][vc_column_inner width=&#8221;1\/4&#8243;][\/vc_column_inner][vc_column_inner width=&#8221;1\/2&#8243;][vc_btn title=&#8221;Preise Camping&#8221; style=&#8221;flat&#8221; shape=&#8221;square&#8221; color=&#8221;warning&#8221; align=&#8221;center&#8221; button_block=&#8221;true&#8221; link=&#8221;url:https%3A%2F%2Fbe.bookingexpert.it%2Fbook%2Fhome%2Findex%3Flayout%3D18509%26lang%3Dde|target:_blank&#8221;][\/vc_column_inner][vc_column_inner width=&#8221;1\/4&#8243;][\/vc_column_inner][\/vc_row_inner]\t<style><\/style>\n<div class=\"vcex-spacing wpex-w-100 wpex-clear vcex_69e1e8774a59e\"><\/div>[\/vc_column][\/vc_row][vc_row full_width=&#8221;stretch_row&#8221; content_placement=&#8221;middle&#8221; disable_element=&#8221;yes&#8221; css=&#8221;.vc_custom_1762363444920{margin-top: 50px !important;background-position: center !important;background-repeat: no-repeat !important;background-size: cover !important;}&#8221;][vc_column][vc_column_text css=&#8221;.vc_custom_1731349021540{padding-top: 15px !important;}&#8221; color=&#8221;#4499b8&#8243;]\n<h2 style=\"text-align: center;\">Camping-Stellplatzpreise 2025<\/h2>\n[\/vc_column_text]\t<style><\/style>\n<div class=\"vcex-spacing wpex-w-100 wpex-clear vcex_69e1e8774a6db\"><\/div>[vc_column_text]\n<div class=\"responsive-table\">\n<table>\n<thead>\n<tr>\n<th>Typ<\/th>\n<th>Zeitraum A<br \/>\n15\/04-30\/05<br \/>\n28\/09-20\/10<\/th>\n<th>Zeitraum B<br \/>\n31\/05-06\/06<br \/>\n01\/09-27\/09<\/th>\n<th>Zeitraum C<br \/>\n07\/06-27\/06<\/th>\n<th>Zeitraum D<br \/>\n28\/06-01\/08<br \/>\n25\/08-31\/08<\/th>\n<th>Zeitraum E<br \/>\n02\/08-24\/08<\/th>\n<\/tr>\n<\/thead>\n<tbody>\n<tr>\n<td>Erwachsener<\/td>\n<td style=\"text-align: center;\">11,50 \u20ac<\/td>\n<td style=\"text-align: center;\">13,50 \u20ac<\/td>\n<td style=\"text-align: center;\">16,00 \u20ac<\/td>\n<td style=\"text-align: center;\">19,00 \u20ac<\/td>\n<td style=\"text-align: center;\">21,00 \u20ac<\/td>\n<\/tr>\n<tr>\n<td>Kleinkind 1-2 Jahre<\/td>\n<td style=\"text-align: center;\">3,00 \u20ac<\/td>\n<td style=\"text-align: center;\">4,00 \u20ac<\/td>\n<td style=\"text-align: center;\">4,50 \u20ac<\/td>\n<td style=\"text-align: center;\">5,00 \u20ac<\/td>\n<td style=\"text-align: center;\">6,00 \u20ac<\/td>\n<\/tr>\n<tr>\n<td>Kinder 3-8 Jahre<\/td>\n<td style=\"text-align: center;\">8,50 \u20ac<\/td>\n<td style=\"text-align: center;\">9,50 \u20ac<\/td>\n<td style=\"text-align: center;\">10,50 \u20ac<\/td>\n<td style=\"text-align: center;\">13,50 \u20ac<\/td>\n<td style=\"text-align: center;\">15,00 \u20ac<\/td>\n<\/tr>\n<tr>\n<td>Wohnwagen<\/td>\n<td style=\"text-align: center;\">11,50 \u20ac<\/td>\n<td style=\"text-align: center;\">13,50 \u20ac<\/td>\n<td style=\"text-align: center;\">18,00 \u20ac<\/td>\n<td style=\"text-align: center;\">20,00 \u20ac<\/td>\n<td style=\"text-align: center;\">22,00 \u20ac<\/td>\n<\/tr>\n<tr>\n<td>Premium Wohnwagen<\/td>\n<td style=\"text-align: center;\">16,50 \u20ac<\/td>\n<td style=\"text-align: center;\">18,50 \u20ac<\/td>\n<td style=\"text-align: center;\">23,00 \u20ac<\/td>\n<td style=\"text-align: center;\">25,00 \u20ac<\/td>\n<td style=\"text-align: center;\">27,00 \u20ac<\/td>\n<\/tr>\n<tr>\n<td>VIP Wohnwagen<\/td>\n<td style=\"text-align: center;\">21,50 \u20ac<\/td>\n<td style=\"text-align: center;\">23,50 \u20ac<\/td>\n<td style=\"text-align: center;\">28,00 \u20ac<\/td>\n<td style=\"text-align: center;\">30,00 \u20ac<\/td>\n<td style=\"text-align: center;\">32,00 \u20ac<\/td>\n<\/tr>\n<tr>\n<td>Wohnmobil \/ Autodachzelt<\/td>\n<td style=\"text-align: center;\">14,00 \u20ac<\/td>\n<td style=\"text-align: center;\">16,00 \u20ac<\/td>\n<td style=\"text-align: center;\">21,00 \u20ac<\/td>\n<td style=\"text-align: center;\">23,00 \u20ac<\/td>\n<td style=\"text-align: center;\">27,50 \u20ac<\/td>\n<\/tr>\n<tr>\n<td>Premium Wohnmobil \/ Autodachzelt<\/td>\n<td style=\"text-align: center;\">19,00 \u20ac<\/td>\n<td style=\"text-align: center;\">21,00 \u20ac<\/td>\n<td style=\"text-align: center;\">26,00 \u20ac<\/td>\n<td style=\"text-align: center;\">28,00 \u20ac<\/td>\n<td style=\"text-align: center;\">32,50 \u20ac<\/td>\n<\/tr>\n<tr>\n<td>VIP Wohnmobil \/ Autodachzelt<\/td>\n<td style=\"text-align: center;\">24,00 \u20ac<\/td>\n<td style=\"text-align: center;\">26,00 \u20ac<\/td>\n<td style=\"text-align: center;\">31,00 \u20ac<\/td>\n<td style=\"text-align: center;\">33,00 \u20ac<\/td>\n<td style=\"text-align: center;\">37,50 \u20ac<\/td>\n<\/tr>\n<tr>\n<td>Zelt<\/td>\n<td style=\"text-align: center;\">11,50 \u20ac<\/td>\n<td style=\"text-align: center;\">13,50 \u20ac<\/td>\n<td style=\"text-align: center;\">18,00 \u20ac<\/td>\n<td style=\"text-align: center;\">20,00 \u20ac<\/td>\n<td style=\"text-align: center;\">22,00 \u20ac<\/td>\n<\/tr>\n<tr>\n<td>VIP Zelt<\/td>\n<td style=\"text-align: center;\">21,50 \u20ac<\/td>\n<td style=\"text-align: center;\">23,50 \u20ac<\/td>\n<td style=\"text-align: center;\">28,00 \u20ac<\/td>\n<td style=\"text-align: center;\">30,00 \u20ac<\/td>\n<td style=\"text-align: center;\">32,00 \u20ac<\/td>\n<\/tr>\n<tr>\n<td>Kanadisches Zelt (Iglu 2 Pl\u00e4tze 2&#215;2)<\/td>\n<td style=\"text-align: center;\">7,50 \u20ac<\/td>\n<td style=\"text-align: center;\">9,50 \u20ac<\/td>\n<td style=\"text-align: center;\">12,00 \u20ac<\/td>\n<td style=\"text-align: center;\">13,50 \u20ac<\/td>\n<td style=\"text-align: center;\">15,00 \u20ac<\/td>\n<\/tr>\n<tr>\n<td>Auto<\/td>\n<td style=\"text-align: center;\">3,00 \u20ac<\/td>\n<td style=\"text-align: center;\">3,00 \u20ac<\/td>\n<td style=\"text-align: center;\">4,00 \u20ac<\/td>\n<td style=\"text-align: center;\">5,00 \u20ac<\/td>\n<td style=\"text-align: center;\">5,50 \u20ac<\/td>\n<\/tr>\n<tr>\n<td>Motorrad \/ Moped<\/td>\n<td style=\"text-align: center;\">2,50 \u20ac<\/td>\n<td style=\"text-align: center;\">2,50 \u20ac<\/td>\n<td style=\"text-align: center;\">3,00 \u20ac<\/td>\n<td style=\"text-align: center;\">3,00 \u20ac<\/td>\n<td style=\"text-align: center;\">4,00 \u20ac<\/td>\n<\/tr>\n<tr>\n<td>Boot Anh\u00e4nger<\/td>\n<td style=\"text-align: center;\">2,50 \u20ac<\/td>\n<td style=\"text-align: center;\">2,50 \u20ac<\/td>\n<td style=\"text-align: center;\">3,00 \u20ac<\/td>\n<td style=\"text-align: center;\">4,00 \u20ac<\/td>\n<td style=\"text-align: center;\">5,00 \u20ac<\/td>\n<\/tr>\n<tr>\n<td>Hund<\/td>\n<td style=\"text-align: center;\">5,00 \u20ac<\/td>\n<td style=\"text-align: center;\">5,00 \u20ac<\/td>\n<td style=\"text-align: center;\">6,00 \u20ac<\/td>\n<td style=\"text-align: center;\">8,00 \u20ac<\/td>\n<td style=\"text-align: center;\">10,00 \u20ac<\/td>\n<\/tr>\n<tr>\n<td>Elektrischer Anschluss 6 Amp<\/td>\n<td style=\"text-align: center;\">7,00 \u20ac<\/td>\n<td style=\"text-align: center;\">7,00 \u20ac<\/td>\n<td style=\"text-align: center;\">7,50 \u20ac<\/td>\n<td style=\"text-align: center;\">7,50 \u20ac<\/td>\n<td style=\"text-align: center;\">7,50 \u20ac<\/td>\n<\/tr>\n<tr>\n<td>Besucher<\/td>\n<td style=\"text-align: center;\">11,50 \u20ac<\/td>\n<td style=\"text-align: center;\">13,50 \u20ac<\/td>\n<td style=\"text-align: center;\">16,00 \u20ac<\/td>\n<td style=\"text-align: center;\">19,00 \u20ac<\/td>\n<td style=\"text-align: center;\">21,00 \u20ac<\/td>\n<\/tr>\n<\/tbody>\n<\/table>\n<\/div>\n[\/vc_column_text]\t<style><\/style>\n<div class=\"vcex-spacing wpex-w-100 wpex-clear vcex_69e1e8774a814\"><\/div><div class=\"vcex-module wpex-alert wpex-alert-success\"><p style=\"text-align: center\"><b>Animationsservice<\/b><\/p>\n<p style=\"text-align: center\">CAMPING<br \/>\nPflicht-Animationskarte<br \/>\nKosten: \u20ac 15,00 pro Person (f\u00fcr alle \u00fcber 12 Jahre)<br \/>\nG\u00fcltigkeit: f\u00fcr den gesamten Aufenthalt vom 08.06. bis 15.09.<br \/>\nF\u00fcr Aufenthalte bis zu 3 Tagen \u2192 KOSTENLOS<\/p>\n<p style=\"text-align: center\">UNTERK\u00dcNFTE &amp; BUNGALOWS<br \/>\nF\u00fcr G\u00e4ste in den Unterk\u00fcnften ist die Animation bereits im Preis inbegriffen, ohne zus\u00e4tzliche Kosten.<\/p>\n<\/div>[vc_btn title=&#8221;Preisliste und allgemeine Gesch\u00e4ftsbedingungen herunterladen&#8221; style=&#8221;flat&#8221; shape=&#8221;square&#8221; color=&#8221;info&#8221; align=&#8221;center&#8221; i_icon_fontawesome=&#8221;fas fa-campground&#8221; button_block=&#8221;true&#8221; add_icon=&#8221;true&#8221; link=&#8221;url:https%3A%2F%2Fwww.lecalanchiole.it%2Fwp-content%2Fuploads%2F2025%2F02%2FLeCalanchiole_listino_2025.pdf|target:_blank&#8221;][\/vc_column][\/vc_row][vc_row full_width=&#8221;stretch_row&#8221; content_placement=&#8221;middle&#8221; css=&#8221;.vc_custom_1706889370936{margin-top: 50px !important;background-position: center !important;background-repeat: no-repeat !important;background-size: cover !important;}&#8221;][vc_column]\t<style><\/style>\n<div class=\"vcex-spacing wpex-w-100 wpex-clear vcex_69e1e8774ad61\"><\/div>[\/vc_column][\/vc_row][vc_row full_width=&#8221;stretch_row_content_no_spaces&#8221; content_placement=&#8221;middle&#8221; css=&#8221;.vc_custom_1706781036946{background-position: center !important;background-repeat: no-repeat !important;background-size: cover !important;}&#8221; wpex_bg_overlay_blend=&#8221;lighten&#8221;][vc_column]<style class=\"vcex-carousel-preload-css\">.vcex_69e1e8774d381{--wpex-carousel-gap:0px;}.vcex_69e1e8774d381{--wpex-carousel-columns:1;}.vcex_69e1e8774d381.wpex-carousel:not(.owl-loaded) > *:not(:nth-child(1n+2)) {display: flex !important;}@media only screen and (min-width: 480px) {.vcex_69e1e8774d381{--wpex-carousel-columns:2;}.vcex_69e1e8774d381.wpex-carousel:not(.owl-loaded) > *:not(:nth-child(1n+3)) {display: flex !important;}}@media only screen and (min-width: 768px) {.vcex_69e1e8774d381{--wpex-carousel-columns:3;}.vcex_69e1e8774d381.wpex-carousel:not(.owl-loaded) > *:not(:nth-child(1n+4)) {display: flex !important;}}@media only screen and (min-width: 960px) {.vcex_69e1e8774d381{--wpex-carousel-columns:4;}.vcex_69e1e8774d381.wpex-carousel:not(.owl-loaded) > *:not(:nth-child(1n+5)) {display: flex !important;}}<\/style><div class=\"vcex-module wpex-carousel wpex-carousel-images wpex-clr owl-carousel wpex-carousel--render-onload vcex_69e1e8774d381 arrwstyle-min arrwpos-right\" data-wpex-carousel=\"{&quot;autoplay&quot;:&quot;true&quot;,&quot;margin&quot;:0,&quot;responsive&quot;:{&quot;0&quot;:{&quot;items&quot;:&quot;1&quot;},&quot;480&quot;:{&quot;items&quot;:&quot;2&quot;},&quot;768&quot;:{&quot;items&quot;:&quot;3&quot;},&quot;960&quot;:{&quot;items&quot;:&quot;4&quot;}}}\"><div class=\"wpex-carousel-slide\"><figure class=\"wpex-carousel-entry-media entry-media\"><img width=\"1200\" height=\"800\" src=\"https:\/\/www.lecalanchiole.it\/wp-content\/uploads\/2024\/02\/isola-d-elba3.jpg\" class=\"wpex-align-middle skip-lazy\" alt=\"\" data-no-lazy=\"1\" srcset=\"https:\/\/www.lecalanchiole.it\/wp-content\/uploads\/2024\/02\/isola-d-elba3.jpg 1200w, https:\/\/www.lecalanchiole.it\/wp-content\/uploads\/2024\/02\/isola-d-elba3-300x200.jpg 300w, https:\/\/www.lecalanchiole.it\/wp-content\/uploads\/2024\/02\/isola-d-elba3-1024x683.jpg 1024w, https:\/\/www.lecalanchiole.it\/wp-content\/uploads\/2024\/02\/isola-d-elba3-768x512.jpg 768w\" sizes=\"(max-width: 1200px) 100vw, 1200px\" \/><\/figure><\/div><div class=\"wpex-carousel-slide\"><figure class=\"wpex-carousel-entry-media entry-media\"><img width=\"1800\" height=\"1201\" src=\"https:\/\/www.lecalanchiole.it\/wp-content\/uploads\/2024\/07\/Mare-Web-2.jpg\" class=\"wpex-align-middle skip-lazy\" alt=\"\" data-no-lazy=\"1\" srcset=\"https:\/\/www.lecalanchiole.it\/wp-content\/uploads\/2024\/07\/Mare-Web-2.jpg 1800w, https:\/\/www.lecalanchiole.it\/wp-content\/uploads\/2024\/07\/Mare-Web-2-300x200.jpg 300w, https:\/\/www.lecalanchiole.it\/wp-content\/uploads\/2024\/07\/Mare-Web-2-1024x683.jpg 1024w, https:\/\/www.lecalanchiole.it\/wp-content\/uploads\/2024\/07\/Mare-Web-2-768x512.jpg 768w, https:\/\/www.lecalanchiole.it\/wp-content\/uploads\/2024\/07\/Mare-Web-2-1536x1025.jpg 1536w\" sizes=\"(max-width: 1800px) 100vw, 1800px\" \/><\/figure><\/div><div class=\"wpex-carousel-slide\"><figure class=\"wpex-carousel-entry-media entry-media\"><img width=\"1800\" height=\"1201\" src=\"https:\/\/www.lecalanchiole.it\/wp-content\/uploads\/2024\/07\/Mare-Web-3.jpg\" class=\"wpex-align-middle skip-lazy\" alt=\"\" data-no-lazy=\"1\" srcset=\"https:\/\/www.lecalanchiole.it\/wp-content\/uploads\/2024\/07\/Mare-Web-3.jpg 1800w, https:\/\/www.lecalanchiole.it\/wp-content\/uploads\/2024\/07\/Mare-Web-3-300x200.jpg 300w, https:\/\/www.lecalanchiole.it\/wp-content\/uploads\/2024\/07\/Mare-Web-3-1024x683.jpg 1024w, https:\/\/www.lecalanchiole.it\/wp-content\/uploads\/2024\/07\/Mare-Web-3-768x512.jpg 768w, https:\/\/www.lecalanchiole.it\/wp-content\/uploads\/2024\/07\/Mare-Web-3-1536x1025.jpg 1536w\" sizes=\"(max-width: 1800px) 100vw, 1800px\" \/><\/figure><\/div><div class=\"wpex-carousel-slide\"><figure class=\"wpex-carousel-entry-media entry-media\"><img width=\"1200\" height=\"800\" src=\"https:\/\/www.lecalanchiole.it\/wp-content\/uploads\/2024\/10\/campeggio-elba-camper.jpg\" class=\"wpex-align-middle skip-lazy\" alt=\"\" data-no-lazy=\"1\" srcset=\"https:\/\/www.lecalanchiole.it\/wp-content\/uploads\/2024\/10\/campeggio-elba-camper.jpg 1200w, https:\/\/www.lecalanchiole.it\/wp-content\/uploads\/2024\/10\/campeggio-elba-camper-300x200.jpg 300w, https:\/\/www.lecalanchiole.it\/wp-content\/uploads\/2024\/10\/campeggio-elba-camper-1024x683.jpg 1024w, https:\/\/www.lecalanchiole.it\/wp-content\/uploads\/2024\/10\/campeggio-elba-camper-768x512.jpg 768w\" sizes=\"(max-width: 1200px) 100vw, 1200px\" \/><\/figure><\/div><div class=\"wpex-carousel-slide\"><figure class=\"wpex-carousel-entry-media entry-media\"><img width=\"1800\" height=\"1201\" src=\"https:\/\/www.lecalanchiole.it\/wp-content\/uploads\/2024\/07\/Campeggio-Web-1.jpg\" class=\"wpex-align-middle skip-lazy\" alt=\"\" data-no-lazy=\"1\" srcset=\"https:\/\/www.lecalanchiole.it\/wp-content\/uploads\/2024\/07\/Campeggio-Web-1.jpg 1800w, https:\/\/www.lecalanchiole.it\/wp-content\/uploads\/2024\/07\/Campeggio-Web-1-300x200.jpg 300w, https:\/\/www.lecalanchiole.it\/wp-content\/uploads\/2024\/07\/Campeggio-Web-1-1024x683.jpg 1024w, https:\/\/www.lecalanchiole.it\/wp-content\/uploads\/2024\/07\/Campeggio-Web-1-768x512.jpg 768w, https:\/\/www.lecalanchiole.it\/wp-content\/uploads\/2024\/07\/Campeggio-Web-1-1536x1025.jpg 1536w\" sizes=\"(max-width: 1800px) 100vw, 1800px\" \/><\/figure><\/div><div class=\"wpex-carousel-slide\"><figure class=\"wpex-carousel-entry-media entry-media\"><img width=\"1800\" height=\"1201\" src=\"https:\/\/www.lecalanchiole.it\/wp-content\/uploads\/2024\/07\/Campeggio-Web-5.jpg\" class=\"wpex-align-middle skip-lazy\" alt=\"\" data-no-lazy=\"1\" srcset=\"https:\/\/www.lecalanchiole.it\/wp-content\/uploads\/2024\/07\/Campeggio-Web-5.jpg 1800w, https:\/\/www.lecalanchiole.it\/wp-content\/uploads\/2024\/07\/Campeggio-Web-5-300x200.jpg 300w, https:\/\/www.lecalanchiole.it\/wp-content\/uploads\/2024\/07\/Campeggio-Web-5-1024x683.jpg 1024w, https:\/\/www.lecalanchiole.it\/wp-content\/uploads\/2024\/07\/Campeggio-Web-5-768x512.jpg 768w, https:\/\/www.lecalanchiole.it\/wp-content\/uploads\/2024\/07\/Campeggio-Web-5-1536x1025.jpg 1536w\" sizes=\"(max-width: 1800px) 100vw, 1800px\" \/><\/figure><\/div><div class=\"wpex-carousel-slide\"><figure class=\"wpex-carousel-entry-media entry-media\"><img width=\"1800\" height=\"1201\" src=\"https:\/\/www.lecalanchiole.it\/wp-content\/uploads\/2024\/07\/Campeggio-Web-7.jpg\" class=\"wpex-align-middle skip-lazy\" alt=\"\" data-no-lazy=\"1\" srcset=\"https:\/\/www.lecalanchiole.it\/wp-content\/uploads\/2024\/07\/Campeggio-Web-7.jpg 1800w, https:\/\/www.lecalanchiole.it\/wp-content\/uploads\/2024\/07\/Campeggio-Web-7-300x200.jpg 300w, https:\/\/www.lecalanchiole.it\/wp-content\/uploads\/2024\/07\/Campeggio-Web-7-1024x683.jpg 1024w, https:\/\/www.lecalanchiole.it\/wp-content\/uploads\/2024\/07\/Campeggio-Web-7-768x512.jpg 768w, https:\/\/www.lecalanchiole.it\/wp-content\/uploads\/2024\/07\/Campeggio-Web-7-1536x1025.jpg 1536w\" sizes=\"(max-width: 1800px) 100vw, 1800px\" \/><\/figure><\/div><div class=\"wpex-carousel-slide\"><figure class=\"wpex-carousel-entry-media entry-media\"><img width=\"1800\" height=\"1201\" src=\"https:\/\/www.lecalanchiole.it\/wp-content\/uploads\/2024\/07\/Campeggio-Web-8.jpg\" class=\"wpex-align-middle skip-lazy\" alt=\"\" data-no-lazy=\"1\" srcset=\"https:\/\/www.lecalanchiole.it\/wp-content\/uploads\/2024\/07\/Campeggio-Web-8.jpg 1800w, https:\/\/www.lecalanchiole.it\/wp-content\/uploads\/2024\/07\/Campeggio-Web-8-300x200.jpg 300w, https:\/\/www.lecalanchiole.it\/wp-content\/uploads\/2024\/07\/Campeggio-Web-8-1024x683.jpg 1024w, https:\/\/www.lecalanchiole.it\/wp-content\/uploads\/2024\/07\/Campeggio-Web-8-768x512.jpg 768w, https:\/\/www.lecalanchiole.it\/wp-content\/uploads\/2024\/07\/Campeggio-Web-8-1536x1025.jpg 1536w\" sizes=\"(max-width: 1800px) 100vw, 1800px\" \/><\/figure><\/div><div class=\"wpex-carousel-slide\"><figure class=\"wpex-carousel-entry-media entry-media\"><img width=\"1200\" height=\"800\" src=\"https:\/\/www.lecalanchiole.it\/wp-content\/uploads\/2024\/10\/campeggio-elba-caravan.jpg\" class=\"wpex-align-middle skip-lazy\" alt=\"\" data-no-lazy=\"1\" srcset=\"https:\/\/www.lecalanchiole.it\/wp-content\/uploads\/2024\/10\/campeggio-elba-caravan.jpg 1200w, https:\/\/www.lecalanchiole.it\/wp-content\/uploads\/2024\/10\/campeggio-elba-caravan-300x200.jpg 300w, https:\/\/www.lecalanchiole.it\/wp-content\/uploads\/2024\/10\/campeggio-elba-caravan-1024x683.jpg 1024w, https:\/\/www.lecalanchiole.it\/wp-content\/uploads\/2024\/10\/campeggio-elba-caravan-768x512.jpg 768w\" sizes=\"(max-width: 1200px) 100vw, 1200px\" \/><\/figure><\/div><\/div>[\/vc_column][\/vc_row]\n<\/div>","protected":false},"excerpt":{"rendered":"<p>[vc_row full_width=&#8221;stretch_row&#8221; content_placement=&#8221;middle&#8221; css=&#8221;.vc_custom_1721565893803{background-image: url(https:\/\/www.lecalanchiole.it\/wp-content\/uploads\/2024\/07\/Campeggio-Web-7.jpg?id=4009) !important;background-position: center !important;background-repeat: no-repeat !important;background-size: cover !important;}&#8221; el_class=&#8221;min_height_pag_int&#8221;][vc_column width=&#8221;1\/4&#8243;][\/vc_column][vc_column width=&#8221;1\/2&#8243;][vc_column_text color=&#8221;#ffffff&#8221; el_class=&#8221;page-header-title&#8221;] Stellpl\u00e4tze [\/vc_column_text][\/vc_column][vc_column width=&#8221;1\/4&#8243;][\/vc_column][\/vc_row][vc_row content_placement=&#8221;middle&#8221; equal_height=&#8221;yes&#8221; el_class=&#8221;mtd120 mtm60&#8243;][vc_column width=&#8221;5\/12&#8243; css=&#8221;.vc_custom_1721565915368{background-image: url(https:\/\/www.lecalanchiole.it\/wp-content\/uploads\/2024\/07\/Campeggio-Web-1.jpg?id=4052) !important;background-position: center !important;background-repeat: no-repeat !important;background-size: contain !important;}&#8221; wpex_bg_position=&#8221;0% 0%&#8221; el_class=&#8221;min_height_foto_pag_int order_1 mtm60&#8243;][vc_single_image image=&#8221;4013&#8243; img_size=&#8221;400&#215;400&#8243; onclick=&#8221;link_image&#8221; el_class=&#8221;img_pag_int&#8221;][\/vc_column][vc_column width=&#8221;1\/12&#8243;][\/vc_column][vc_column width=&#8221;6\/12&#8243; el_class=&#8221;order_0&#8243; css=&#8221;.vc_custom_1707168339002{padding-right: 30px !important;padding-left: 30px !important;}&#8221;][vc_column_text font_size=&#8221;15px&#8221; text_transform=&#8221;uppercase&#8221; color=&#8221;#f9b233&#8243; letter_spacing=&#8221;wide&#8221;&hellip;<\/p>\n","protected":false},"author":3,"featured_media":0,"parent":0,"menu_order":0,"comment_status":"closed","ping_status":"closed","template":"","meta":{"inline_featured_image":false,"footnotes":""},"class_list":["post-2610","page","type-page","status-publish","hentry","entry","no-media"],"_links":{"self":[{"href":"https:\/\/www.lecalanchiole.it\/de\/wp-json\/wp\/v2\/pages\/2610","targetHints":{"allow":["GET"]}}],"collection":[{"href":"https:\/\/www.lecalanchiole.it\/de\/wp-json\/wp\/v2\/pages"}],"about":[{"href":"https:\/\/www.lecalanchiole.it\/de\/wp-json\/wp\/v2\/types\/page"}],"author":[{"embeddable":true,"href":"https:\/\/www.lecalanchiole.it\/de\/wp-json\/wp\/v2\/users\/3"}],"replies":[{"embeddable":true,"href":"https:\/\/www.lecalanchiole.it\/de\/wp-json\/wp\/v2\/comments?post=2610"}],"version-history":[{"count":6,"href":"https:\/\/www.lecalanchiole.it\/de\/wp-json\/wp\/v2\/pages\/2610\/revisions"}],"predecessor-version":[{"id":4903,"href":"https:\/\/www.lecalanchiole.it\/de\/wp-json\/wp\/v2\/pages\/2610\/revisions\/4903"}],"wp:attachment":[{"href":"https:\/\/www.lecalanchiole.it\/de\/wp-json\/wp\/v2\/media?parent=2610"}],"curies":[{"name":"wp","href":"https:\/\/api.w.org\/{rel}","templated":true}]}}