{"id":2806,"date":"2024-01-09T17:46:56","date_gmt":"2024-01-09T16:46:56","guid":{"rendered":"https:\/\/www.lecalanchiole.it\/contact\/"},"modified":"2025-01-03T10:32:52","modified_gmt":"2025-01-03T09:32:52","slug":"contact","status":"publish","type":"page","link":"https:\/\/www.lecalanchiole.it\/fr\/contact\/","title":{"rendered":"Contact"},"content":{"rendered":"<div class=\"wpb-content-wrapper\">[vc_row full_width=&#8221;stretch_row&#8221; content_placement=&#8221;middle&#8221; css=&#8221;.vc_custom_1709978066615{background-image: url(https:\/\/www.lecalanchiole.it\/wp-content\/uploads\/2024\/03\/villaggio-capoliveri-elba.jpg?id=2526) !important;background-position: center !important;background-repeat: no-repeat !important;background-size: cover !important;}&#8221; el_class=&#8221;min_height_pag_int&#8221;][vc_column width=&#8221;1\/4&#8243;][\/vc_column][vc_column width=&#8221;1\/2&#8243;][vc_column_text color=&#8221;#ffffff&#8221; el_class=&#8221;page-header-title&#8221;]\n<h1 style=\"text-align: center;\">Comment nous contacter et comment nous joindre<\/h1>\n[\/vc_column_text][\/vc_column][vc_column width=&#8221;1\/4&#8243;][\/vc_column][\/vc_row][vc_row equal_height=&#8221;yes&#8221; el_class=&#8221;mtd120 mtm60&#8243;][vc_column width=&#8221;1\/2&#8243; css=&#8221;.vc_custom_1707168228671{padding-right: 30px !important;padding-left: 30px !important;}&#8221;][vc_column_text css=&#8221;.vc_custom_1706896832793{padding-top: 15px !important;}&#8221; color=&#8221;#4499b8&#8243; text_transform=&#8221;uppercase&#8221;]\n<h2>Informations et r\u00e9servations<\/h2>\n[\/vc_column_text][vc_column_text el_class=&#8221;mtd40 mtm30&#8243;]Pour les demandes de disponibilit\u00e9 ou les r\u00e9servations, vous pouvez r\u00e9server directement en ligne, ou nous contacter par t\u00e9l\u00e9phone, par fax ou en remplissant le formulaire ci-dessous. Nous nous ferons un plaisir de r\u00e9pondre \u00e0 toutes vos questions dans les plus brefs d\u00e9lais.[\/vc_column_text]<style> style=\"height:20px;\"<\/style><div class=\"vcex-spacing wpex-w-100 wpex-clear\" style=\"height:20px;\"><\/div>[vc_column_text font_size=&#8221;15px&#8221; text_transform=&#8221;uppercase&#8221; color=&#8221;#f9b233&#8243; letter_spacing=&#8221;wide&#8221; font_weight=&#8221;700&#8243;]TELEPHONE[\/vc_column_text][vc_column_text el_class=&#8221;mtd10 mtm20&#8243;]T\u00e9l. <a href=\"tel:+390565933488\">+39 0565.933488<\/a><br \/>\nT\u00e9l. <a href=\"tel:+390565933494\">+39 0565.933494<\/a><br \/>\nMobile\u00a0<a href=\"tel:+393899009211\">+39 389 900 9211<\/a>[\/vc_column_text]<style> style=\"height:20px;\"<\/style><div class=\"vcex-spacing wpex-w-100 wpex-clear\" style=\"height:20px;\"><\/div>[vc_column_text font_size=&#8221;15px&#8221; text_transform=&#8221;uppercase&#8221; color=&#8221;#f9b233&#8243; letter_spacing=&#8221;wide&#8221; font_weight=&#8221;700&#8243;]EMAIL[\/vc_column_text][vc_column_text el_class=&#8221;mtd20 mtm10&#8243;]<strong>Courriel :<\/strong> <a href=\"mailto:booking@lecalanchiole.it\">booking@lecalanchiole.it<\/a><br \/>\n<strong>Courriel :<\/strong> <a href=\"mailto:info@lecalanchiole.it\">info@lecalanchiole.it<\/a>[\/vc_column_text]<style> style=\"height:20px;\"<\/style><div class=\"vcex-spacing wpex-w-100 wpex-clear\" style=\"height:20px;\"><\/div>[vc_column_text font_size=&#8221;15px&#8221; text_transform=&#8221;uppercase&#8221; color=&#8221;#f9b233&#8243; letter_spacing=&#8221;wide&#8221; font_weight=&#8221;700&#8243;]ADRESSE[\/vc_column_text][vc_column_text el_class=&#8221;mtd20 mtm10&#8243;]Loc. Le Calanchiole 57031 Capoliveri (LI)[\/vc_column_text][\/vc_column][vc_column width=&#8221;1\/2&#8243; el_class=&#8221;min_height_foto_pag_int order_1 mtm60&#8243;][vc_column_text css=&#8221;.vc_custom_1706896842356{padding-top: 15px !important;}&#8221; color=&#8221;#4499b8&#8243; text_transform=&#8221;uppercase&#8221;]\n<h2>Comment nous joindre<\/h2>\n[\/vc_column_text][vc_column_text el_class=&#8221;mtd40 mtm30&#8243;]Notre camping est situ\u00e9 sur le c\u00f4t\u00e9 sud de l&#8217;\u00eele d&#8217;Elbe, \u00e0 Lido di Capoliveri, \u00e0 8 km de Portoferraio et \u00e0 3 km de Porto Azzurro et de Capoliveri.[\/vc_column_text]<style> style=\"height:20px;\"<\/style><div class=\"vcex-spacing wpex-w-100 wpex-clear\" style=\"height:20px;\"><\/div>[vc_column_text font_size=&#8221;15px&#8221; text_transform=&#8221;uppercase&#8221; color=&#8221;#f9b233&#8243; letter_spacing=&#8221;wide&#8221; font_weight=&#8221;700&#8243;]Comment arriver au camping depuis Portoferraio[\/vc_column_text][vc_column_text el_class=&#8221;mtd20 mtm10&#8243;]Apr\u00e8s avoir quitt\u00e9 le ferry \u00e0 Portoferraio, suivez les indications pour Porto Azzurro. Exactement 10 km plus loin, vous trouverez les panneaux indiquant le camping village &#8220;Le Calanchiole&#8221; et au loin, sur la droite, vous verrez le grand panneau.[\/vc_column_text]<style> style=\"height:20px;\"<\/style><div class=\"vcex-spacing wpex-w-100 wpex-clear\" style=\"height:20px;\"><\/div>[vc_column_text font_size=&#8221;15px&#8221; text_transform=&#8221;uppercase&#8221; color=&#8221;#f9b233&#8243; letter_spacing=&#8221;wide&#8221; font_weight=&#8221;700&#8243;]Comment se rendre au camping depuis Cavo ou Rio Marina[\/vc_column_text][vc_column_text el_class=&#8221;mtd20 mtm10&#8243;]Si vous d\u00e9barquez \u00e0 Cavo ou Rio Marina, suivez les indications pour Porto Azzurro. Apr\u00e8s avoir pass\u00e9 Porto Azzurro, au croisement pour Capoliveri, continuer tout droit et apr\u00e8s 1,5 km, tourner \u00e0 gauche au premier carrefour, en direction du Lido. Continuez \u00e0 gauche, vous verrez des panneaux pour le camping village &#8216;Le Calanchiole&#8217; et au loin, sur la droite, vous verrez le grand panneau.[\/vc_column_text]<style> style=\"height:20px;\"<\/style><div class=\"vcex-spacing wpex-w-100 wpex-clear\" style=\"height:20px;\"><\/div>[vc_column_text font_size=&#8221;15px&#8221; text_transform=&#8221;uppercase&#8221; color=&#8221;#f9b233&#8243; letter_spacing=&#8221;wide&#8221; font_weight=&#8221;700&#8243;]Rejoindre l&#8217;\u00eele d&#8217;Elbe en avion[\/vc_column_text][vc_column_text el_class=&#8221;mtd20 mtm10&#8243;]Avec des liaisons saisonni\u00e8res op\u00e9r\u00e9es par des compagnies a\u00e9riennes telles que Rhein-Neckar Air, l&#8217;\u00eele d&#8217;Elbe est bien reli\u00e9e \u00e0 l&#8217;Allemagne avec des destinations comme Mannheim et Friedrichshafen.<\/p>\n<p>Les vols seront op\u00e9r\u00e9s tous les vendredis selon les horaires suivants :<\/p>\n<p><strong>Mannheim \u2013 Elba :<\/strong> d\u00e9part \u00e0 07:00, arriv\u00e9e \u00e0 08:35 (num\u00e9ro de vol MHV 260)<br \/>\n<strong>Elba \u2013 Friedrichshafen :<\/strong> d\u00e9part \u00e0 09:05, arriv\u00e9e \u00e0 10:20 (num\u00e9ro de vol MHV 261)<br \/>\n<strong>Friedrichshafen \u2013 Elba :<\/strong> d\u00e9part \u00e0 10:50, arriv\u00e9e \u00e0 12:15 (num\u00e9ro de vol MHV 263)<br \/>\n<strong>Elba \u2013 Mannheim :<\/strong> d\u00e9part \u00e0 12:45, arriv\u00e9e \u00e0 14:30 (num\u00e9ro de vol MHV 264)<\/p>\n<p>Pour plus d&#8217;informations, veuillez visiter le <a href=\"http:\/\/www.elbaisland-airport.it\/\" target=\"_blank\" rel=\"noopener\">site officiel de l&#8217;a\u00e9roport de l&#8217;\u00eele d&#8217;Elbe.<\/a>[\/vc_column_text][\/vc_column][\/vc_row][vc_row full_width=&#8221;stretch_row_content_no_spaces&#8221; content_placement=&#8221;middle&#8221; css=&#8221;.vc_custom_1706781036946{background-position: center !important;background-repeat: no-repeat !important;background-size: cover !important;}&#8221; wpex_bg_overlay_blend=&#8221;lighten&#8221;][vc_column][vc_gmaps link=&#8221;#E-8_JTNDaWZyYW1lJTIwc3JjJTNEJTIyaHR0cHMlM0ElMkYlMkZ3d3cuZ29vZ2xlLmNvbSUyRm1hcHMlMkZlbWJlZCUzRnBiJTNEJTIxMW0xOCUyMTFtMTIlMjExbTMlMjExZDIxMzM1LjM3MjMxNzMyMzk5MiUyMTJkMTAuMzM4NTI2ODE4NjYwNTIlMjEzZDQyLjc1OTMwNTMwOTM1ODQyJTIxMm0zJTIxMWYwJTIxMmYwJTIxM2YwJTIxM20yJTIxMWkxMDI0JTIxMmk3NjglMjE0ZjEzLjElMjEzbTMlMjExbTIlMjExczB4MTJkNjMzOGQ0M2M1MGYyOSUyNTNBMHhkYTc1YjA2NDM1YTI2YTlkJTIxMnNMZSUyNTIwQ2FsYW5jaGlvbGUlMjE1ZTAlMjEzbTIlMjExc2l0JTIxMnNpdCUyMTR2MTcwNjg5NjM0MDI1OSUyMTVtMiUyMTFzaXQlMjEyc2l0JTIyJTIwd2lkdGglM0QlMjI2MDAlMjIlMjBoZWlnaHQlM0QlMjI1MDAlMjIlMjBzdHlsZSUzRCUyMmJvcmRlciUzQTAlM0IlMjIlMjBhbGxvd2Z1bGxzY3JlZW4lM0QlMjIlMjIlMjBsb2FkaW5nJTNEJTIybGF6eSUyMiUyMHJlZmVycmVycG9saWN5JTNEJTIybm8tcmVmZXJyZXItd2hlbi1kb3duZ3JhZGUlMjIlM0UlM0MlMkZpZnJhbWUlM0U=&#8221;][\/vc_column][\/vc_row]\n<\/div>","protected":false},"excerpt":{"rendered":"<p>[vc_row full_width=&#8221;stretch_row&#8221; content_placement=&#8221;middle&#8221; css=&#8221;.vc_custom_1709978066615{background-image: url(https:\/\/www.lecalanchiole.it\/wp-content\/uploads\/2024\/03\/villaggio-capoliveri-elba.jpg?id=2526) !important;background-position: center !important;background-repeat: no-repeat !important;background-size: cover !important;}&#8221; el_class=&#8221;min_height_pag_int&#8221;][vc_column width=&#8221;1\/4&#8243;][\/vc_column][vc_column width=&#8221;1\/2&#8243;][vc_column_text color=&#8221;#ffffff&#8221; el_class=&#8221;page-header-title&#8221;] Comment nous contacter et comment nous joindre [\/vc_column_text][\/vc_column][vc_column width=&#8221;1\/4&#8243;][\/vc_column][\/vc_row][vc_row equal_height=&#8221;yes&#8221; el_class=&#8221;mtd120 mtm60&#8243;][vc_column width=&#8221;1\/2&#8243; css=&#8221;.vc_custom_1707168228671{padding-right: 30px !important;padding-left: 30px !important;}&#8221;][vc_column_text css=&#8221;.vc_custom_1706896832793{padding-top: 15px !important;}&#8221; color=&#8221;#4499b8&#8243; text_transform=&#8221;uppercase&#8221;] Informations et r\u00e9servations [\/vc_column_text][vc_column_text el_class=&#8221;mtd40 mtm30&#8243;]Pour les demandes de disponibilit\u00e9 ou les r\u00e9servations, vous pouvez&hellip;<\/p>\n","protected":false},"author":3,"featured_media":0,"parent":0,"menu_order":0,"comment_status":"closed","ping_status":"closed","template":"","meta":{"inline_featured_image":false,"footnotes":""},"class_list":["post-2806","page","type-page","status-publish","hentry","entry","no-media"],"_links":{"self":[{"href":"https:\/\/www.lecalanchiole.it\/fr\/wp-json\/wp\/v2\/pages\/2806","targetHints":{"allow":["GET"]}}],"collection":[{"href":"https:\/\/www.lecalanchiole.it\/fr\/wp-json\/wp\/v2\/pages"}],"about":[{"href":"https:\/\/www.lecalanchiole.it\/fr\/wp-json\/wp\/v2\/types\/page"}],"author":[{"embeddable":true,"href":"https:\/\/www.lecalanchiole.it\/fr\/wp-json\/wp\/v2\/users\/3"}],"replies":[{"embeddable":true,"href":"https:\/\/www.lecalanchiole.it\/fr\/wp-json\/wp\/v2\/comments?post=2806"}],"version-history":[{"count":5,"href":"https:\/\/www.lecalanchiole.it\/fr\/wp-json\/wp\/v2\/pages\/2806\/revisions"}],"predecessor-version":[{"id":4300,"href":"https:\/\/www.lecalanchiole.it\/fr\/wp-json\/wp\/v2\/pages\/2806\/revisions\/4300"}],"wp:attachment":[{"href":"https:\/\/www.lecalanchiole.it\/fr\/wp-json\/wp\/v2\/media?parent=2806"}],"curies":[{"name":"wp","href":"https:\/\/api.w.org\/{rel}","templated":true}]}}