{"id":2809,"date":"2024-02-01T18:45:47","date_gmt":"2024-02-01T17:45:47","guid":{"rendered":"https:\/\/www.lecalanchiole.it\/famille\/"},"modified":"2025-08-04T08:21:12","modified_gmt":"2025-08-04T06:21:12","slug":"village-famille-ile-elbe","status":"publish","type":"page","link":"https:\/\/www.lecalanchiole.it\/fr\/village-famille-ile-elbe\/","title":{"rendered":"Famille"},"content":{"rendered":"<div class=\"wpb-content-wrapper\">[vc_row full_width=&#8221;stretch_row&#8221; content_placement=&#8221;middle&#8221; parallax=&#8221;content-moving&#8221; css=&#8221;.vc_custom_1707236057884{background-image: url(https:\/\/www.lecalanchiole.it\/wp-content\/uploads\/2024\/02\/camping-famiglie-elba.jpg?id=1772) !important;background-position: center;background-repeat: no-repeat !important;background-size: cover !important;}&#8221; el_class=&#8221;min_height_pag_int&#8221;][vc_column width=&#8221;1\/4&#8243;][\/vc_column][vc_column width=&#8221;1\/2&#8243;][vc_column_text color=&#8221;#ffffff&#8221; el_class=&#8221;page-header-title&#8221;]\n<h1 style=\"text-align: center;\">Village familial<\/h1>\n[\/vc_column_text][\/vc_column][vc_column width=&#8221;1\/4&#8243;][\/vc_column][\/vc_row][vc_row content_placement=&#8221;middle&#8221; equal_height=&#8221;yes&#8221; el_class=&#8221;mtd120 mtm60&#8243; css=&#8221;.vc_custom_1706898862220{margin-bottom: 30px !important;}&#8221;][vc_column css_animation=&#8221;fadeInLeft&#8221; css=&#8221;.vc_custom_1707214290367{padding-top: 30px !important;padding-right: 30px !important;padding-left: 30px !important;background-position: center !important;background-repeat: no-repeat !important;background-size: contain !important;}&#8221; wpex_bg_position=&#8221;0% 0%&#8221; el_class=&#8221;mtm60&#8243;][vc_row_inner][vc_column_inner width=&#8221;1\/4&#8243;][vc_column_text font_size=&#8221;15px&#8221; text_transform=&#8221;uppercase&#8221; color=&#8221;#f9b233&#8243; letter_spacing=&#8221;wide&#8221; font_weight=&#8221;700&#8243;]Un coin de nature entre sable et mer[\/vc_column_text][vc_column_text css=&#8221;.vc_custom_1707218561254{padding-top: 15px !important;}&#8221; color=&#8221;#4499b8&#8243;]\n<h2>D\u00e9di\u00e9 aux familles<\/h2>\n[\/vc_column_text][vc_column_text font_size=&#8221;15px&#8221; text_transform=&#8221;uppercase&#8221; color=&#8221;#f9b233&#8243; letter_spacing=&#8221;wide&#8221; font_weight=&#8221;700&#8243;]\n<hr class=\"blu\" \/>\n[\/vc_column_text][\/vc_column_inner][vc_column_inner width=&#8221;3\/4&#8243;][vc_column_text el_class=&#8221;mtd40 mtm30&#8243;]Le camping village Le Calanchiole, sur l&#8217;\u00eele d&#8217;Elbe, est la destination id\u00e9ale pour les familles et les enfants de tous \u00e2ges. Choisir de passer ses vacances au Calanchiole, c&#8217;est opter pour un lieu qui garantit \u00e0 chaque membre de la famille &#8211; parents, grands-parents, enfants et adolescents &#8211; la possibilit\u00e9 de vivre des moments uniques et inoubliables, en respectant leurs diff\u00e9rents besoins et attentes en mati\u00e8re de vacances.[\/vc_column_text][vc_column_text el_class=&#8221;mtd40 mtm30&#8243;]Ici, chaque jour devient une occasion de d\u00e9couvrir ensemble les charmes de l&#8217;\u00eele d&#8217;Elbe, gr\u00e2ce \u00e0 une offre qui satisfait les d\u00e9sirs de chacun : de la d\u00e9tente sur les plages douces \u00e0 quelques pas de l&#8217;h\u00e9bergement, aux aventures dans la nature environnante, en passant par des activit\u00e9s d&#8217;animation con\u00e7ues pour divertir et faire participer tout le monde, petits et grands.[\/vc_column_text][vc_column_text css=&#8221;.vc_custom_1707218705900{padding-top: 15px !important;}&#8221; color=&#8221;#4499b8&#8243;]\n<h2><em>Le village familial id\u00e9al pour encadrer des souvenirs inoubliables<\/em><\/h2>\n[\/vc_column_text][\/vc_column_inner][\/vc_row_inner][\/vc_column][\/vc_row][vc_row][vc_column width=&#8221;2\/6&#8243;][vc_single_image image=&#8221;1597&#8243; img_size=&#8221;large&#8221; alignment=&#8221;center&#8221;]<div class=\"vcex-spacing wpex-w-100 wpex-clear\"><\/div>[\/vc_column][vc_column width=&#8221;4\/6&#8243;][vc_row_inner][vc_column_inner width=&#8221;1\/3&#8243;][vc_single_image image=&#8221;1217&#8243; img_size=&#8221;large&#8221; alignment=&#8221;center&#8221;]<div class=\"vcex-spacing wpex-w-100 wpex-clear\"><\/div>[\/vc_column_inner][vc_column_inner width=&#8221;1\/3&#8243;][vc_single_image image=&#8221;1143&#8243; img_size=&#8221;large&#8221; alignment=&#8221;center&#8221;]<div class=\"vcex-spacing wpex-w-100 wpex-clear\"><\/div>[\/vc_column_inner][vc_column_inner width=&#8221;1\/3&#8243;][vc_single_image image=&#8221;1245&#8243; img_size=&#8221;large&#8221; alignment=&#8221;center&#8221;]<div class=\"vcex-spacing wpex-w-100 wpex-clear\"><\/div>[\/vc_column_inner][\/vc_row_inner][vc_row_inner][vc_column_inner width=&#8221;1\/2&#8243;][vc_single_image image=&#8221;1765&#8243; img_size=&#8221;large&#8221; alignment=&#8221;center&#8221;]<div class=\"vcex-spacing wpex-w-100 wpex-clear\"><\/div>[\/vc_column_inner][vc_column_inner width=&#8221;1\/2&#8243;][vc_single_image image=&#8221;1760&#8243; img_size=&#8221;1200&#215;900&#8243; alignment=&#8221;center&#8221;]<div class=\"vcex-spacing wpex-w-100 wpex-clear\"><\/div>[\/vc_column_inner][\/vc_row_inner][\/vc_column][\/vc_row][vc_row content_placement=&#8221;middle&#8221; equal_height=&#8221;yes&#8221; el_class=&#8221;mtd20 mtm60&#8243; css=&#8221;.vc_custom_1707218376910{margin-bottom: 30px !important;}&#8221;][vc_column css_animation=&#8221;fadeInLeft&#8221; width=&#8221;1\/6&#8243; css=&#8221;.vc_custom_1707213292833{background-position: center !important;background-repeat: no-repeat !important;background-size: contain !important;}&#8221; wpex_bg_position=&#8221;0% 0%&#8221; el_class=&#8221;mtm60&#8243;][\/vc_column][vc_column css_animation=&#8221;fadeInRight&#8221; width=&#8221;2\/3&#8243; css=&#8221;.vc_custom_1707214283331{padding-top: 30px !important;padding-right: 30px !important;padding-left: 30px !important;}&#8221;][vc_column_text el_class=&#8221;mtd40 mtm30&#8243;]Le Camping Village Le Calanchiole est un v\u00e9ritable paradis pour les familles \u00e0 la recherche de vacances reposantes et riches en activit\u00e9s et en services. Avec son terrain de football et de volley-ball \u00e0 cinq, les familles peuvent profiter de moments sportifs ensemble, tandis que l&#8217;acc\u00e8s \u00e0 Internet par Wi-Fi permet \u00e0 chacun de rester connect\u00e9. Le village offre \u00e9galement un large \u00e9ventail d&#8217;options culinaires, du restaurant et de la pizzeria au bar et au self-service, sans oublier le march\u00e9 pour tous les besoins quotidiens.[\/vc_column_text]<div class=\"vcex-spacing wpex-w-100 wpex-clear\"><\/div>[vc_single_image image=&#8221;1005&#8243; img_size=&#8221;large&#8221;]<div class=\"vcex-spacing wpex-w-100 wpex-clear\"><\/div>[vc_column_text css=&#8221;.vc_custom_1707218202764{padding-top: 15px !important;}&#8221; color=&#8221;#4499b8&#8243;]\n<h2>Services aux familles au Camping Village le Calanchiole<\/h2>\n[\/vc_column_text][vc_column_text css=&#8221;.vc_custom_1707236152252{padding-top: 15px !important;}&#8221; color=&#8221;#4499b8&#8243;]\n<hr class=\"blu\" \/>\n[\/vc_column_text][vc_column_text el_class=&#8221;mtd40 mtm30&#8243;]Les commodit\u00e9s s&#8217;\u00e9tendent aux services pratiques tels que les installations de <strong>lavage<\/strong> et de <strong>repassage<\/strong>, les <strong>bouchers<\/strong>, les <strong>bureaux de tabac<\/strong>, ainsi qu&#8217;un <strong>cabinet m\u00e9dical avec un m\u00e9decin p\u00e9diatrique<\/strong>, une <strong>caisse frigorifique<\/strong>, garantissant que tous les aspects de la vie quotidienne sont couverts.<\/p>\n<p>Le c\u0153ur de l&#8217;offre pour les familles est l&#8217;<strong>animation<\/strong>, avec des activit\u00e9s allant du <strong>mini-club<\/strong> pour enfants, qui propose des jeux et des activit\u00e9s manuelles, aux <strong>programmes sportifs<\/strong> pour adultes avec des tournois, de la gymnastique, de l&#8217;a\u00e9robic, des danses de groupe et de l&#8217;aquagym en mer. Et ce n&#8217;est pas tout : les soir\u00e9es sont anim\u00e9es par des <strong>spectacles de<\/strong> cabaret, des soir\u00e9es \u00e0 th\u00e8me, des jeux et des danses, le tout avec pour toile de fond la magnifique baie du golfe de Stella.<\/p>\n<p><em><strong>Au Camping Village Le Calanchiole, chaque membre de la famille trouve son espace id\u00e9al pour s&#8217;amuser, se d\u00e9tendre et cr\u00e9er des souvenirs heureux dans un environnement s\u00fbr et accueillant.<\/strong><\/em>[\/vc_column_text][\/vc_column][vc_column width=&#8221;1\/6&#8243;][\/vc_column][\/vc_row][vc_row css_animation=&#8221;fadeInUp&#8221; full_width=&#8221;stretch_row&#8221; content_placement=&#8221;middle&#8221; el_class=&#8221;pbd60 pbm60 mtd80&#8243;][vc_column width=&#8221;1\/6&#8243; el_class=&#8221;icon_box_pag_int mtm30&#8243;]<div class=\"vcex-module vcex-icon-box vcex-icon-box-two wpex-block wpex-text-center\"><div class=\"vcex-icon-box-symbol wpex-mb-20\"><div class=\"vcex-icon-box-icon wpex-inline-flex wpex-items-center wpex-justify-center wpex-child-inherit-color wpex-text-center wpex-leading-none wpex-text-1\" style=\"color:#4499b8;font-size:var(--vcex-icon-md);\"><span aria-hidden=\"true\" class=\"fas fa-utensils\"><\/span><\/div><\/div><div class=\"vcex-icon-box-text\"><h2 class=\"vcex-icon-box-heading wpex-heading wpex-mb-10\" style=\"font-family:NunitoSans;color:#344a53;--wpex-hover-heading-link-color:#344a53;font-size:22px;\">Restauration<\/h2><div class=\"vcex-icon-box-content wpex-last-mb-0 wpex-clr\" style=\"font-family:NunitoSans;color:currentColor;font-size:17px;\"><p>Restaurant, Pizzeria, Bar<\/p>\n<\/div><\/div><\/div>[\/vc_column][vc_column width=&#8221;1\/6&#8243; el_class=&#8221;icon_box_pag_int mtm30&#8243;]<div class=\"vcex-module vcex-icon-box vcex-icon-box-two wpex-block wpex-text-center\"><div class=\"vcex-icon-box-symbol wpex-mb-20\"><div class=\"vcex-icon-box-icon wpex-inline-flex wpex-items-center wpex-justify-center wpex-child-inherit-color wpex-text-center wpex-leading-none wpex-text-1\" style=\"color:#4499b8;font-size:var(--vcex-icon-md);\"><span aria-hidden=\"true\" class=\"fas fa-bed\"><\/span><\/div><\/div><div class=\"vcex-icon-box-text\"><h2 class=\"vcex-icon-box-heading wpex-heading wpex-mb-10\" style=\"font-family:NunitoSans;color:#344a53;--wpex-hover-heading-link-color:#344a53;font-size:22px;\">H\u00e9bergement<\/h2><div class=\"vcex-icon-box-content wpex-last-mb-0 wpex-clr\" style=\"font-family:NunitoSans;color:currentColor;font-size:17px;\"><p>Bungalows, appartements, emplacements.<\/p>\n<\/div><\/div><\/div>[\/vc_column][vc_column width=&#8221;1\/6&#8243; el_class=&#8221;icon_box_pag_int mtm30&#8243;]<div class=\"vcex-module vcex-icon-box vcex-icon-box-two wpex-block wpex-text-center\"><div class=\"vcex-icon-box-symbol wpex-mb-20\"><div class=\"vcex-icon-box-icon wpex-inline-flex wpex-items-center wpex-justify-center wpex-child-inherit-color wpex-text-center wpex-leading-none wpex-text-1\" style=\"color:#4499b8;font-size:var(--vcex-icon-md);\"><span aria-hidden=\"true\" class=\"fas fa-anchor\"><\/span><\/div><\/div><div class=\"vcex-icon-box-text\"><h2 class=\"vcex-icon-box-heading wpex-heading wpex-mb-10\" style=\"font-family:NunitoSans;color:#344a53;--wpex-hover-heading-link-color:#344a53;font-size:22px;\">Quai<\/h2><div class=\"vcex-icon-box-content wpex-last-mb-0 wpex-clr\" style=\"font-family:NunitoSans;color:currentColor;font-size:17px;\"><p>Pour bateaux et d\u00e9riveurs<\/p>\n<\/div><\/div><\/div>[\/vc_column][vc_column width=&#8221;1\/6&#8243; el_class=&#8221;icon_box_pag_int mtm30&#8243;]<div class=\"vcex-module vcex-icon-box vcex-icon-box-two wpex-block wpex-text-center\"><div class=\"vcex-icon-box-symbol wpex-mb-20\"><div class=\"vcex-icon-box-icon wpex-inline-flex wpex-items-center wpex-justify-center wpex-child-inherit-color wpex-text-center wpex-leading-none wpex-text-1\" style=\"color:#4499b8;font-size:var(--vcex-icon-md);\"><span aria-hidden=\"true\" class=\"fas fa-volleyball-ball\"><\/span><\/div><\/div><div class=\"vcex-icon-box-text\"><h2 class=\"vcex-icon-box-heading wpex-heading wpex-mb-10\" style=\"font-family:NunitoSans;color:#344a53;--wpex-hover-heading-link-color:#344a53;font-size:22px;\">Terrains de sport<\/h2><div class=\"vcex-icon-box-content wpex-last-mb-0 wpex-clr\" style=\"font-family:NunitoSans;color:currentColor;font-size:17px;\"><p>Football et volley-ball<\/p>\n<\/div><\/div><\/div>[\/vc_column][vc_column width=&#8221;1\/6&#8243;]<div class=\"vcex-module vcex-icon-box vcex-icon-box-two wpex-block wpex-text-center\"><div class=\"vcex-icon-box-symbol wpex-mb-20\"><div class=\"vcex-icon-box-icon wpex-inline-flex wpex-items-center wpex-justify-center wpex-child-inherit-color wpex-text-center wpex-leading-none wpex-text-1\" style=\"color:#4499b8;font-size:var(--vcex-icon-md);\"><span aria-hidden=\"true\" class=\"fas fa-guitar\"><\/span><\/div><\/div><div class=\"vcex-icon-box-text\"><h2 class=\"vcex-icon-box-heading wpex-heading wpex-mb-10\" style=\"font-family:NunitoSans;color:#344a53;--wpex-hover-heading-link-color:#344a53;font-size:22px;\">Animation<\/h2><div class=\"vcex-icon-box-content wpex-last-mb-0 wpex-clr\" style=\"font-family:NunitoSans;color:currentColor;font-size:17px;\"><p>Pour les enfants et les adultes<\/p>\n<\/div><\/div><\/div>[\/vc_column][vc_column width=&#8221;1\/6&#8243;]<div class=\"vcex-module vcex-icon-box vcex-icon-box-two wpex-block wpex-text-center\"><div class=\"vcex-icon-box-symbol wpex-mb-20\"><div class=\"vcex-icon-box-icon wpex-inline-flex wpex-items-center wpex-justify-center wpex-child-inherit-color wpex-text-center wpex-leading-none wpex-text-1\" style=\"color:#4499b8;font-size:var(--vcex-icon-md);\"><span aria-hidden=\"true\" class=\"fas fa-ship\"><\/span><\/div><\/div><div class=\"vcex-icon-box-text\"><h2 class=\"vcex-icon-box-heading wpex-heading wpex-mb-10\" style=\"font-family:NunitoSans;color:#344a53;--wpex-hover-heading-link-color:#344a53;font-size:22px;\">Centre de plong\u00e9e<\/h2><div class=\"vcex-icon-box-content wpex-last-mb-0 wpex-clr\" style=\"font-family:NunitoSans;color:currentColor;font-size:17px;\"><p>Excursions en bateau<\/p>\n<\/div><\/div><\/div>[\/vc_column][\/vc_row][vc_row gap=&#8221;35&#8243; rtl_reverse=&#8221;yes&#8221;][vc_column css_animation=&#8221;fadeInLeft&#8221; parallax=&#8221;content-moving&#8221; parallax_image=&#8221;3255&#8243; width=&#8221;1\/2&#8243; css=&#8221;.vc_custom_1708355408141{padding-top: 100px !important;padding-bottom: 100px !important;background-image: url(https:\/\/www.lecalanchiole.it\/wp-content\/uploads\/2024\/02\/Camping-Village-Isola-d-Elba.jpg?id=1587) !important;}&#8221;][vc_column_text el_class=&#8221;mtd40 mtm30&#8243; color=&#8221;#ffffff&#8221; font_weight=&#8221;bold&#8221;]\n<div class=\"one_half\">\n<h2 style=\"text-align: center;\">D\u00e9tente et Divertissement<br \/>\npour toute la famille<\/h2>\n<\/div>\n[\/vc_column_text][vc_column_text el_class=&#8221;mtd40 mtm30&#8243; color=&#8221;#ffffff&#8221; font_weight=&#8221;bold&#8221;]\n<div class=\"one_half\">\n<h4 style=\"text-align: center;\">Demande de devis<\/h4>\n<\/div>\n[\/vc_column_text][\/vc_column][vc_column css_animation=&#8221;fadeInRight&#8221; width=&#8221;1\/2&#8243;][vc_column_text el_class=&#8221;nd_options_text_align_center_responsive_important&#8221;]Notre village offre d&#8217;innombrables possibilit\u00e9s de passer des journ\u00e9es amusantes en plein air pour les enfants et les jeunes de tous \u00e2ges. Des <strong>plages<\/strong> magnifiques et des eaux<strong> cristallines<\/strong> o\u00f9 petits et grands peuvent s&#8217;adonner \u00e0 des jeux d&#8217;eau et se d\u00e9tendre au soleil.<br \/>\nPour ceux qui sont en qu\u00eate d&#8217;aventure, l&#8217;\u00eele offre des exp\u00e9riences uniques : des <strong>randonn\u00e9es sur des sentiers naturels<\/strong> qui offrent des vues \u00e0 couper le souffle, des journ\u00e9es de <strong>plong\u00e9e avec masque et tuba<\/strong> et des <strong>excursions en mer<\/strong> pour explorer les fonds marins riches en vie.[\/vc_column_text][vc_column_text el_class=&#8221;nd_options_text_align_center_responsive_important&#8221;]Le Calanchiole Camping Village devient ainsi le point de d\u00e9part id\u00e9al pour d\u00e9couvrir toutes les merveilles que l&#8217;\u00eele d&#8217;Elbe a \u00e0 offrir, garantissant des vacances inoubliables o\u00f9 chaque jour est une aventure \u00e0 vivre ensemble.[\/vc_column_text][\/vc_column][\/vc_row][vc_row full_width=&#8221;stretch_row_content_no_spaces&#8221; content_placement=&#8221;middle&#8221; css=&#8221;.vc_custom_1706781036946{background-position: center !important;background-repeat: no-repeat !important;background-size: cover !important;}&#8221; wpex_bg_overlay_blend=&#8221;lighten&#8221;][vc_column]<style> style=\"height:60px;\"<\/style><div class=\"vcex-spacing wpex-w-100 wpex-clear\" style=\"height:60px;\"><\/div><style class=\"vcex-carousel-preload-css\">.vcex_69fea4e138b55{--wpex-carousel-gap:0px;}.vcex_69fea4e138b55{--wpex-carousel-columns:1;}.vcex_69fea4e138b55.wpex-carousel:not(.owl-loaded) > *:not(:nth-child(1n+2)) {display: flex !important;}@media only screen and (min-width: 480px) {.vcex_69fea4e138b55{--wpex-carousel-columns:2;}.vcex_69fea4e138b55.wpex-carousel:not(.owl-loaded) > *:not(:nth-child(1n+3)) {display: flex !important;}}@media only screen and (min-width: 768px) {.vcex_69fea4e138b55{--wpex-carousel-columns:3;}.vcex_69fea4e138b55.wpex-carousel:not(.owl-loaded) > *:not(:nth-child(1n+4)) {display: flex !important;}}@media only screen and (min-width: 960px) {.vcex_69fea4e138b55{--wpex-carousel-columns:4;}.vcex_69fea4e138b55.wpex-carousel:not(.owl-loaded) > *:not(:nth-child(1n+5)) {display: flex !important;}}<\/style><div class=\"vcex-module wpex-carousel wpex-carousel-images wpex-clr owl-carousel wpex-carousel--render-onload vcex_69fea4e138b55 arrwstyle-min arrwpos-right\" data-wpex-carousel=\"{&quot;autoplay&quot;:&quot;true&quot;,&quot;margin&quot;:0,&quot;responsive&quot;:{&quot;0&quot;:{&quot;items&quot;:&quot;1&quot;},&quot;480&quot;:{&quot;items&quot;:&quot;2&quot;},&quot;768&quot;:{&quot;items&quot;:&quot;3&quot;},&quot;960&quot;:{&quot;items&quot;:&quot;4&quot;}}}\"><div class=\"wpex-carousel-slide\"><figure class=\"wpex-carousel-entry-media entry-media\"><img width=\"1200\" height=\"800\" src=\"https:\/\/www.lecalanchiole.it\/wp-content\/uploads\/2024\/02\/bungalow-vista-mare-elba.jpg\" class=\"wpex-align-middle skip-lazy\" alt=\"Camping Village Isola d&#039;Elba\" data-no-lazy=\"1\" srcset=\"https:\/\/www.lecalanchiole.it\/wp-content\/uploads\/2024\/02\/bungalow-vista-mare-elba.jpg 1200w, https:\/\/www.lecalanchiole.it\/wp-content\/uploads\/2024\/02\/bungalow-vista-mare-elba-300x200.jpg 300w, https:\/\/www.lecalanchiole.it\/wp-content\/uploads\/2024\/02\/bungalow-vista-mare-elba-1024x683.jpg 1024w, https:\/\/www.lecalanchiole.it\/wp-content\/uploads\/2024\/02\/bungalow-vista-mare-elba-768x512.jpg 768w\" sizes=\"(max-width: 1200px) 100vw, 1200px\" \/><\/figure><\/div><div class=\"wpex-carousel-slide\"><figure class=\"wpex-carousel-entry-media entry-media\"><img width=\"1200\" height=\"800\" src=\"https:\/\/www.lecalanchiole.it\/wp-content\/uploads\/2024\/02\/Mare-Isola-dElba2.jpg\" class=\"wpex-align-middle skip-lazy\" alt=\"offerte mare isola d&#039;elba - Le calanchiole\" data-no-lazy=\"1\" srcset=\"https:\/\/www.lecalanchiole.it\/wp-content\/uploads\/2024\/02\/Mare-Isola-dElba2.jpg 1200w, https:\/\/www.lecalanchiole.it\/wp-content\/uploads\/2024\/02\/Mare-Isola-dElba2-300x200.jpg 300w, https:\/\/www.lecalanchiole.it\/wp-content\/uploads\/2024\/02\/Mare-Isola-dElba2-1024x683.jpg 1024w, https:\/\/www.lecalanchiole.it\/wp-content\/uploads\/2024\/02\/Mare-Isola-dElba2-768x512.jpg 768w\" sizes=\"(max-width: 1200px) 100vw, 1200px\" \/><\/figure><\/div><div class=\"wpex-carousel-slide\"><figure class=\"wpex-carousel-entry-media entry-media\"><img width=\"1200\" height=\"800\" src=\"https:\/\/www.lecalanchiole.it\/wp-content\/uploads\/2024\/02\/isola-d-elba.jpg\" class=\"wpex-align-middle skip-lazy\" alt=\"Offerte Villaggio Isola d&#039;Elba Mare Toscana - Le Calanchiole\" data-no-lazy=\"1\" srcset=\"https:\/\/www.lecalanchiole.it\/wp-content\/uploads\/2024\/02\/isola-d-elba.jpg 1200w, https:\/\/www.lecalanchiole.it\/wp-content\/uploads\/2024\/02\/isola-d-elba-300x200.jpg 300w, https:\/\/www.lecalanchiole.it\/wp-content\/uploads\/2024\/02\/isola-d-elba-1024x683.jpg 1024w, https:\/\/www.lecalanchiole.it\/wp-content\/uploads\/2024\/02\/isola-d-elba-768x512.jpg 768w\" sizes=\"(max-width: 1200px) 100vw, 1200px\" \/><\/figure><\/div><div class=\"wpex-carousel-slide\"><figure class=\"wpex-carousel-entry-media entry-media\"><img width=\"1200\" height=\"800\" src=\"https:\/\/www.lecalanchiole.it\/wp-content\/uploads\/2024\/01\/Villaggio-famiglie-con-bambini.jpg\" class=\"wpex-align-middle skip-lazy\" alt=\"Offerte Isola d&#039;Elba Toscana Mare - Camping Village Le Calanchiole\" data-no-lazy=\"1\" srcset=\"https:\/\/www.lecalanchiole.it\/wp-content\/uploads\/2024\/01\/Villaggio-famiglie-con-bambini.jpg 1200w, https:\/\/www.lecalanchiole.it\/wp-content\/uploads\/2024\/01\/Villaggio-famiglie-con-bambini-300x200.jpg 300w, https:\/\/www.lecalanchiole.it\/wp-content\/uploads\/2024\/01\/Villaggio-famiglie-con-bambini-1024x683.jpg 1024w, https:\/\/www.lecalanchiole.it\/wp-content\/uploads\/2024\/01\/Villaggio-famiglie-con-bambini-768x512.jpg 768w\" sizes=\"(max-width: 1200px) 100vw, 1200px\" \/><\/figure><\/div><div class=\"wpex-carousel-slide\"><figure class=\"wpex-carousel-entry-media entry-media\"><img width=\"1200\" height=\"800\" src=\"https:\/\/www.lecalanchiole.it\/wp-content\/uploads\/2024\/02\/isola-d-elba2.jpg\" class=\"wpex-align-middle skip-lazy\" alt=\"\" data-no-lazy=\"1\" srcset=\"https:\/\/www.lecalanchiole.it\/wp-content\/uploads\/2024\/02\/isola-d-elba2.jpg 1200w, https:\/\/www.lecalanchiole.it\/wp-content\/uploads\/2024\/02\/isola-d-elba2-300x200.jpg 300w, https:\/\/www.lecalanchiole.it\/wp-content\/uploads\/2024\/02\/isola-d-elba2-1024x683.jpg 1024w, https:\/\/www.lecalanchiole.it\/wp-content\/uploads\/2024\/02\/isola-d-elba2-768x512.jpg 768w\" sizes=\"(max-width: 1200px) 100vw, 1200px\" \/><\/figure><\/div><div class=\"wpex-carousel-slide\"><figure class=\"wpex-carousel-entry-media entry-media\"><img width=\"1200\" height=\"800\" src=\"https:\/\/www.lecalanchiole.it\/wp-content\/uploads\/2024\/02\/isola-d-elba3.jpg\" class=\"wpex-align-middle skip-lazy\" alt=\"\" data-no-lazy=\"1\" srcset=\"https:\/\/www.lecalanchiole.it\/wp-content\/uploads\/2024\/02\/isola-d-elba3.jpg 1200w, https:\/\/www.lecalanchiole.it\/wp-content\/uploads\/2024\/02\/isola-d-elba3-300x200.jpg 300w, https:\/\/www.lecalanchiole.it\/wp-content\/uploads\/2024\/02\/isola-d-elba3-1024x683.jpg 1024w, https:\/\/www.lecalanchiole.it\/wp-content\/uploads\/2024\/02\/isola-d-elba3-768x512.jpg 768w\" sizes=\"(max-width: 1200px) 100vw, 1200px\" \/><\/figure><\/div><\/div>[\/vc_column][\/vc_row]\n<\/div>","protected":false},"excerpt":{"rendered":"<p>[vc_row full_width=&#8221;stretch_row&#8221; content_placement=&#8221;middle&#8221; parallax=&#8221;content-moving&#8221; css=&#8221;.vc_custom_1707236057884{background-image: url(https:\/\/www.lecalanchiole.it\/wp-content\/uploads\/2024\/02\/camping-famiglie-elba.jpg?id=1772) !important;background-position: center;background-repeat: no-repeat !important;background-size: cover !important;}&#8221; el_class=&#8221;min_height_pag_int&#8221;][vc_column width=&#8221;1\/4&#8243;][\/vc_column][vc_column width=&#8221;1\/2&#8243;][vc_column_text color=&#8221;#ffffff&#8221; el_class=&#8221;page-header-title&#8221;] Village familial [\/vc_column_text][\/vc_column][vc_column width=&#8221;1\/4&#8243;][\/vc_column][\/vc_row][vc_row content_placement=&#8221;middle&#8221; equal_height=&#8221;yes&#8221; el_class=&#8221;mtd120 mtm60&#8243; css=&#8221;.vc_custom_1706898862220{margin-bottom: 30px !important;}&#8221;][vc_column css_animation=&#8221;fadeInLeft&#8221; css=&#8221;.vc_custom_1707214290367{padding-top: 30px !important;padding-right: 30px !important;padding-left: 30px !important;background-position: center !important;background-repeat: no-repeat !important;background-size: contain !important;}&#8221; wpex_bg_position=&#8221;0% 0%&#8221; el_class=&#8221;mtm60&#8243;][vc_row_inner][vc_column_inner width=&#8221;1\/4&#8243;][vc_column_text font_size=&#8221;15px&#8221; text_transform=&#8221;uppercase&#8221; color=&#8221;#f9b233&#8243; letter_spacing=&#8221;wide&#8221; font_weight=&#8221;700&#8243;]Un coin de nature entre&hellip;<\/p>\n","protected":false},"author":3,"featured_media":0,"parent":0,"menu_order":0,"comment_status":"closed","ping_status":"closed","template":"","meta":{"inline_featured_image":false,"footnotes":""},"class_list":["post-2809","page","type-page","status-publish","hentry","entry","no-media"],"_links":{"self":[{"href":"https:\/\/www.lecalanchiole.it\/fr\/wp-json\/wp\/v2\/pages\/2809","targetHints":{"allow":["GET"]}}],"collection":[{"href":"https:\/\/www.lecalanchiole.it\/fr\/wp-json\/wp\/v2\/pages"}],"about":[{"href":"https:\/\/www.lecalanchiole.it\/fr\/wp-json\/wp\/v2\/types\/page"}],"author":[{"embeddable":true,"href":"https:\/\/www.lecalanchiole.it\/fr\/wp-json\/wp\/v2\/users\/3"}],"replies":[{"embeddable":true,"href":"https:\/\/www.lecalanchiole.it\/fr\/wp-json\/wp\/v2\/comments?post=2809"}],"version-history":[{"count":4,"href":"https:\/\/www.lecalanchiole.it\/fr\/wp-json\/wp\/v2\/pages\/2809\/revisions"}],"predecessor-version":[{"id":4867,"href":"https:\/\/www.lecalanchiole.it\/fr\/wp-json\/wp\/v2\/pages\/2809\/revisions\/4867"}],"wp:attachment":[{"href":"https:\/\/www.lecalanchiole.it\/fr\/wp-json\/wp\/v2\/media?parent=2809"}],"curies":[{"name":"wp","href":"https:\/\/api.w.org\/{rel}","templated":true}]}}