{"id":4267,"date":"2024-03-13T13:24:25","date_gmt":"2024-03-13T12:24:25","guid":{"rendered":"https:\/\/www.lecalanchiole.it\/newsletter\/"},"modified":"2024-12-05T12:15:22","modified_gmt":"2024-12-05T11:15:22","slug":"newsletter","status":"publish","type":"page","link":"https:\/\/www.lecalanchiole.it\/fr\/newsletter\/","title":{"rendered":"Newsletter"},"content":{"rendered":"<div class=\"wpb-content-wrapper\">[vc_row full_width=&#8221;stretch_row&#8221; content_placement=&#8221;middle&#8221; css=&#8221;.vc_custom_1709978066615{background-image: url(https:\/\/www.lecalanchiole.it\/wp-content\/uploads\/2024\/03\/villaggio-capoliveri-elba.jpg?id=2526) !important;background-position: center !important;background-repeat: no-repeat !important;background-size: cover !important;}&#8221; el_class=&#8221;min_height_pag_int&#8221;][vc_column width=&#8221;1\/4&#8243;][\/vc_column][vc_column width=&#8221;1\/2&#8243;][vc_column_text color=&#8221;#ffffff&#8221; el_class=&#8221;page-header-title&#8221;]\n<h1 style=\"text-align: center;\">Newsletter<\/h1>\n[\/vc_column_text][\/vc_column][vc_column width=&#8221;1\/4&#8243;][\/vc_column][\/vc_row][vc_row equal_height=&#8221;yes&#8221; el_class=&#8221;mtd120 mtm60&#8243;][vc_column width=&#8221;1\/4&#8243; css=&#8221;.vc_custom_1732898608595{padding-top: 30px !important;padding-right: 30px !important;padding-bottom: 30px !important;padding-left: 30px !important;background-color: #f1f9f8 !important;}&#8221;][vc_custom_heading text=&#8221;Amis de Calanchiole&#8221; font_container=&#8221;tag:h2|text_align:left|color:%23f9b233&#8243; use_theme_fonts=&#8221;yes&#8221;][vc_column_text el_class=&#8221;mtd40 mtm30&#8243;]\n<ul>\n<li>5% de r\u00e9duction r\u00e9serv\u00e9e aux membres<\/li>\n<li>Garantie du meilleur tarif<\/li>\n<li>Meilleure politique d&#8217;annulation<\/li>\n<li>Offres exclusives<\/li>\n<\/ul>\n[\/vc_column_text]<style> style=\"height:20px;\"<\/style><div class=\"vcex-spacing wpex-w-100 wpex-clear\" style=\"height:20px;\"><\/div>[\/vc_column][vc_column width=&#8221;3\/4&#8243;][vc_column_text css=&#8221;.vc_custom_1732898371637{padding-top: 15px !important;}&#8221; color=&#8221;#4499b8&#8243; text_transform=&#8221;uppercase&#8221;]\n<h2>Inscrivez-vous !<\/h2>\n[\/vc_column_text][vc_column_text el_class=&#8221;mtd40 mtm30&#8243;]En vous inscrivant au <strong>circuit exclusif des Amis de Calanchiole<\/strong>, vous aurez acc\u00e8s \u00e0 un certain nombre d&#8217;avantages uniques.<\/p>\n<p><em>Votre vie priv\u00e9e et votre confort sont notre priorit\u00e9. Si vous d\u00e9cidez de ne plus recevoir nos communications, vous pouvez vous d\u00e9sinscrire d&#8217;un simple clic.<\/em>[\/vc_column_text][vc_raw_html]JTNDZGl2JTIwaWQlM0QlMjJtYy1zdWJzY3JpYmUlMjIlM0UlM0MlMkZkaXYlM0UlMEElM0NzY3JpcHQlM0UlMEElMjhmdW5jdGlvbiUyOGRvYyUyQyUyMHRhZyUyQyUyMGlkJTI5JTdCJTBBJTIwJTIwJTIwdmFyJTIwanMlMjAlM0QlMjBkb2MuZ2V0RWxlbWVudHNCeVRhZ05hbWUlMjh0YWclMjklNUIwJTVEJTNCJTBBJTIwJTIwJTIwaWYlMjAlMjhkb2MuZ2V0RWxlbWVudEJ5SWQlMjhpZCUyOSUyOSUyMCU3QnJldHVybiUzQiU3RCUwQSUyMCUyMCUyMGpzJTIwJTNEJTIwZG9jLmNyZWF0ZUVsZW1lbnQlMjh0YWclMjklM0IlMjBqcy5pZCUyMCUzRCUyMGlkJTNCJTBBJTIwJTIwJTIwanMuc3JjJTIwJTNEJTIwJTIyaHR0cHMlM0ElMkYlMkZ1c2VyLm1haWxjb20uaXQlMkZhcGklMkZ3aWRnZXQlMkZzdWJzY3JpYmUtNS5qcyUyMiUzQiUwQSUyMCUyMCUyMGpzLnR5cGUlMjAlM0QlMjAlMjJ0ZXh0JTJGamF2YXNjcmlwdCUyMiUzQiUwQSUyMCUyMCUyMGRvYy5ib2R5LmFwcGVuZENoaWxkJTI4anMlMjklM0IlMEElN0QlMjhkb2N1bWVudCUyQyUyMCUyN3NjcmlwdCUyNyUyQyUyMCUyN21jLXN1YnNjcmliZS1mb3JtJTI3JTI5JTI5JTNCJTBBd2luZG93Lm9ubG9hZCUyMCUzRCUyMGZ1bmN0aW9uJTI4JTI5JTIwJTdCJTBBJTIwJTIwTWNTdWJzY3JpYmVGb3JtV2lkZ2V0LnNldE9wdGlvbnMlMjglN0IlMEElMjAlMjAlMjAlMjBhcGlLZXklM0ElMjAlMjc5ZDFmY2JmZDQ5NTQ1ZThhYmU2NTAxNzYyZDc5NjlmMzdlNGU5M2M4JTI3JTJDJTIwJTJGJTJBJTIwJTI4c3RyaW5nJTI5JTIwYXBpJTIwa2V5JTIwJTJBJTJGJTBBJTIwJTIwJTIwJTIwdGFyZ2V0SWQlM0ElMjAlMjdtYy1zdWJzY3JpYmUlMjclMkMlMjAlMkYlMkElMjAlMjhzdHJpbmclMjklMjBpZCUyMGNvbnRhaW5lciUyMCUyQSUyRiUwQSUyMCUyMCUyMCUyMGxhbmd1YWdlJTNBJTIwJTI3ZnIlMjclMkMlMjAlMkYlMkElMjAlMjhzdHJpbmclMjklMjBpdCUyQyUyMGVzJTJDJTIwZW4lMkMlMjBkZSUyQyUyMGZyJTJDJTIwbmwlMjAlMkElMkYlMEElMjAlMjAlMjAlMjBsaXN0cyUzQSUyMCUyN01DTFNULTE3ODQlMjclMkMlMjAlMkYlMkElMjAlMjhzdHJpbmclMjklMjBmYWxzZSUyQyUyMGFsbCUyMG9yJTIwbGlzdHNfaWQlMjBjb21tYSUyMHNlcGFyYXRlZCUyMCUyQSUyRiUwQSUyMCUyMCUyMCUyMGxpc3RzX2Nob2ljZSUzQSUyMCUyN2ZhbHNlJTI3JTJDJTIwJTJGJTJBJTIwJTI4c3RyaW5nJTI5JTIwZmFsc2UlMjBvciUyMHRydWUlMjAlMkElMkYlMEElMjAlMjAlMjAlMjBhdHRyJTNBJTIwJTI3ZmFsc2UlMjclMkMlMjAlMkYlMkElMjAlMjhzdHJpbmclMjklMjBmYWxzZSUyQyUyMGFsbCUyMG9yJTIwYXR0cl9pZCUyMGNvbW1hJTIwc2VwYXJhdGVkJTIwJTJBJTJGJTBBJTIwJTIwJTIwJTIwY0V4aXN0JTNBJTIwJTI3MSUyNyUyQyUwQSUyMCUyMCUyMCUyMGNPdGhlckxpc3QlM0ElMjAlMjcxJTI3JTJDJTBBJTIwJTIwJTIwJTIwdHJpZ2dlcklkJTNBJTIwJTI3ZmFsc2UlMjclMkMlMjAlMkYlMkElMjAlMjhzdHJpbmclMjklMjBmYWxzZSUyQyUyMHRyaWdnZXJfaWQlMjBjb21tYSUyMHNlcGFyYXRlZCUyMCUyQSUyRiUwQSUyMCUyMCUyMCUyMHRoZW1lJTNBJTIwJTdCJTBBJTA5JTA5JTA5YmFja2dyb3VuZCUzQSUyMCUyN3RyYW5zcGFyZW50JTI3JTJDJTIwJTJGJTJBJTIwZm9ybSUyMGJhY2tncm91bmQlMjBjb2xvciUyMCUyQSUyRiUwQSUwOSUwOSUwOWZvbnQlM0ElMjAlMjdBcmlhbCUyQyUyMHNhbnMtc2VyaWYlMjclMkMlMjAlMkYlMkElMjBmb250JTIwZmFtaWx5JTIwJTJBJTJGJTBBJTIwJTIwJTIwJTIwJTIwJTIwYWxpZ24lM0ElMjAlMjdsZWZ0JTI3JTJDJTIwJTJGJTJBJTIwYWxpZ24lMjAlMkElMkYlMEElMDklMDklMDl0eHRfY29sb3IlM0ElMjAlMjclMjNGRkZGRkYlMjclMkMlMjAlMkYlMkElMjBsYWJlbCUyMHRleHQlMjBjb2xvciUyMCUyQSUyRiUwQSUwOSUwOSUwOXR4dF9zaXplJTNBJTIwJTI3MTZweCUyNyUyQyUyMCUyRiUyQSUyMGxhYmVsJTIwdGV4dCUyMHNpemUlMjAlMkElMkYlMEElMjAlMjAlMjAlMjAlMjAlMjBmb3JtX2JhY2tncm91bmQlM0ElMjAlMjd3aGl0ZSUyNyUyQyUyMCUyRiUyQSUyMGlucHV0JTIwYmFja2dyb3VuZCUyMGNvbG9yJTIwJTJBJTJGJTBBJTA5JTA5JTA5Zm9ybV90eHRfY29sb3IlM0ElMjAlMjdibGFjayUyNyUyQyUyMCUyRiUyQSUyMGlucHV0JTIwdGV4dCUyMGNvbG9yJTIwJTJBJTJGJTBBJTA5JTA5JTA5YnRuX2JhY2tncm91bmQlM0ElMjAlMjclMjMyOGE3NDUlMjclMkMlMjAlMkYlMkElMjBidXR0b24lMjBiYWNrZ3JvdW5kJTIwY29sb3IlMjAlMkElMkYlMEElMDklMDklMDlidG5fY29sb3IlM0ElMjAlMjclMjNGRkZGRkYlMjclMkMlMjAlMkYlMkElMjBidXR0b24lMjB0ZXh0JTIwY29sb3IlMjAlMkElMkYlMEElMDklMDklMDlidG5fc2l6ZSUzQSUyMCUyNzE4cHglMjclMjAlMkYlMkElMjBidXR0b24lMjB0ZXh0JTIwc2l6ZSUyMCUyQSUyRiUwQSUwOSUwOSU3RCUyQyUwQSUwQSUwQSUyMCUyMCU3RCUyOSUzQiUwQSUyMCUyME1jU3Vic2NyaWJlRm9ybVdpZGdldC5yZW5kZXIlMjglMjklM0IlMEElN0QlMEElM0MlMkZzY3JpcHQlM0U=[\/vc_raw_html][\/vc_column][\/vc_row]\n<\/div>","protected":false},"excerpt":{"rendered":"<p>[vc_row full_width=&#8221;stretch_row&#8221; content_placement=&#8221;middle&#8221; css=&#8221;.vc_custom_1709978066615{background-image: url(https:\/\/www.lecalanchiole.it\/wp-content\/uploads\/2024\/03\/villaggio-capoliveri-elba.jpg?id=2526) !important;background-position: center !important;background-repeat: no-repeat !important;background-size: cover !important;}&#8221; el_class=&#8221;min_height_pag_int&#8221;][vc_column width=&#8221;1\/4&#8243;][\/vc_column][vc_column width=&#8221;1\/2&#8243;][vc_column_text color=&#8221;#ffffff&#8221; el_class=&#8221;page-header-title&#8221;] Newsletter [\/vc_column_text][\/vc_column][vc_column width=&#8221;1\/4&#8243;][\/vc_column][\/vc_row][vc_row equal_height=&#8221;yes&#8221; el_class=&#8221;mtd120 mtm60&#8243;][vc_column width=&#8221;1\/4&#8243; css=&#8221;.vc_custom_1732898608595{padding-top: 30px !important;padding-right: 30px !important;padding-bottom: 30px !important;padding-left: 30px !important;background-color: #f1f9f8 !important;}&#8221;][vc_custom_heading text=&#8221;Amis de Calanchiole&#8221; font_container=&#8221;tag:h2|text_align:left|color:%23f9b233&#8243; use_theme_fonts=&#8221;yes&#8221;][vc_column_text el_class=&#8221;mtd40 mtm30&#8243;] 5% de r\u00e9duction r\u00e9serv\u00e9e aux membres Garantie du meilleur tarif Meilleure politique d&#8217;annulation&hellip;<\/p>\n","protected":false},"author":3,"featured_media":0,"parent":0,"menu_order":0,"comment_status":"closed","ping_status":"closed","template":"","meta":{"inline_featured_image":false,"footnotes":""},"class_list":["post-4267","page","type-page","status-publish","hentry","entry","no-media"],"_links":{"self":[{"href":"https:\/\/www.lecalanchiole.it\/fr\/wp-json\/wp\/v2\/pages\/4267","targetHints":{"allow":["GET"]}}],"collection":[{"href":"https:\/\/www.lecalanchiole.it\/fr\/wp-json\/wp\/v2\/pages"}],"about":[{"href":"https:\/\/www.lecalanchiole.it\/fr\/wp-json\/wp\/v2\/types\/page"}],"author":[{"embeddable":true,"href":"https:\/\/www.lecalanchiole.it\/fr\/wp-json\/wp\/v2\/users\/3"}],"replies":[{"embeddable":true,"href":"https:\/\/www.lecalanchiole.it\/fr\/wp-json\/wp\/v2\/comments?post=4267"}],"version-history":[{"count":5,"href":"https:\/\/www.lecalanchiole.it\/fr\/wp-json\/wp\/v2\/pages\/4267\/revisions"}],"predecessor-version":[{"id":4282,"href":"https:\/\/www.lecalanchiole.it\/fr\/wp-json\/wp\/v2\/pages\/4267\/revisions\/4282"}],"wp:attachment":[{"href":"https:\/\/www.lecalanchiole.it\/fr\/wp-json\/wp\/v2\/media?parent=4267"}],"curies":[{"name":"wp","href":"https:\/\/api.w.org\/{rel}","templated":true}]}}